{"id":1442,"date":"2026-01-20T12:08:23","date_gmt":"2026-01-20T12:08:23","guid":{"rendered":"https:\/\/bonuskongcasino.com\/app-2\/"},"modified":"2026-03-12T12:10:25","modified_gmt":"2026-03-12T12:10:25","slug":"app","status":"publish","type":"page","link":"https:\/\/therooksbet.com\/de\/app\/","title":{"rendered":"App"},"content":{"rendered":"<h1>Rooksbet Mobile Plattform<\/h1>\n<p>Alles, was Sie sich von unserem Casino w\u00fcnschen, finden Sie auch in der Rooksbet App \u2013 alle Titel, Boni, Zahlungsoptionen und Funktionen, die die Plattform ausmachen. Die Wahl des Ger\u00e4ts schlie\u00dft Sie nicht von wichtigen Funktionen aus. W\u00e4hlen Sie das Ger\u00e4t, das f\u00fcr Ihre aktuelle Situation am bequemsten ist. Melden Sie sich bei Ihrem Konto an, und alles wird automatisch synchronisiert: pers\u00f6nliche Daten, Guthaben, Erfolge \u2013 alles ist plattform\u00fcbergreifend abgeglichen. Rooksbet Casino l\u00e4uft reibungslos auf aktuellen Android- und iOS-Ger\u00e4ten ohne Kompatibilit\u00e4tsprobleme.<\/p>\n<div class=\"banner-wrap\" aria-label=\"Banner\"><img src=\"https:\/\/therooksbet.com\/wp-content\/uploads\/2026\/03\/Rooksbet-banner-desktop.webp\" class=\"w-100 d-none d-lg-block img-pc main-banner-img\" alt=\"rooksbet bonus desktop\" fetchpriority=\"high\" decoding=\"async\"><img src=\"https:\/\/therooksbet.com\/wp-content\/uploads\/2026\/03\/Rooksbet-banner-mobile.webp\" class=\"w-100 d-none d-md-block d-lg-none main-banner-img\" alt=\"rooksbet bonus mobile\" fetchpriority=\"high\" decoding=\"async\"><img src=\"https:\/\/therooksbet.com\/wp-content\/uploads\/2026\/03\/Rooksbet-banner-mobile.webp\" class=\"w-100 d-md-none\" alt=\"rooksbet bonus mobile\" fetchpriority=\"high\" decoding=\"async\"><div class=\"banner-description\">\n<div class=\"banner-title\">Willkommensboni<\/div>\n<p class=\"banner-header-title\">1500 \u20ac<\/p>\n<div class=\"banner-header-AdditionalText\">+ 250 Freispiele<\/div>\n<button data-item=\"homepage_banner_link\" class=\"goto m-button m-gradient-border m-button--primary m-button--large banner-button btn-orange\">\n            <div class=\"m-button-content\">\n                <span>Jetzt anmelden<\/span>\n                <span><\/span>\n            <\/div>\n        <\/button>\n<\/div>\n<div class=\"WelcomePack\">\n<p><img loading=\"lazy\" decoding=\"async\" class=\"alignnone size-full wp-image-1852\" src=\"https:\/\/therooksbet.com\/wp-content\/uploads\/2026\/03\/welcome-crown.png\" alt=\"welcome crown\" width=\"25\" height=\"26\" \/><\/p>\n<div class=\"WelcomePack-Info\">W\u00f6chentlicher Cashback von bis zu 25 %<\/div>\n<p><img loading=\"lazy\" decoding=\"async\" class=\"alignnone size-full wp-image-1852\" src=\"https:\/\/therooksbet.com\/wp-content\/uploads\/2026\/03\/welcome-crown.png\" alt=\"welcome crown\" width=\"25\" height=\"26\" \/><\/p>\n<\/div>\n<\/div>\n<h2>Vorteile der Rooksbet App<\/h2>\n<p>Das Spielen von Rooks Bet auf Ihrem Smartphone oder Tablet bietet echten Komfort, da Sie praktisch jederzeit und von \u00fcberall aus einsteigen k\u00f6nnen. Die Funktionen der PC-Version werden vollst\u00e4ndig \u00fcbertragen. Die gesamte Spielesammlung, wie Online-Slots, Tischspiele, Sofortgewinnprodukte und Live-Casino-R\u00e4ume, ist von jedem mobilen Ger\u00e4t aus zug\u00e4nglich.<\/p>\n<p>F\u00fcr den mobilen Zugriff gibt es zwei M\u00f6glichkeiten: Sie k\u00f6nnen entweder \u00fcber die normale Weboberfl\u00e4che Ihres Smartphones surfen oder die spezielle Rooksbet App herunterladen. Beide bieten ein solides Spielerlebnis mit schnellen Ladezeiten, f\u00fcr Mobilger\u00e4te optimierten Funktionen und einem Gameplay ohne st\u00f6rende Ruckler oder Verz\u00f6gerungen.<\/p>\n<p>Der Betrieb eines regulierten Casinos erfordert die strikte Einhaltung der Branchenvorschriften. Die mobile Casino-Version von Rooksbet verwendet Webanwendungs-Firewalls und einen sicheren RSA-2048-Schl\u00fcsselaustausch, um Ihr Konto vor Hackern zu sch\u00fctzen. Regelm\u00e4\u00dfige Tests der mobilen App zeigen, dass die Installation nach wie vor absolut sicher ist und der Code keine versteckten Sicherheitsl\u00fccken aufweist.<\/p>\n<p><div class=\"scrollable-content-wrap my-5\"><div class=\"scrollable-content-inner\"><h2>So spielen Sie Rooks Bet auf iPhone und iPad<\/h2>\n<p>Die Installation der Rooksbet App auf iOS-Ger\u00e4ten ist ganz einfach. Das mobile Casino wird direkt von der Hauptwebsite installiert, was die Sache unkompliziert macht. Das Design und die Navigation bleiben vertraut, wenn Sie die Desktop-Version bereits zuvor verwendet haben, sodass Sie sich nicht erst an ein v\u00f6llig anderes Layout gew\u00f6hnen m\u00fcssen.<\/p>\n<h3>Schritt-f\u00fcr-Schritt Anleitung zur Installation der iOS App<\/h3>\n<p>Um die App auf Ihr iPhone oder iPad zu laden, tippen Sie auf das Symbol \u201eTeilen\u201c am unteren Bildschirmrand. Wenn das Men\u00fc erscheint, w\u00e4hlen Sie \u201eZum Startbildschirm hinzuf\u00fcgen\u201c. Das Marken-Symbol erscheint auf Ihrem Bildschirm und kann nun angetippt werden.<\/p>\n<p>Aber keine Sorge, wenn Sie noch nicht bereit sind, etwas Neues zu installieren, ist das v\u00f6llig in Ordnung. Besuchen Sie einfach die Seite \u00fcber Safari oder Chrome und genie\u00dfen Sie Spiele f\u00fcr unterwegs ohne die Rooks Bet Casino App.<\/p>\n<p><img loading=\"lazy\" decoding=\"async\" class=\"alignnone size-full wp-image-2004\" src=\"https:\/\/therooksbet.com\/wp-content\/uploads\/2026\/03\/Rooksbet-iOS-App.webp\" alt=\"Rooksbet iOS App\" width=\"1248\" height=\"536\" srcset=\"https:\/\/therooksbet.com\/wp-content\/uploads\/2026\/03\/Rooksbet-iOS-App.webp 1248w, https:\/\/therooksbet.com\/wp-content\/uploads\/2026\/03\/Rooksbet-iOS-App-300x129.webp 300w, https:\/\/therooksbet.com\/wp-content\/uploads\/2026\/03\/Rooksbet-iOS-App-1024x440.webp 1024w, https:\/\/therooksbet.com\/wp-content\/uploads\/2026\/03\/Rooksbet-iOS-App-768x330.webp 768w\" sizes=\"auto, (max-width: 1248px) 100vw, 1248px\" \/><\/p>\n<\/div><\/div><div style=\"clear: both\"><\/div><div class=\"d-flex justify-content-center\"><button data-item=\"decouvrez_link\" data-group=\"website_links\" class=\"goto fw-bold rounded-pill btn btn-orange\" aria-label=\"Laden Sie die RooksBet-App herunter\" >Laden Sie die RooksBet-App herunter<\/button><\/div><div class=\"scrollable-content-wrap my-5\"><div class=\"scrollable-content-inner\"><h2>Rooksbet vom PC oder Mac<\/h2>\n<p>Die PC-Version steht weiterhin f\u00fcr alle zur Verf\u00fcgung, die gr\u00f6\u00dfere Bildschirme oder Desktop-Setups bevorzugen. Der Wechsel zwischen den Ger\u00e4ten funktioniert reibungslos, je nach Ihrer Situation und Ihrem Standort zu einem bestimmten Zeitpunkt. Das Wichtigste: Verwenden Sie \u00fcberall dasselbe Rooksbet Casino Konto. Nur dann werden Ihre Daten plattform\u00fcbergreifend korrekt synchronisiert, ohne manuelle \u00dcbertragungen oder Informationsverluste.<\/p>\n<p>Mit modernen Browsern k\u00f6nnen Sie Verkn\u00fcpfungssymbole f\u00fcr h\u00e4ufig besuchte Seiten erstellen, was auch f\u00fcr Rooksbet Casino perfekt funktioniert. Durch das Erstellen einer Desktop-Verkn\u00fcpfung k\u00f6nnen Sie mit einem Klick auf das Casino zugreifen und m\u00fcssen nicht mehr den Browser \u00f6ffnen, in den Lesezeichen suchen oder die URL wiederholt eingeben.<\/p>\n<p><img loading=\"lazy\" decoding=\"async\" class=\"alignnone size-full wp-image-1996\" src=\"https:\/\/therooksbet.com\/wp-content\/uploads\/2026\/03\/Rooksbet-Desktop.webp\" alt=\"Rooksbet Desktop\" width=\"1248\" height=\"536\" srcset=\"https:\/\/therooksbet.com\/wp-content\/uploads\/2026\/03\/Rooksbet-Desktop.webp 1248w, https:\/\/therooksbet.com\/wp-content\/uploads\/2026\/03\/Rooksbet-Desktop-300x129.webp 300w, https:\/\/therooksbet.com\/wp-content\/uploads\/2026\/03\/Rooksbet-Desktop-1024x440.webp 1024w, https:\/\/therooksbet.com\/wp-content\/uploads\/2026\/03\/Rooksbet-Desktop-768x330.webp 768w\" sizes=\"auto, (max-width: 1248px) 100vw, 1248px\" \/><\/p>\n<\/div><\/div><div style=\"clear: both\"><\/div><div class=\"d-flex justify-content-center\"><button data-item=\"decouvrez_link\" data-group=\"website_links\" class=\"goto fw-bold rounded-pill btn btn-orange\" aria-label=\"RooksBet herunterladen\" >RooksBet herunterladen<\/button><\/div><div class=\"scrollable-content-wrap my-5\"><div class=\"scrollable-content-inner\"><h2>Herunterladen und Verwenden der App auf Android<\/h2>\n<p>Besitzer von Android-Smartphones oder -Tablets k\u00f6nnen mit ihren Ger\u00e4ten ganz einfach auf die Plattform zugreifen. W\u00e4hlen Sie einfach den Webbrowser Ihrer Wahl und besuchen Sie die Website. Rooksbet passt sich automatisch an Ihre Bildschirmgr\u00f6\u00dfe und Aufl\u00f6sung an, ohne dass manuelle Anpassungen erforderlich sind. Die Funktionen und Prozesse werden nicht eingeschr\u00e4nkt oder begrenzt. Alles, was auf dem Desktop verf\u00fcgbar ist, funktioniert auch auf Mobilger\u00e4ten.<\/p>\n<p>Es gibt noch eine weitere Option f\u00fcr das Spielen unterwegs: die Rooksbet App f\u00fcr Android. Dabei handelt es sich um eine progressive Webanwendung, die direkt von der Website heruntergeladen werden kann. Der Speicherbedarf ist minimal, da die App auf zwischengespeicherte Daten zur\u00fcckgreift, die die Hauptarbeit \u00fcbernehmen. Sie m\u00fcssen keine Rooksbet-APK-Dateien mehr aus unzuverl\u00e4ssigen Quellen herunterladen. Die Installationsanweisungen f\u00fchren Sie schnell und einfach durch den Einrichtungsprozess.<\/p>\n<table>\n<tbody>\n<tr>\n<td>Schritt<\/td>\n<td>Was Sie tun<\/td>\n<\/tr>\n<tr>\n<td>Klicken Sie auf die Schaltfl\u00e4che \u201eMehr\u201c auf der Rooksbet Casino Website<\/td>\n<td>Sie finden sie in der Adressleiste, sie sieht aus wie drei \u00fcbereinanderliegende vertikale Punkte<\/td>\n<\/tr>\n<tr>\n<td>Suchen Sie die Installationsoption<\/td>\n<td>Scrollen Sie durch die Liste, bis Sie \u201eZum Startbildschirm hinzuf\u00fcgen\u201c finden, und tippen Sie darauf<\/td>\n<\/tr>\n<tr>\n<td>Passen Sie die Einstellungen nach Wunsch an<\/td>\n<td>\u00c4ndern Sie den Namen und das Aussehen des Symbols oder belassen Sie alles bei den Standardeinstellungen.<\/td>\n<\/tr>\n<tr>\n<td>Platzieren Sie das Symbol und melden Sie sich an<\/td>\n<td>Nach Abschluss der Schritte erscheint ein Symbol auf Ihrem Startbildschirm. Ziehen Sie es an die gew\u00fcnschte Stelle und melden Sie sich dann bei Ihrem Konto an.<\/td>\n<\/tr>\n<\/tbody>\n<\/table>\n<p><img loading=\"lazy\" decoding=\"async\" class=\"alignnone size-full wp-image-1988\" src=\"https:\/\/therooksbet.com\/wp-content\/uploads\/2026\/03\/Rooksbet-Android-App.webp\" alt=\"Rooksbet Android App\" width=\"1248\" height=\"536\" srcset=\"https:\/\/therooksbet.com\/wp-content\/uploads\/2026\/03\/Rooksbet-Android-App.webp 1248w, https:\/\/therooksbet.com\/wp-content\/uploads\/2026\/03\/Rooksbet-Android-App-300x129.webp 300w, https:\/\/therooksbet.com\/wp-content\/uploads\/2026\/03\/Rooksbet-Android-App-1024x440.webp 1024w, https:\/\/therooksbet.com\/wp-content\/uploads\/2026\/03\/Rooksbet-Android-App-768x330.webp 768w\" sizes=\"auto, (max-width: 1248px) 100vw, 1248px\" \/><\/p>\n<\/div><\/div><div style=\"clear: both\"><\/div><div class=\"d-flex justify-content-center\"><button data-item=\"decouvrez_link\" data-group=\"website_links\" class=\"goto fw-bold rounded-pill btn btn-orange\" aria-label=\"Laden Sie die RooksBet-App herunter\" >Laden Sie die RooksBet-App herunter<\/button><\/div><div class=\"scrollable-content-wrap my-5\"><div class=\"scrollable-content-inner\"><h2>Sicherheitsfunktionen der App<\/h2>\n<p>Die Wahl des Ger\u00e4ts hat keinen Einfluss auf die Sicherheit, da die Schutzma\u00dfnahmen universell f\u00fcr die Rooks Bet App f\u00fcr iOS, Android und PC gelten:<\/p>\n<ul>\n<li>Die Unterst\u00fctzung f\u00fcr biometrische Authentifizierung erm\u00f6glicht die Anmeldung per Fingerabdruck oder Gesichtserkennung auf kompatiblen Mobilger\u00e4ten und bietet so einen zus\u00e4tzlichen Schutz, der \u00fcber Passw\u00f6rter allein hinausgeht.<\/li>\n<li>Durch Tokenisierung werden sensible Kartendaten durch sichere Token ersetzt, wodurch das Betrugsrisiko bei Transaktionen drastisch minimiert wird.<\/li>\n<li>Die Echtzeit-Aktivit\u00e4ts\u00fcberwachung erkennt sofort verd\u00e4chtige Anmeldungen, ungew\u00f6hnliche Wettmuster oder betr\u00fcgerische Transaktionen, bevor der Schaden eskaliert.<\/li>\n<li>Sichere Software-Updates werden serverseitig f\u00fcr die PWA bereitgestellt, sodass Sie immer \u00fcber die neueste gesch\u00fctzte Version verf\u00fcgen, ohne Zeit mit manuellen Downloads zu verschwenden.<\/li>\n<\/ul>\n<p>Vergessen Sie nicht, den Verifizierungsprozess abzuschlie\u00dfen. Dadurch wird Ihr Rooksbet Casino Konto sicherer und es er\u00f6ffnen sich Ihnen neue M\u00f6glichkeiten.<\/p>\n<h2>FAQ<\/h2>\n<h3>Sind meine Einzahlungen sicher, wenn ich die mobile App verwende?<\/h3>\n<p>Die Rooksbet App verwendet die gleichen Verschl\u00fcsselungsmethoden wie die Desktop-Website. TLS und AES-256 sch\u00fctzen jede Transaktion und gew\u00e4hrleisten ein hohes Ma\u00df an Sicherheit. Ihre Zahlungsinformationen werden vor dem Versand tokenisiert. Mobile Einzahlungen sind genauso sicher wie Desktop-Einzahlungen \u2013 es werden keine Abstriche zugunsten der Bequemlichkeit gemacht.<\/p>\n<h3>Was soll ich tun, wenn die Rooksbet App st\u00e4ndig abst\u00fcrzt?<\/h3>\n<p>Schlie\u00dfen Sie die App und \u00f6ffnen Sie sie erneut. Stellen Sie sicher, dass Sie die neueste Version haben, und starten Sie Ihr Telefon neu. Wenn sie weiterhin abst\u00fcrzt, k\u00f6nnen Sie entweder den Cache in den Einstellungen Ihres Telefons leeren oder die Rooksbet Casino-App l\u00f6schen und neu installieren. Wenn die App weiterhin abst\u00fcrzt, wenden Sie sich bitte \u00fcber den Live-Chat an unser Support-Team und teilen Sie ihm mit, welches Ger\u00e4t Sie haben und wann die Abst\u00fcrze auftreten. Das Team kann feststellen, ob es sich um ein Problem mit Ihrer Einrichtung oder um eine St\u00f6rung handelt.<\/p>\n<h3>Warum sollte ich die Rooks Bet App anstelle der Website verwenden?<\/h3>\n<p>Die App l\u00e4dt schneller, verbraucht durch intelligentes Caching weniger Daten und sendet Push-Benachrichtigungen \u00fcber Boni und Turnier-Updates, damit Sie keine zeitkritischen Angebote verpassen. Sie k\u00f6nnen sie auch mit einem Fingertipp von Ihrem Startbildschirm aus starten. Wenn Sie sie \u00fcber einen l\u00e4ngeren Zeitraum verwenden, bleibt die Leistung fl\u00fcssiger als bei der Verwendung von mobilen Browsern mit vielen ge\u00f6ffneten Tabs.<\/p>\n<\/div><\/div><\/p>\n","protected":false},"excerpt":{"rendered":"<p>Rooksbet Mobile Plattform Alles, was Sie sich von unserem Casino w\u00fcnschen, finden Sie auch in der Rooksbet App \u2013 alle Titel, Boni, Zahlungsoptionen und Funktionen, die die Plattform ausmachen. Die Wahl des Ger\u00e4ts schlie\u00dft Sie nicht von wichtigen Funktionen aus. W\u00e4hlen Sie das Ger\u00e4t, das f\u00fcr Ihre aktuelle Situation am bequemsten ist. Melden Sie sich [&hellip;]<\/p>\n","protected":false},"author":1,"featured_media":0,"parent":0,"menu_order":0,"comment_status":"closed","ping_status":"closed","template":"template-builder.php","meta":{"_acf_changed":false,"inline_featured_image":false,"footnotes":""},"class_list":["post-1442","page","type-page","status-publish","hentry"],"acf":[],"yoast_head":"<!-- This site is optimized with the Yoast SEO plugin v27.3 - https:\/\/yoast.com\/product\/yoast-seo-wordpress\/ -->\n<title>Rooksbet Casino App Download | iOS, Android &amp; Desktop<\/title>\n<meta name=\"description\" content=\"Rooksbet Casino App \u2013 lade die App f\u00fcr iOS, Android und Desktop herunter, um Slots, Tischspiele und Live-Casino \u00fcberall zu spielen. Genie\u00dfe reibungslose Leistung und vollen Kontozugriff mit Rooks Bet.\" \/>\n<meta name=\"robots\" content=\"index, follow, max-snippet:-1, max-image-preview:large, max-video-preview:-1\" \/>\n<link rel=\"canonical\" href=\"https:\/\/therooksbet.com\/de\/app\/\" \/>\n<meta property=\"og:locale\" content=\"de_DE\" \/>\n<meta property=\"og:type\" content=\"article\" \/>\n<meta property=\"og:title\" content=\"Rooksbet Casino App Download | iOS, Android &amp; Desktop\" \/>\n<meta property=\"og:description\" content=\"Rooksbet Casino App \u2013 lade die App f\u00fcr iOS, Android und Desktop herunter, um Slots, Tischspiele und Live-Casino \u00fcberall zu spielen. Genie\u00dfe reibungslose Leistung und vollen Kontozugriff mit Rooks Bet.\" \/>\n<meta property=\"og:url\" content=\"https:\/\/therooksbet.com\/de\/app\/\" \/>\n<meta property=\"og:site_name\" content=\"rooksbet\" \/>\n<meta property=\"article:modified_time\" content=\"2026-03-12T12:10:25+00:00\" \/>\n<meta name=\"twitter:card\" content=\"summary_large_image\" \/>\n<meta name=\"twitter:label1\" content=\"Gesch\u00e4tzte Lesezeit\" \/>\n\t<meta name=\"twitter:data1\" content=\"2\u00a0Minuten\" \/>\n<script type=\"application\/ld+json\" class=\"yoast-schema-graph\">{\"@context\":\"https:\\\/\\\/schema.org\",\"@graph\":[{\"@type\":\"WebPage\",\"@id\":\"https:\\\/\\\/therooksbet.com\\\/de\\\/app\\\/\",\"url\":\"https:\\\/\\\/therooksbet.com\\\/de\\\/app\\\/\",\"name\":\"Rooksbet Casino App Download | iOS, Android & Desktop\",\"isPartOf\":{\"@id\":\"https:\\\/\\\/therooksbet.com\\\/de\\\/#website\"},\"datePublished\":\"2026-01-20T12:08:23+00:00\",\"dateModified\":\"2026-03-12T12:10:25+00:00\",\"description\":\"Rooksbet Casino App \u2013 lade die App f\u00fcr iOS, Android und Desktop herunter, um Slots, Tischspiele und Live-Casino \u00fcberall zu spielen. Genie\u00dfe reibungslose Leistung und vollen Kontozugriff mit Rooks Bet.\",\"breadcrumb\":{\"@id\":\"https:\\\/\\\/therooksbet.com\\\/de\\\/app\\\/#breadcrumb\"},\"inLanguage\":\"de\",\"potentialAction\":[{\"@type\":\"ReadAction\",\"target\":[\"https:\\\/\\\/therooksbet.com\\\/de\\\/app\\\/\"]}]},{\"@type\":\"BreadcrumbList\",\"@id\":\"https:\\\/\\\/therooksbet.com\\\/de\\\/app\\\/#breadcrumb\",\"itemListElement\":[{\"@type\":\"ListItem\",\"position\":1,\"name\":\"Rooksbet\",\"item\":\"https:\\\/\\\/therooksbet.com\\\/de\\\/\"},{\"@type\":\"ListItem\",\"position\":2,\"name\":\"App\"}]},{\"@type\":\"WebSite\",\"@id\":\"https:\\\/\\\/therooksbet.com\\\/de\\\/#website\",\"url\":\"https:\\\/\\\/therooksbet.com\\\/de\\\/\",\"name\":\"Rooksbet\",\"description\":\"\",\"publisher\":{\"@id\":\"https:\\\/\\\/therooksbet.com\\\/de\\\/#organization\"},\"potentialAction\":[{\"@type\":\"SearchAction\",\"target\":{\"@type\":\"EntryPoint\",\"urlTemplate\":\"https:\\\/\\\/therooksbet.com\\\/de\\\/?s={search_term_string}\"},\"query-input\":{\"@type\":\"PropertyValueSpecification\",\"valueRequired\":true,\"valueName\":\"search_term_string\"}}],\"inLanguage\":\"de\"},{\"@type\":\"Organization\",\"@id\":\"https:\\\/\\\/therooksbet.com\\\/de\\\/#organization\",\"name\":\"Rooksbet\",\"url\":\"https:\\\/\\\/therooksbet.com\\\/de\\\/\",\"logo\":{\"@type\":\"ImageObject\",\"inLanguage\":\"de\",\"@id\":\"https:\\\/\\\/therooksbet.com\\\/de\\\/#\\\/schema\\\/logo\\\/image\\\/\",\"url\":\"https:\\\/\\\/therooksbet.com\\\/wp-content\\\/uploads\\\/2026\\\/03\\\/Rooksbet-logo-Desktop.png\",\"contentUrl\":\"https:\\\/\\\/therooksbet.com\\\/wp-content\\\/uploads\\\/2026\\\/03\\\/Rooksbet-logo-Desktop.png\",\"width\":167,\"height\":44,\"caption\":\"Rooksbet\"},\"image\":{\"@id\":\"https:\\\/\\\/therooksbet.com\\\/de\\\/#\\\/schema\\\/logo\\\/image\\\/\"}}]}<\/script>\n<!-- \/ Yoast SEO plugin. -->","yoast_head_json":{"title":"Rooksbet Casino App Download | iOS, Android & Desktop","description":"Rooksbet Casino App \u2013 lade die App f\u00fcr iOS, Android und Desktop herunter, um Slots, Tischspiele und Live-Casino \u00fcberall zu spielen. Genie\u00dfe reibungslose Leistung und vollen Kontozugriff mit Rooks Bet.","robots":{"index":"index","follow":"follow","max-snippet":"max-snippet:-1","max-image-preview":"max-image-preview:large","max-video-preview":"max-video-preview:-1"},"canonical":"https:\/\/therooksbet.com\/de\/app\/","og_locale":"de_DE","og_type":"article","og_title":"Rooksbet Casino App Download | iOS, Android & Desktop","og_description":"Rooksbet Casino App \u2013 lade die App f\u00fcr iOS, Android und Desktop herunter, um Slots, Tischspiele und Live-Casino \u00fcberall zu spielen. Genie\u00dfe reibungslose Leistung und vollen Kontozugriff mit Rooks Bet.","og_url":"https:\/\/therooksbet.com\/de\/app\/","og_site_name":"rooksbet","article_modified_time":"2026-03-12T12:10:25+00:00","twitter_card":"summary_large_image","twitter_misc":{"Gesch\u00e4tzte Lesezeit":"2\u00a0Minuten"},"schema":{"@context":"https:\/\/schema.org","@graph":[{"@type":"WebPage","@id":"https:\/\/therooksbet.com\/de\/app\/","url":"https:\/\/therooksbet.com\/de\/app\/","name":"Rooksbet Casino App Download | iOS, Android & Desktop","isPartOf":{"@id":"https:\/\/therooksbet.com\/de\/#website"},"datePublished":"2026-01-20T12:08:23+00:00","dateModified":"2026-03-12T12:10:25+00:00","description":"Rooksbet Casino App \u2013 lade die App f\u00fcr iOS, Android und Desktop herunter, um Slots, Tischspiele und Live-Casino \u00fcberall zu spielen. Genie\u00dfe reibungslose Leistung und vollen Kontozugriff mit Rooks Bet.","breadcrumb":{"@id":"https:\/\/therooksbet.com\/de\/app\/#breadcrumb"},"inLanguage":"de","potentialAction":[{"@type":"ReadAction","target":["https:\/\/therooksbet.com\/de\/app\/"]}]},{"@type":"BreadcrumbList","@id":"https:\/\/therooksbet.com\/de\/app\/#breadcrumb","itemListElement":[{"@type":"ListItem","position":1,"name":"Rooksbet","item":"https:\/\/therooksbet.com\/de\/"},{"@type":"ListItem","position":2,"name":"App"}]},{"@type":"WebSite","@id":"https:\/\/therooksbet.com\/de\/#website","url":"https:\/\/therooksbet.com\/de\/","name":"Rooksbet","description":"","publisher":{"@id":"https:\/\/therooksbet.com\/de\/#organization"},"potentialAction":[{"@type":"SearchAction","target":{"@type":"EntryPoint","urlTemplate":"https:\/\/therooksbet.com\/de\/?s={search_term_string}"},"query-input":{"@type":"PropertyValueSpecification","valueRequired":true,"valueName":"search_term_string"}}],"inLanguage":"de"},{"@type":"Organization","@id":"https:\/\/therooksbet.com\/de\/#organization","name":"Rooksbet","url":"https:\/\/therooksbet.com\/de\/","logo":{"@type":"ImageObject","inLanguage":"de","@id":"https:\/\/therooksbet.com\/de\/#\/schema\/logo\/image\/","url":"https:\/\/therooksbet.com\/wp-content\/uploads\/2026\/03\/Rooksbet-logo-Desktop.png","contentUrl":"https:\/\/therooksbet.com\/wp-content\/uploads\/2026\/03\/Rooksbet-logo-Desktop.png","width":167,"height":44,"caption":"Rooksbet"},"image":{"@id":"https:\/\/therooksbet.com\/de\/#\/schema\/logo\/image\/"}}]}},"_links":{"self":[{"href":"https:\/\/therooksbet.com\/de\/wp-json\/wp\/v2\/pages\/1442","targetHints":{"allow":["GET"]}}],"collection":[{"href":"https:\/\/therooksbet.com\/de\/wp-json\/wp\/v2\/pages"}],"about":[{"href":"https:\/\/therooksbet.com\/de\/wp-json\/wp\/v2\/types\/page"}],"author":[{"embeddable":true,"href":"https:\/\/therooksbet.com\/de\/wp-json\/wp\/v2\/users\/1"}],"replies":[{"embeddable":true,"href":"https:\/\/therooksbet.com\/de\/wp-json\/wp\/v2\/comments?post=1442"}],"version-history":[{"count":3,"href":"https:\/\/therooksbet.com\/de\/wp-json\/wp\/v2\/pages\/1442\/revisions"}],"predecessor-version":[{"id":2109,"href":"https:\/\/therooksbet.com\/de\/wp-json\/wp\/v2\/pages\/1442\/revisions\/2109"}],"wp:attachment":[{"href":"https:\/\/therooksbet.com\/de\/wp-json\/wp\/v2\/media?parent=1442"}],"curies":[{"name":"wp","href":"https:\/\/api.w.org\/{rel}","templated":true}]}}