{"id":1483,"date":"2026-01-20T12:11:11","date_gmt":"2026-01-20T12:11:11","guid":{"rendered":"https:\/\/bonuskongcasino.com\/login-and-registration\/"},"modified":"2026-03-12T12:13:49","modified_gmt":"2026-03-12T12:13:49","slug":"anmeldung-und-registrierung","status":"publish","type":"page","link":"https:\/\/therooksbet.com\/de\/anmeldung-und-registrierung\/","title":{"rendered":"Anmeldung und Registrierung"},"content":{"rendered":"<h1>Rooksbet Kontoanmeldung und Registrierung<\/h1>\n<p>Erstbesucher des Casinos sollten ernsthaft in Betracht ziehen, den Rooksbet Login Prozess abzuschlie\u00dfen, da er Vorteile freischaltet, die den Aufwand lohnenswert machen. Das Spielen um echtes Geld wird m\u00f6glich, die Auszahlung Ihrer Gewinne funktioniert reibungslos und gro\u00dfz\u00fcgige Boni landen regelm\u00e4\u00dfig auf Ihrem Konto. Die Registrierung ist nur f\u00fcr Nutzer ab 18 Jahren m\u00f6glich. Pro Person ist nur ein Konto auf der Plattform zul\u00e4ssig.<\/p>\n<p><div class=\"banner-wrap\" aria-label=\"Banner\"><img src=\"https:\/\/therooksbet.com\/wp-content\/uploads\/2026\/03\/Rooksbet-banner-desktop.webp\" class=\"w-100 d-none d-lg-block img-pc main-banner-img\" alt=\"rooksbet bonus desktop\" fetchpriority=\"high\" decoding=\"async\"><img src=\"https:\/\/therooksbet.com\/wp-content\/uploads\/2026\/03\/Rooksbet-banner-mobile.webp\" class=\"w-100 d-none d-md-block d-lg-none main-banner-img\" alt=\"rooksbet bonus mobile\" fetchpriority=\"high\" decoding=\"async\"><img src=\"https:\/\/therooksbet.com\/wp-content\/uploads\/2026\/03\/Rooksbet-banner-mobile.webp\" class=\"w-100 d-md-none\" alt=\"rooksbet bonus mobile\" fetchpriority=\"high\" decoding=\"async\"><div class=\"banner-description\">\n<div class=\"banner-title\">Willkommensboni<\/div>\n<p class=\"banner-header-title\">1500 \u20ac<\/p>\n<div class=\"banner-header-AdditionalText\">+ 250 Freispiele<\/div>\n<button data-item=\"homepage_banner_link\" class=\"goto m-button m-gradient-border m-button--primary m-button--large banner-button btn-orange\">\n            <div class=\"m-button-content\">\n                <span>Jetzt anmelden<\/span>\n                <span><\/span>\n            <\/div>\n        <\/button>\n<\/div>\n<div class=\"WelcomePack\">\n<p><img loading=\"lazy\" decoding=\"async\" class=\"alignnone size-full wp-image-1852\" src=\"https:\/\/therooksbet.com\/wp-content\/uploads\/2026\/03\/welcome-crown.png\" alt=\"welcome crown\" width=\"25\" height=\"26\" \/><\/p>\n<div class=\"WelcomePack-Info\">W\u00f6chentlicher Cashback von bis zu 25 %<\/div>\n<p><img loading=\"lazy\" decoding=\"async\" class=\"alignnone size-full wp-image-1852\" src=\"https:\/\/therooksbet.com\/wp-content\/uploads\/2026\/03\/welcome-crown.png\" alt=\"welcome crown\" width=\"25\" height=\"26\" \/><\/p>\n<\/div>\n<\/div><div class=\"scrollable-content-wrap my-5\"><div class=\"scrollable-content-inner\"><h2>So melden Sie sich an und verwalten Ihr Profil<\/h2>\n<p>Bestehende Kontoinhaber m\u00fcssen den Rooksbet-Anmeldevorgang abschlie\u00dfen, bevor sie auf irgendetwas zugreifen k\u00f6nnen. Rufen Sie einfach die Informationen ab, die Sie bei der Registrierung angegeben haben, und geben Sie sie ein. Wenn Sie sich nicht in Ihr Konto einloggen k\u00f6nnen, bedeutet dies wahrscheinlich, dass einige der von Ihnen eingegebenen Daten falsch geschrieben wurden. Verd\u00e4chtige Rooks Bet Anmeldeaktivit\u00e4ten k\u00f6nnen zu Kontosperrungen f\u00fchren. Wenden Sie sich daher \u00fcber unseren Live-Chat an den Support, wenn Sie sich weiterhin nicht einloggen k\u00f6nnen, bevor es zu einer vollst\u00e4ndigen Sperrung kommt.<\/p>\n<table>\n<tbody>\n<tr>\n<td>Anmeldeproblem<\/td>\n<td>Was l\u00e4uft schief<\/td>\n<td>So beheben Sie das Problem sofort<\/td>\n<\/tr>\n<tr>\n<td>Fehler \u201eUng\u00fcltige Anmeldedaten\u201d beim ersten Versuch<\/td>\n<td>Tippfehler in der E-Mail-Adresse oder im Passwort \u2013 das passiert jedem mal.<\/td>\n<td>Geben Sie die Daten sorgf\u00e4ltig erneut ein. Vergewissern Sie sich, dass die Feststelltaste nicht aktiviert ist. Verwenden Sie die Autovervollst\u00e4ndigungsfunktion eines Passwort-Managers, um menschliche Fehler zu vermeiden.<\/td>\n<\/tr>\n<tr>\n<td>Nach mehreren fehlgeschlagenen Versuchen gesperrt<\/td>\n<td>Das Sicherheitssystem von Rooksbet Casino geht davon aus, dass jemand versucht, sich Zugang zu Ihrem Konto zu verschaffen. Es sch\u00fctzt Sie.<\/td>\n<td>Wenden Sie sich umgehend an den Support, bevor die vor\u00fcbergehende Sperrung zu einer dauerhaften Sperrung wird.<\/td>\n<\/tr>\n<tr>\n<td>Die Anmeldung bei Rooksbet funktioniert, aber das Dashboard sieht falsch aus<\/td>\n<td>Der Browser hat alte Sitzungsdaten zwischengespeichert oder die Cookies sind irgendwie besch\u00e4digt worden.<\/td>\n<td>L\u00f6schen Sie den Cache und die Cookies Ihres Browsers. Aktualisieren Sie die Seite. Versuchen Sie es im Inkognito-Modus, wenn das normale Fenster seltsam reagiert.<\/td>\n<\/tr>\n<tr>\n<td>Sie k\u00f6nnen sich nicht erinnern, welche E-Mail-Adresse Sie verwendet haben<\/td>\n<td>Sie haben mehrere E-Mail-Adressen und k\u00f6nnen sich nicht erinnern, mit welcher Sie sich registriert haben.<\/td>\n<td>\u00dcberpr\u00fcfen Sie alle Ihre Posteing\u00e4nge auf eine Registrierungsbest\u00e4tigungs-E-Mail von Rooksbet. Sie wird dort zu finden sein.<\/td>\n<\/tr>\n<\/tbody>\n<\/table>\n<p>Sobald Sie in Ihrem Rooksbet-Konto angemeldet sind, k\u00f6nnen Sie Ihr Erlebnis personalisieren, indem Sie auf die Einstellungen und Tools zugreifen, die sich im gesamten Dashboard befinden.<\/p>\n<ul>\n<li>Sie k\u00f6nnen Ihre pers\u00f6nlichen Daten oder Zahlungsinformationen jederzeit \u00e4ndern.<\/li>\n<li>Sie k\u00f6nnen auch Ihren Aktivit\u00e4tsverlauf einsehen, um alle Ihre Aktivit\u00e4ten auf der Rooks Bet Casino Plattform nachzuverfolgen.<\/li>\n<li>Aktivieren Sie Tools f\u00fcr verantwortungsbewusstes Spielen, wenn Sie das Bed\u00fcrfnis haben, Grenzen f\u00fcr gesundes Spielen zu setzen.<\/li>\n<\/ul>\n<h3>Verantwortungsbewusste Tools verwenden<\/h3>\n<p>Rooksbet Casino integriert Kontrollfunktionen f\u00fcr verantwortungsbewusstes Spielen direkt in Ihr Konto-Dashboard, wo Sie sie bei Bedarf leicht finden k\u00f6nnen. Legen Sie Einzahlungslimits fest, die den Geldbetrag begrenzen, den Sie pro Tag, Woche oder Monat einzahlen k\u00f6nnen. Sitzungszeitlimits beenden Ihre Sitzung, wenn Sie Ihre festgelegte Spielzeit erreicht haben. Verlustlimits helfen Ihnen, schwierige Spielsitzungen unter Kontrolle zu halten. Durch Selbstausschluss wird Ihr Konto f\u00fcr einen bestimmten Zeitraum vollst\u00e4ndig gesperrt, der zwischen 24 Stunden und einer dauerhaften Schlie\u00dfung liegen kann. Reality Checks bei Rooksbet erinnern Sie daran, wie lange Sie bereits spielen und wie viel Geld Sie gewonnen oder verloren haben. Manchmal ist das genau das, was Sie brauchen, um aufzuwachen.<\/p>\n<h3>Was tun, wenn Sie Ihre Anmeldedaten vergessen haben<\/h3>\n<p>Es k\u00f6nnen verschiedene Situationen auftreten, darunter auch, dass Benutzer ihre Rooksbet-Anmeldedaten vergessen, z. B. wenn Passw\u00f6rter vollst\u00e4ndig aus dem Ged\u00e4chtnis verschwinden. F\u00fcr diesen Fall gibt es L\u00f6sungen zum Zur\u00fccksetzen der Anmeldedaten:<\/p>\n<table>\n<tbody>\n<tr>\n<td>Schritt<\/td>\n<td>Was Sie tun<\/td>\n<\/tr>\n<tr>\n<td>Rufen Sie die Anmeldeseite auf<\/td>\n<td>Klicken Sie auf \u201eAnmelden\u201c in der oberen rechten Ecke der Hauptseite<\/td>\n<\/tr>\n<tr>\n<td>L\u00f6sen Sie die Passwortzur\u00fccksetzung aus<\/td>\n<td>Folgen Sie dem Link \u201ePasswort vergessen?\u201c, der im Anmeldeformular von Rooks Bet angezeigt wird<\/td>\n<\/tr>\n<tr>\n<td>Geben Sie Ihre E-Mail-Adresse ein<\/td>\n<td>Geben Sie die mit Ihrem Konto verkn\u00fcpfte E-Mail-Adresse ein, damit das System wei\u00df, welches Konto zur\u00fcckgesetzt werden muss<\/td>\n<\/tr>\n<tr>\n<td>\u00dcberpr\u00fcfen Sie Ihren E-Mail-Posteingang.<\/td>\n<td>Wir senden Ihnen einen Link zum Zur\u00fccksetzen, \u00fcber den Sie ein neues Passwort f\u00fcr Ihren n\u00e4chsten Anmeldeversuch erstellen k\u00f6nnen.<\/td>\n<\/tr>\n<\/tbody>\n<\/table>\n<p><img loading=\"lazy\" decoding=\"async\" class=\"alignnone size-full wp-image-2012\" src=\"https:\/\/therooksbet.com\/wp-content\/uploads\/2026\/03\/Rooksbet-Login.webp\" alt=\"Rooksbet Login\" width=\"1248\" height=\"536\" srcset=\"https:\/\/therooksbet.com\/wp-content\/uploads\/2026\/03\/Rooksbet-Login.webp 1248w, https:\/\/therooksbet.com\/wp-content\/uploads\/2026\/03\/Rooksbet-Login-300x129.webp 300w, https:\/\/therooksbet.com\/wp-content\/uploads\/2026\/03\/Rooksbet-Login-1024x440.webp 1024w, https:\/\/therooksbet.com\/wp-content\/uploads\/2026\/03\/Rooksbet-Login-768x330.webp 768w\" sizes=\"auto, (max-width: 1248px) 100vw, 1248px\" \/><\/p>\n<h2>So schlie\u00dfen Sie die Kontoverifizierung ab<\/h2>\n<p>Sicherheit hat bei Rooksbet Casino einen hohen Stellenwert. Die Plattform ergreift die notwendigen Ma\u00dfnahmen, um die auf der Website ablaufenden Prozesse zu sch\u00fctzen, und bittet Sie gleichzeitig, die festgelegten Regeln zu beachten. Um Betrug zu vermeiden und gleiche Chancen f\u00fcr alle zu gew\u00e4hrleisten, m\u00fcssen alle Benutzer die Verifizierung abschlie\u00dfen, bevor sie auf bestimmte Funktionen zugreifen k\u00f6nnen.<\/p>\n<p>Das Verfahren muss vor der ersten Auszahlung abgeschlossen sein. Ganz einfach: Laden Sie Kopien Ihrer pers\u00f6nlichen Dokumente auf die Plattform hoch, und die Manager \u00fcberpr\u00fcfen diese innerhalb von durchschnittlich 48 Stunden. Der Verifizierungsprozess best\u00e4tigt Ihre Identit\u00e4t, Ihr Alter, Ihre Adresse und die Inhaberschaft Ihrer Zahlungsmethode.<\/p>\n<h2>Anmeldung bei Rooks Bet<\/h2>\n<p>Viele Nutzer z\u00f6gern, Konten auf unbekannten Plattformen zu erstellen, weil sie sich Gedanken \u00fcber Sicherheit und Datenschutz machen. Rooksbet Casino verwendet sichere Schl\u00fcsselaustauschprotokolle und spezielle Anti-Bot-Systeme, um Ihre Daten vor Verst\u00f6\u00dfen und Angriffen zu sch\u00fctzen. Die Registrierung gew\u00e4hrt Ihnen au\u00dferdem Zugang zu \u00fcber 6.000 Titeln, darunter Online-Slots, Tischspiele und Live-Casino-Optionen. Sie k\u00f6nnen auch Ein- und Auszahlungen ohne Einschr\u00e4nkungen vornehmen.<\/p>\n<p>Bevor Sie sich beim Rooksbet-Anmeldeprozess anmelden, gelten einige Grundregeln. Nur Spieler, die mindestens 18 Jahre alt sind, k\u00f6nnen ein Konto auf der Plattform erstellen \u2013 hier gibt es keine Ausnahmen. Geben Sie echte pers\u00f6nliche Daten an, da im Rahmen des Verifizierungsprozesses sp\u00e4ter \u00fcberpr\u00fcft wird, ob alle von Ihnen eingegebenen Angaben der Realit\u00e4t entsprechen.<\/p>\n<h3>So richten Sie Ihr Konto ein<\/h3>\n<p>Die Erstellung eines neuen Kontos bei Rooksbet dauert maximal ein paar Minuten. Der Prozess ist logisch aufgebaut und erfordert keine \u00fcberm\u00e4\u00dfigen pers\u00f6nlichen Angaben im Voraus. Wenn Sie bereit sind, Ihre Reise zu beginnen, gehen Sie wie folgt vor:<\/p>\n<ol>\n<li>Bitte suchen Sie den Registrierungsbutton auf der Rooks Bet Website. Er befindet sich in der oberen rechten Ecke, wo Sie ihn nicht \u00fcbersehen k\u00f6nnen.<\/li>\n<li>Geben Sie Ihre pers\u00f6nlichen Daten in die Felder ein: mindestens Ihre E-Mail-Adresse und Ihr Passwort. Hier gelten strenge Passwortrichtlinien, daher sollten Sie Sonderzeichen mit Klein- und Gro\u00dfbuchstaben kombinieren, um ein wirklich sicheres Passwort zu erstellen.<\/li>\n<li>Wenn Sie einen Promo-Code haben, f\u00fcllen Sie auch dieses Feld aus, da Sie damit von Anfang an zus\u00e4tzliche Belohnungen bei Rooksbet Casino erhalten.<\/li>\n<li>Best\u00e4tigen Sie, dass Sie vollj\u00e4hrig sind, und akzeptieren Sie die Allgemeinen Gesch\u00e4ftsbedingungen, nachdem Sie dem Link gefolgt sind und die Regeln gelesen haben.<\/li>\n<li>\u00dcberpr\u00fcfen Sie alle eingegebenen Daten noch einmal auf ihre Richtigkeit und klicken Sie dann auf die Schaltfl\u00e4che \u201eRegistrieren\u201c unten auf der Seite, um den Vorgang abzuschlie\u00dfen. Sie k\u00f6nnen sich nun bei Rooksbet anmelden.<\/li>\n<\/ol>\n<h2>FAQ<\/h2>\n<h3>Welche Vorteile habe ich durch die Registrierung?<\/h3>\n<p>Wenn Sie sich anmelden, k\u00f6nnen Sie jedes der \u00fcber 6.000 Spiele in der Rooksbet-Bibliothek spielen. Dazu geh\u00f6ren Spielautomaten, Tischspiele, Live-Dealer-Spiele und vieles mehr. Au\u00dferdem k\u00f6nnen Sie das Willkommensgeschenk erhalten, an Turnieren mit Echtgeld-Gewinnen teilnehmen und so oft Sie m\u00f6chten Ein- und Auszahlungen vornehmen. Bei Rooksbet Casino k\u00f6nnen Sie auch Ihren Spielverlauf verfolgen, angemessene Einschr\u00e4nkungen f\u00fcr Ihre Spielzeit festlegen und Ihre Zahlungsoptionen kontrollieren. Sie k\u00f6nnen Spiele im Demo-Modus spielen, um zu sehen, wie sie funktionieren, aber Sie m\u00fcssen sich anmelden, um zu gewinnen und Echtgeld auszahlen zu lassen.<\/p>\n<h3>Wie aktualisiere ich meine pers\u00f6nlichen Daten oder Sicherheitseinstellungen in meinem Profil?<\/h3>\n<p>Bei Rooksbet Casino k\u00f6nnen Sie Ihre pers\u00f6nlichen Daten jederzeit \u00e4ndern oder aktualisieren. Melden Sie sich einfach bei Ihrem Konto an, navigieren Sie zu \u201eEinstellungen\u201c und aktualisieren Sie Ihre Daten nach Bedarf. Passwortaktualisierungen erfolgen \u00fcber die Sicherheitseinstellungen. Es ist eine Verifizierung erforderlich, um die Inhaberschaft der neuen E-Mail-Adresse zu best\u00e4tigen, bevor diese die alte ersetzt. Beide Vorg\u00e4nge sind schnell und ohne unn\u00f6tige Verz\u00f6gerungen.<\/p>\n<h3>Welche Dokumente ben\u00f6tige ich f\u00fcr die Kontoverifizierung?<\/h3>\n<p>Die Verifizierung ist recht einfach, sobald Sie wissen, was erforderlich ist. Vor Ihrer ersten Auszahlung werden Sie gebeten, Kopien Ihrer pers\u00f6nlichen Dokumente vorzulegen, die Ihre Identit\u00e4t, Ihre Wohnadresse, Ihr Alter und die Inhaberschaft Ihres Zahlungskontos belegen. Die Manager pr\u00fcfen alle eingereichten Unterlagen und teilen Ihnen dann mit, wann die Verifizierung abgeschlossen ist. Wenn Sie sich nicht sicher sind, welche Dokumente akzeptiert werden, hilft Ihnen das mehrsprachige Support-Team von Rooks Bet gerne weiter.<\/p>\n<\/div><\/div><\/p>\n","protected":false},"excerpt":{"rendered":"<p>Rooksbet Kontoanmeldung und Registrierung Erstbesucher des Casinos sollten ernsthaft in Betracht ziehen, den Rooksbet Login Prozess abzuschlie\u00dfen, da er Vorteile freischaltet, die den Aufwand lohnenswert machen. Das Spielen um echtes Geld wird m\u00f6glich, die Auszahlung Ihrer Gewinne funktioniert reibungslos und gro\u00dfz\u00fcgige Boni landen regelm\u00e4\u00dfig auf Ihrem Konto. Die Registrierung ist nur f\u00fcr Nutzer ab 18 [&hellip;]<\/p>\n","protected":false},"author":1,"featured_media":0,"parent":0,"menu_order":0,"comment_status":"closed","ping_status":"closed","template":"template-builder.php","meta":{"_acf_changed":false,"inline_featured_image":false,"footnotes":""},"class_list":["post-1483","page","type-page","status-publish","hentry"],"acf":[],"yoast_head":"<!-- This site is optimized with the Yoast SEO plugin v27.3 - https:\/\/yoast.com\/product\/yoast-seo-wordpress\/ -->\n<title>Rooksbet Casino Login &amp; Registrierung | Sicherer Zugang<\/title>\n<meta name=\"description\" content=\"Rooksbet Casino Login \u2013 melde dich sicher an oder erstelle dein Konto in Sekunden mit verschl\u00fcsseltem Zugang und schneller Verifizierung. Verwalte Passwortwiederherstellung, Profileinstellungen und Kontofunktionen einfach bei Rooks Bet.\" \/>\n<meta name=\"robots\" content=\"index, follow, max-snippet:-1, max-image-preview:large, max-video-preview:-1\" \/>\n<link rel=\"canonical\" href=\"https:\/\/therooksbet.com\/de\/anmeldung-und-registrierung\/\" \/>\n<meta property=\"og:locale\" content=\"de_DE\" \/>\n<meta property=\"og:type\" content=\"article\" \/>\n<meta property=\"og:title\" content=\"Rooksbet Casino Login &amp; Registrierung | Sicherer Zugang\" \/>\n<meta property=\"og:description\" content=\"Rooksbet Casino Login \u2013 melde dich sicher an oder erstelle dein Konto in Sekunden mit verschl\u00fcsseltem Zugang und schneller Verifizierung. Verwalte Passwortwiederherstellung, Profileinstellungen und Kontofunktionen einfach bei Rooks Bet.\" \/>\n<meta property=\"og:url\" content=\"https:\/\/therooksbet.com\/de\/anmeldung-und-registrierung\/\" \/>\n<meta property=\"og:site_name\" content=\"rooksbet\" \/>\n<meta property=\"article:modified_time\" content=\"2026-03-12T12:13:49+00:00\" \/>\n<meta name=\"twitter:card\" content=\"summary_large_image\" \/>\n<meta name=\"twitter:label1\" content=\"Gesch\u00e4tzte Lesezeit\" \/>\n\t<meta name=\"twitter:data1\" content=\"1\u00a0Minute\" \/>\n<script type=\"application\/ld+json\" class=\"yoast-schema-graph\">{\"@context\":\"https:\\\/\\\/schema.org\",\"@graph\":[{\"@type\":\"WebPage\",\"@id\":\"https:\\\/\\\/therooksbet.com\\\/de\\\/anmeldung-und-registrierung\\\/\",\"url\":\"https:\\\/\\\/therooksbet.com\\\/de\\\/anmeldung-und-registrierung\\\/\",\"name\":\"Rooksbet Casino Login & Registrierung | Sicherer Zugang\",\"isPartOf\":{\"@id\":\"https:\\\/\\\/therooksbet.com\\\/de\\\/#website\"},\"datePublished\":\"2026-01-20T12:11:11+00:00\",\"dateModified\":\"2026-03-12T12:13:49+00:00\",\"description\":\"Rooksbet Casino Login \u2013 melde dich sicher an oder erstelle dein Konto in Sekunden mit verschl\u00fcsseltem Zugang und schneller Verifizierung. Verwalte Passwortwiederherstellung, Profileinstellungen und Kontofunktionen einfach bei Rooks Bet.\",\"breadcrumb\":{\"@id\":\"https:\\\/\\\/therooksbet.com\\\/de\\\/anmeldung-und-registrierung\\\/#breadcrumb\"},\"inLanguage\":\"de\",\"potentialAction\":[{\"@type\":\"ReadAction\",\"target\":[\"https:\\\/\\\/therooksbet.com\\\/de\\\/anmeldung-und-registrierung\\\/\"]}]},{\"@type\":\"BreadcrumbList\",\"@id\":\"https:\\\/\\\/therooksbet.com\\\/de\\\/anmeldung-und-registrierung\\\/#breadcrumb\",\"itemListElement\":[{\"@type\":\"ListItem\",\"position\":1,\"name\":\"Rooksbet\",\"item\":\"https:\\\/\\\/therooksbet.com\\\/de\\\/\"},{\"@type\":\"ListItem\",\"position\":2,\"name\":\"Anmeldung und Registrierung\"}]},{\"@type\":\"WebSite\",\"@id\":\"https:\\\/\\\/therooksbet.com\\\/de\\\/#website\",\"url\":\"https:\\\/\\\/therooksbet.com\\\/de\\\/\",\"name\":\"Rooksbet\",\"description\":\"\",\"publisher\":{\"@id\":\"https:\\\/\\\/therooksbet.com\\\/de\\\/#organization\"},\"potentialAction\":[{\"@type\":\"SearchAction\",\"target\":{\"@type\":\"EntryPoint\",\"urlTemplate\":\"https:\\\/\\\/therooksbet.com\\\/de\\\/?s={search_term_string}\"},\"query-input\":{\"@type\":\"PropertyValueSpecification\",\"valueRequired\":true,\"valueName\":\"search_term_string\"}}],\"inLanguage\":\"de\"},{\"@type\":\"Organization\",\"@id\":\"https:\\\/\\\/therooksbet.com\\\/de\\\/#organization\",\"name\":\"Rooksbet\",\"url\":\"https:\\\/\\\/therooksbet.com\\\/de\\\/\",\"logo\":{\"@type\":\"ImageObject\",\"inLanguage\":\"de\",\"@id\":\"https:\\\/\\\/therooksbet.com\\\/de\\\/#\\\/schema\\\/logo\\\/image\\\/\",\"url\":\"https:\\\/\\\/therooksbet.com\\\/wp-content\\\/uploads\\\/2026\\\/03\\\/Rooksbet-logo-Desktop.png\",\"contentUrl\":\"https:\\\/\\\/therooksbet.com\\\/wp-content\\\/uploads\\\/2026\\\/03\\\/Rooksbet-logo-Desktop.png\",\"width\":167,\"height\":44,\"caption\":\"Rooksbet\"},\"image\":{\"@id\":\"https:\\\/\\\/therooksbet.com\\\/de\\\/#\\\/schema\\\/logo\\\/image\\\/\"}}]}<\/script>\n<!-- \/ Yoast SEO plugin. -->","yoast_head_json":{"title":"Rooksbet Casino Login & Registrierung | Sicherer Zugang","description":"Rooksbet Casino Login \u2013 melde dich sicher an oder erstelle dein Konto in Sekunden mit verschl\u00fcsseltem Zugang und schneller Verifizierung. Verwalte Passwortwiederherstellung, Profileinstellungen und Kontofunktionen einfach bei Rooks Bet.","robots":{"index":"index","follow":"follow","max-snippet":"max-snippet:-1","max-image-preview":"max-image-preview:large","max-video-preview":"max-video-preview:-1"},"canonical":"https:\/\/therooksbet.com\/de\/anmeldung-und-registrierung\/","og_locale":"de_DE","og_type":"article","og_title":"Rooksbet Casino Login & Registrierung | Sicherer Zugang","og_description":"Rooksbet Casino Login \u2013 melde dich sicher an oder erstelle dein Konto in Sekunden mit verschl\u00fcsseltem Zugang und schneller Verifizierung. Verwalte Passwortwiederherstellung, Profileinstellungen und Kontofunktionen einfach bei Rooks Bet.","og_url":"https:\/\/therooksbet.com\/de\/anmeldung-und-registrierung\/","og_site_name":"rooksbet","article_modified_time":"2026-03-12T12:13:49+00:00","twitter_card":"summary_large_image","twitter_misc":{"Gesch\u00e4tzte Lesezeit":"1\u00a0Minute"},"schema":{"@context":"https:\/\/schema.org","@graph":[{"@type":"WebPage","@id":"https:\/\/therooksbet.com\/de\/anmeldung-und-registrierung\/","url":"https:\/\/therooksbet.com\/de\/anmeldung-und-registrierung\/","name":"Rooksbet Casino Login & Registrierung | Sicherer Zugang","isPartOf":{"@id":"https:\/\/therooksbet.com\/de\/#website"},"datePublished":"2026-01-20T12:11:11+00:00","dateModified":"2026-03-12T12:13:49+00:00","description":"Rooksbet Casino Login \u2013 melde dich sicher an oder erstelle dein Konto in Sekunden mit verschl\u00fcsseltem Zugang und schneller Verifizierung. Verwalte Passwortwiederherstellung, Profileinstellungen und Kontofunktionen einfach bei Rooks Bet.","breadcrumb":{"@id":"https:\/\/therooksbet.com\/de\/anmeldung-und-registrierung\/#breadcrumb"},"inLanguage":"de","potentialAction":[{"@type":"ReadAction","target":["https:\/\/therooksbet.com\/de\/anmeldung-und-registrierung\/"]}]},{"@type":"BreadcrumbList","@id":"https:\/\/therooksbet.com\/de\/anmeldung-und-registrierung\/#breadcrumb","itemListElement":[{"@type":"ListItem","position":1,"name":"Rooksbet","item":"https:\/\/therooksbet.com\/de\/"},{"@type":"ListItem","position":2,"name":"Anmeldung und Registrierung"}]},{"@type":"WebSite","@id":"https:\/\/therooksbet.com\/de\/#website","url":"https:\/\/therooksbet.com\/de\/","name":"Rooksbet","description":"","publisher":{"@id":"https:\/\/therooksbet.com\/de\/#organization"},"potentialAction":[{"@type":"SearchAction","target":{"@type":"EntryPoint","urlTemplate":"https:\/\/therooksbet.com\/de\/?s={search_term_string}"},"query-input":{"@type":"PropertyValueSpecification","valueRequired":true,"valueName":"search_term_string"}}],"inLanguage":"de"},{"@type":"Organization","@id":"https:\/\/therooksbet.com\/de\/#organization","name":"Rooksbet","url":"https:\/\/therooksbet.com\/de\/","logo":{"@type":"ImageObject","inLanguage":"de","@id":"https:\/\/therooksbet.com\/de\/#\/schema\/logo\/image\/","url":"https:\/\/therooksbet.com\/wp-content\/uploads\/2026\/03\/Rooksbet-logo-Desktop.png","contentUrl":"https:\/\/therooksbet.com\/wp-content\/uploads\/2026\/03\/Rooksbet-logo-Desktop.png","width":167,"height":44,"caption":"Rooksbet"},"image":{"@id":"https:\/\/therooksbet.com\/de\/#\/schema\/logo\/image\/"}}]}},"_links":{"self":[{"href":"https:\/\/therooksbet.com\/de\/wp-json\/wp\/v2\/pages\/1483","targetHints":{"allow":["GET"]}}],"collection":[{"href":"https:\/\/therooksbet.com\/de\/wp-json\/wp\/v2\/pages"}],"about":[{"href":"https:\/\/therooksbet.com\/de\/wp-json\/wp\/v2\/types\/page"}],"author":[{"embeddable":true,"href":"https:\/\/therooksbet.com\/de\/wp-json\/wp\/v2\/users\/1"}],"replies":[{"embeddable":true,"href":"https:\/\/therooksbet.com\/de\/wp-json\/wp\/v2\/comments?post=1483"}],"version-history":[{"count":3,"href":"https:\/\/therooksbet.com\/de\/wp-json\/wp\/v2\/pages\/1483\/revisions"}],"predecessor-version":[{"id":2111,"href":"https:\/\/therooksbet.com\/de\/wp-json\/wp\/v2\/pages\/1483\/revisions\/2111"}],"wp:attachment":[{"href":"https:\/\/therooksbet.com\/de\/wp-json\/wp\/v2\/media?parent=1483"}],"curies":[{"name":"wp","href":"https:\/\/api.w.org\/{rel}","templated":true}]}}