{"id":1449,"date":"2026-01-20T12:08:23","date_gmt":"2026-01-20T12:08:23","guid":{"rendered":"https:\/\/bonuskongcasino.com\/app-2\/"},"modified":"2026-03-12T13:12:55","modified_gmt":"2026-03-12T13:12:55","slug":"aplicacion","status":"publish","type":"page","link":"https:\/\/therooksbet.com\/es\/aplicacion\/","title":{"rendered":"Aplicaci\u00f3n"},"content":{"rendered":"<h1>Plataforma m\u00f3vil Rooksbet<\/h1>\n<p>Todo lo que los jugadores espa\u00f1oles quieren de nuestro casino tambi\u00e9n aparece en Rooksbet App: todos los t\u00edtulos, bonificaciones, opciones de pago y caracter\u00edsticas que hacen que la plataforma funcione. La elecci\u00f3n del dispositivo no te impide acceder a nada importante. Elige lo que te resulte m\u00e1s conveniente para tu situaci\u00f3n actual. Inicia sesi\u00f3n en tu cuenta y todo se sincronizar\u00e1 autom\u00e1ticamente: datos personales, saldo, logros, todo coincidir\u00e1 en todas las plataformas. Rooksbet Casino funciona perfectamente en los dispositivos Android e iOS actuales sin problemas de compatibilidad.<\/p>\n<div class=\"banner-wrap\" aria-label=\"Banner\"><img src=\"https:\/\/therooksbet.com\/wp-content\/uploads\/2026\/03\/Rooksbet-banner-desktop.webp\" class=\"w-100 d-none d-lg-block img-pc main-banner-img\" alt=\"rooksbet bonus desktop\" fetchpriority=\"high\" decoding=\"async\"><img src=\"https:\/\/therooksbet.com\/wp-content\/uploads\/2026\/03\/Rooksbet-banner-mobile.webp\" class=\"w-100 d-none d-md-block d-lg-none main-banner-img\" alt=\"rooksbet bonus mobile\" fetchpriority=\"high\" decoding=\"async\"><img src=\"https:\/\/therooksbet.com\/wp-content\/uploads\/2026\/03\/Rooksbet-banner-mobile.webp\" class=\"w-100 d-md-none\" alt=\"rooksbet bonus mobile\" fetchpriority=\"high\" decoding=\"async\"><div class=\"banner-description\">\n<div class=\"banner-title\">Bonos de bienvenida<\/div>\n<p class=\"banner-header-title\">1500 \u20ac<\/p>\n<div class=\"banner-header-AdditionalText\">+ 250 Tiradas gratis<\/div>\n<button data-item=\"homepage_banner_link\" class=\"goto m-button m-gradient-border m-button--primary m-button--large banner-button btn-orange\">\n            <div class=\"m-button-content\">\n                <span>Reg\u00edstrate ahora<\/span>\n                <span><\/span>\n            <\/div>\n        <\/button>\n<\/div>\n<div class=\"WelcomePack\">\n<p><img loading=\"lazy\" decoding=\"async\" class=\"alignnone size-full wp-image-1856\" src=\"https:\/\/therooksbet.com\/wp-content\/uploads\/2026\/03\/welcome-crown.png\" alt=\"welcome crown\" width=\"25\" height=\"26\" \/><\/p>\n<div class=\"WelcomePack-Info\">Reembolso semanal de hasta el 25 %<\/div>\n<p><img loading=\"lazy\" decoding=\"async\" class=\"alignnone size-full wp-image-1856\" src=\"https:\/\/therooksbet.com\/wp-content\/uploads\/2026\/03\/welcome-crown.png\" alt=\"welcome crown\" width=\"25\" height=\"26\" \/><\/p>\n<\/div>\n<\/div>\n<h2>Ventajas de la aplicaci\u00f3n Rooksbet<\/h2>\n<p>Jugar a Rooks Bet en tu tel\u00e9fono o tableta ofrece una comodidad genuina, ya que puedes acceder en cualquier momento y desde pr\u00e1cticamente cualquier lugar. Las funciones de la versi\u00f3n para PC se transfieren por completo. Toda la colecci\u00f3n de juegos, como las tragamonedas en l\u00ednea, los juegos de mesa, los productos de ganancia instant\u00e1nea y las salas de casino en vivo, se puede acceder desde cualquier dispositivo m\u00f3vil que tengas.<\/p>\n<p>Existen dos formas de acceder desde el m\u00f3vil: navegando a trav\u00e9s de la interfaz web habitual de tu tel\u00e9fono o descargando la aplicaci\u00f3n dedicada de Rooksbet. Ambas ofrecen una experiencia de juego s\u00f3lida con una carga r\u00e1pida, una funcionalidad optimizada para m\u00f3viles y una jugabilidad sin interrupciones ni retrasos molestos.<\/p>\n<p>Dirigir un casino regulado implica tomarse muy en serio las normas del sector. La versi\u00f3n m\u00f3vil del casino Rooksbet utiliza cortafuegos de aplicaciones web y un intercambio seguro de claves RSA-2048 para mantener tu cuenta a salvo de los piratas inform\u00e1ticos. Las pruebas peri\u00f3dicas de la aplicaci\u00f3n m\u00f3vil demuestran que sigue siendo completamente segura de instalar y que no tiene ning\u00fan agujero de seguridad oculto en el c\u00f3digo.<\/p>\n<p><div class=\"scrollable-content-wrap my-5\"><div class=\"scrollable-content-inner\"><h2>C\u00f3mo jugar a Rooks Bet en iPhone y iPad<\/h2>\n<p>La instalaci\u00f3n de la aplicaci\u00f3n Rooksbet en dispositivos iOS sigue un patr\u00f3n sencillo. El casino m\u00f3vil se instala directamente desde el sitio web principal, lo que simplifica las cosas. El dise\u00f1o y la navegaci\u00f3n siguen siendo familiares si has utilizado la versi\u00f3n de escritorio anteriormente, por lo que no hay que aprender a orientarse en dise\u00f1os completamente diferentes.<\/p>\n<h3>Instalaci\u00f3n paso a paso de la aplicaci\u00f3n para iOS<\/h3>\n<p>Para descargar la aplicaci\u00f3n en tu iPhone o iPad, debes pulsar el icono \u00abCompartir\u00bb en la parte inferior de la pantalla. Cuando aparezca el men\u00fa, selecciona \u00abA\u00f1adir a la pantalla de inicio\u00bb. El icono de la marca aparecer\u00e1 en tu pantalla, listo para ser pulsado.<\/p>\n<p>Pero debes saber que si a\u00fan no est\u00e1s listo para instalar algo nuevo, no pasa nada. Solo tienes que visitar la p\u00e1gina a trav\u00e9s de Safari o Chrome y disfrutar de los juegos sobre la marcha sin la aplicaci\u00f3n Rooks Bet Casino.<\/p>\n<p><img loading=\"lazy\" decoding=\"async\" class=\"alignnone size-full wp-image-2008\" src=\"https:\/\/therooksbet.com\/wp-content\/uploads\/2026\/03\/Rooksbet-iOS-App.webp\" alt=\"Rooksbet iOS App\" width=\"1248\" height=\"536\" srcset=\"https:\/\/therooksbet.com\/wp-content\/uploads\/2026\/03\/Rooksbet-iOS-App.webp 1248w, https:\/\/therooksbet.com\/wp-content\/uploads\/2026\/03\/Rooksbet-iOS-App-300x129.webp 300w, https:\/\/therooksbet.com\/wp-content\/uploads\/2026\/03\/Rooksbet-iOS-App-1024x440.webp 1024w, https:\/\/therooksbet.com\/wp-content\/uploads\/2026\/03\/Rooksbet-iOS-App-768x330.webp 768w\" sizes=\"auto, (max-width: 1248px) 100vw, 1248px\" \/><\/p>\n<\/div><\/div><div style=\"clear: both\"><\/div><div class=\"d-flex justify-content-center\"><button data-item=\"decouvrez_link\" data-group=\"website_links\" class=\"goto fw-bold rounded-pill btn btn-orange\" aria-label=\"Descarga la aplicaci\u00f3n RooksBet\" >Descarga la aplicaci\u00f3n RooksBet<\/button><\/div><div class=\"scrollable-content-wrap my-5\"><div class=\"scrollable-content-inner\"><h2>Rooksbet desde PC o Mac<\/h2>\n<p>La versi\u00f3n para PC sigue estando disponible para cualquiera que prefiera pantallas m\u00e1s grandes o configuraciones de escritorio. El cambio entre dispositivos funciona sin problemas dependiendo de tu situaci\u00f3n y ubicaci\u00f3n en cada momento. Lo importante es utilizar la misma cuenta de Rooksbet Casino en todas partes. Solo as\u00ed tus datos se sincronizar\u00e1n correctamente entre plataformas sin transferencias manuales ni p\u00e9rdida de informaci\u00f3n.<\/p>\n<p>Los navegadores modernos te permiten crear iconos de acceso directo para las p\u00e1ginas que visitas con frecuencia, y esto tambi\u00e9n funciona perfectamente para Rooksbet Casino. Crear un acceso directo en el escritorio significa acceder al casino con un solo clic, salt\u00e1ndote toda la rutina de abrir el navegador y buscar entre los marcadores o escribir la URL repetidamente.<\/p>\n<p><img loading=\"lazy\" decoding=\"async\" class=\"alignnone size-full wp-image-2000\" src=\"https:\/\/therooksbet.com\/wp-content\/uploads\/2026\/03\/Rooksbet-Desktop.webp\" alt=\"Rooksbet Desktop\" width=\"1248\" height=\"536\" srcset=\"https:\/\/therooksbet.com\/wp-content\/uploads\/2026\/03\/Rooksbet-Desktop.webp 1248w, https:\/\/therooksbet.com\/wp-content\/uploads\/2026\/03\/Rooksbet-Desktop-300x129.webp 300w, https:\/\/therooksbet.com\/wp-content\/uploads\/2026\/03\/Rooksbet-Desktop-1024x440.webp 1024w, https:\/\/therooksbet.com\/wp-content\/uploads\/2026\/03\/Rooksbet-Desktop-768x330.webp 768w\" sizes=\"auto, (max-width: 1248px) 100vw, 1248px\" \/><\/p>\n<\/div><\/div><div style=\"clear: both\"><\/div><div class=\"d-flex justify-content-center\"><button data-item=\"decouvrez_link\" data-group=\"website_links\" class=\"goto fw-bold rounded-pill btn btn-orange\" aria-label=\"Descargar RooksBet\" >Descargar RooksBet<\/button><\/div><div class=\"scrollable-content-wrap my-5\"><div class=\"scrollable-content-inner\"><h2>Descargar y utilizar la aplicaci\u00f3n en Android<\/h2>\n<p>Los propietarios de tel\u00e9fonos inteligentes o tabletas Android pueden acceder f\u00e1cilmente a la plataforma desde sus dispositivos. Solo tienes que elegir el navegador web que prefieras y visitar el sitio. Rooksbet se adapta autom\u00e1ticamente al tama\u00f1o y la resoluci\u00f3n de tu pantalla sin necesidad de ajustes manuales. Las funcionalidades y los procesos no se reducen ni se limitan. Todo lo que est\u00e1 disponible en el escritorio tambi\u00e9n funciona en el m\u00f3vil.<\/p>\n<p>Existe otra opci\u00f3n para jugar sobre la marcha: la aplicaci\u00f3n Rooksbet para Android. Se trata de una aplicaci\u00f3n web progresiva que se descarga directamente desde el sitio web. El impacto en el almacenamiento es m\u00ednimo, ya que se basa en datos almacenados en cach\u00e9 que hacen el trabajo pesado. No es necesario descargar m\u00e1s archivos APK de Rooksbet de fuentes poco fiables. Las instrucciones de instalaci\u00f3n le guiar\u00e1n r\u00e1pida y f\u00e1cilmente a trav\u00e9s del proceso de configuraci\u00f3n.<\/p>\n<table>\n<tbody>\n<tr>\n<td>Paso<\/td>\n<td>Qu\u00e9 est\u00e1 haciendo<\/td>\n<\/tr>\n<tr>\n<td>Pulsa el bot\u00f3n \u00abM\u00e1s\u00bb en el sitio web de Rooksbet Casino.<\/td>\n<td>Lo encontrar\u00e1s en la barra de direcciones, tiene el aspecto de tres puntos verticales apilados.<\/td>\n<\/tr>\n<tr>\n<td>Busca la opci\u00f3n de instalaci\u00f3n.<\/td>\n<td>Despl\u00e1zate por la lista hasta que encuentres \u00abA\u00f1adir a la pantalla de inicio\u00bb y pulsa sobre ella.<\/td>\n<\/tr>\n<tr>\n<td>Personaliza si lo deseas.<\/td>\n<td>Cambia el nombre y la apariencia del icono, o simplemente deja todo con la configuraci\u00f3n predeterminada.<\/td>\n<\/tr>\n<tr>\n<td>Coloca el icono e inicia sesi\u00f3n.<\/td>\n<td>Una vez completados los pasos, aparecer\u00e1 un icono en la pantalla de inicio. Arr\u00e1stralo al lugar que prefieras y, a continuaci\u00f3n, inicia sesi\u00f3n en tu cuenta.<\/td>\n<\/tr>\n<\/tbody>\n<\/table>\n<p><img loading=\"lazy\" decoding=\"async\" class=\"alignnone size-full wp-image-1992\" src=\"https:\/\/therooksbet.com\/wp-content\/uploads\/2026\/03\/Rooksbet-Android-App.webp\" alt=\"Rooksbet Android App\" width=\"1248\" height=\"536\" srcset=\"https:\/\/therooksbet.com\/wp-content\/uploads\/2026\/03\/Rooksbet-Android-App.webp 1248w, https:\/\/therooksbet.com\/wp-content\/uploads\/2026\/03\/Rooksbet-Android-App-300x129.webp 300w, https:\/\/therooksbet.com\/wp-content\/uploads\/2026\/03\/Rooksbet-Android-App-1024x440.webp 1024w, https:\/\/therooksbet.com\/wp-content\/uploads\/2026\/03\/Rooksbet-Android-App-768x330.webp 768w\" sizes=\"auto, (max-width: 1248px) 100vw, 1248px\" \/><\/p>\n<\/div><\/div><div style=\"clear: both\"><\/div><div class=\"d-flex justify-content-center\"><button data-item=\"decouvrez_link\" data-group=\"website_links\" class=\"goto fw-bold rounded-pill btn btn-orange\" aria-label=\"Descarga la aplicaci\u00f3n RooksBet\" >Descarga la aplicaci\u00f3n RooksBet<\/button><\/div><div class=\"scrollable-content-wrap my-5\"><div class=\"scrollable-content-inner\"><h2>Funciones de seguridad y protecci\u00f3n de la aplicaci\u00f3n<\/h2>\n<p>La elecci\u00f3n del dispositivo no afecta a la seguridad, ya que las medidas de protecci\u00f3n se aplican de forma universal en la aplicaci\u00f3n Rooks Bet para iOS, Android y PC:<\/p>\n<ul>\n<li>La compatibilidad con la autenticaci\u00f3n biom\u00e9trica permite iniciar sesi\u00f3n mediante huella dactilar o reconocimiento facial en dispositivos m\u00f3viles compatibles, lo que a\u00f1ade una capa de protecci\u00f3n adicional a las contrase\u00f1as.<\/li>\n<li>La tokenizaci\u00f3n sustituye los datos confidenciales de las tarjetas por tokens seguros, lo que minimiza dr\u00e1sticamente los riesgos de fraude durante las transacciones.<\/li>\n<li>La supervisi\u00f3n de la actividad en tiempo real detecta instant\u00e1neamente los inicios de sesi\u00f3n sospechosos, los patrones de apuestas inusuales o las transacciones fraudulentas antes de que el da\u00f1o se agrave.<\/li>\n<li>Las actualizaciones de software seguras se implementan en el lado del servidor para la PWA, lo que garantiza que siempre dispongas de la \u00faltima versi\u00f3n protegida sin perder tiempo en descargas manuales.<\/li>\n<\/ul>\n<p>No olvide completar el proceso de verificaci\u00f3n. Har\u00e1 que su cuenta de Rooksbet Casino sea m\u00e1s segura y le abrir\u00e1 nuevas oportunidades.<\/p>\n<h2>Preguntas frecuentes<\/h2>\n<h3>\u00bfSon seguros mis dep\u00f3sitos cuando utilizo la aplicaci\u00f3n m\u00f3vil?<\/h3>\n<p>La aplicaci\u00f3n Rooksbet utiliza los mismos m\u00e9todos de cifrado que el sitio web para ordenadores. TLS y AES-256 protegen todas las transacciones, lo que garantiza un alto nivel de seguridad. Su informaci\u00f3n de pago se tokeniza antes de enviarse. Los dep\u00f3sitos m\u00f3viles son tan seguros como los de ordenador: no se toman atajos en aras de la comodidad.<\/p>\n<h3>\u00bfQu\u00e9 debo hacer si la aplicaci\u00f3n Rooksbet sigue fallando?<\/h3>\n<p>Cierre la aplicaci\u00f3n y vuelva a abrirla. Aseg\u00farese de tener la versi\u00f3n m\u00e1s reciente y reinicie su tel\u00e9fono. Si sigue fallando, puede borrar la cach\u00e9 en la configuraci\u00f3n de su tel\u00e9fono o eliminar y reinstalar la aplicaci\u00f3n Rooksbet Casino. Si la aplicaci\u00f3n sigue fallando, p\u00f3ngase en contacto con nuestro equipo de asistencia a trav\u00e9s del chat en vivo e ind\u00edqueles qu\u00e9 tipo de dispositivo tiene y cu\u00e1ndo se producen los fallos. Ellos podr\u00e1n determinar si hay un problema con su configuraci\u00f3n o si se trata de un fallo t\u00e9cnico.<\/p>\n<h3>\u00bfPor qu\u00e9 deber\u00eda usar la aplicaci\u00f3n Rooks Bet en lugar del sitio web?<\/h3>\n<p>La aplicaci\u00f3n se carga m\u00e1s r\u00e1pido, utiliza menos datos gracias a un almacenamiento en cach\u00e9 inteligente y env\u00eda notificaciones push sobre bonificaciones y actualizaciones de torneos para que no te pierdas ofertas por tiempo limitado. Tambi\u00e9n puedes iniciarla con un solo toque desde tu pantalla de inicio. Cuando la utilizas durante un periodo prolongado, el rendimiento sigue siendo m\u00e1s fluido que cuando utilizas navegadores m\u00f3viles con muchas pesta\u00f1as abiertas.<\/p>\n<\/div><\/div><\/p>\n","protected":false},"excerpt":{"rendered":"<p>Plataforma m\u00f3vil Rooksbet Todo lo que los jugadores espa\u00f1oles quieren de nuestro casino tambi\u00e9n aparece en Rooksbet App: todos los t\u00edtulos, bonificaciones, opciones de pago y caracter\u00edsticas que hacen que la plataforma funcione. La elecci\u00f3n del dispositivo no te impide acceder a nada importante. Elige lo que te resulte m\u00e1s conveniente para tu situaci\u00f3n actual. [&hellip;]<\/p>\n","protected":false},"author":1,"featured_media":0,"parent":0,"menu_order":0,"comment_status":"closed","ping_status":"closed","template":"template-builder.php","meta":{"_acf_changed":false,"inline_featured_image":false,"footnotes":""},"class_list":["post-1449","page","type-page","status-publish","hentry"],"acf":[],"yoast_head":"<!-- This site is optimized with the Yoast SEO plugin v27.3 - https:\/\/yoast.com\/product\/yoast-seo-wordpress\/ -->\n<title>Rooksbet Casino App Descargar | iOS, Android &amp; Escritorio<\/title>\n<meta name=\"description\" content=\"Rooksbet Casino App \u2013 descarga la aplicaci\u00f3n para iOS, Android y escritorio para jugar tragamonedas, juegos de mesa y casino en vivo en cualquier lugar. Disfruta de un rendimiento fluido y acceso completo a tu cuenta con Rooks Bet.\" \/>\n<meta name=\"robots\" content=\"index, follow, max-snippet:-1, max-image-preview:large, max-video-preview:-1\" \/>\n<link rel=\"canonical\" href=\"https:\/\/therooksbet.com\/es\/aplicacion\/\" \/>\n<meta property=\"og:locale\" content=\"es_ES\" \/>\n<meta property=\"og:type\" content=\"article\" \/>\n<meta property=\"og:title\" content=\"Rooksbet Casino App Descargar | iOS, Android &amp; Escritorio\" \/>\n<meta property=\"og:description\" content=\"Rooksbet Casino App \u2013 descarga la aplicaci\u00f3n para iOS, Android y escritorio para jugar tragamonedas, juegos de mesa y casino en vivo en cualquier lugar. Disfruta de un rendimiento fluido y acceso completo a tu cuenta con Rooks Bet.\" \/>\n<meta property=\"og:url\" content=\"https:\/\/therooksbet.com\/es\/aplicacion\/\" \/>\n<meta property=\"og:site_name\" content=\"rooksbet\" \/>\n<meta property=\"article:modified_time\" content=\"2026-03-12T13:12:55+00:00\" \/>\n<meta name=\"twitter:card\" content=\"summary_large_image\" \/>\n<meta name=\"twitter:label1\" content=\"Est. reading time\" \/>\n\t<meta name=\"twitter:data1\" content=\"2 minutes\" \/>\n<script type=\"application\/ld+json\" class=\"yoast-schema-graph\">{\"@context\":\"https:\\\/\\\/schema.org\",\"@graph\":[{\"@type\":\"WebPage\",\"@id\":\"https:\\\/\\\/therooksbet.com\\\/es\\\/aplicacion\\\/\",\"url\":\"https:\\\/\\\/therooksbet.com\\\/es\\\/aplicacion\\\/\",\"name\":\"Rooksbet Casino App Descargar | iOS, Android & Escritorio\",\"isPartOf\":{\"@id\":\"https:\\\/\\\/therooksbet.com\\\/es\\\/#website\"},\"datePublished\":\"2026-01-20T12:08:23+00:00\",\"dateModified\":\"2026-03-12T13:12:55+00:00\",\"description\":\"Rooksbet Casino App \u2013 descarga la aplicaci\u00f3n para iOS, Android y escritorio para jugar tragamonedas, juegos de mesa y casino en vivo en cualquier lugar. Disfruta de un rendimiento fluido y acceso completo a tu cuenta con Rooks Bet.\",\"breadcrumb\":{\"@id\":\"https:\\\/\\\/therooksbet.com\\\/es\\\/aplicacion\\\/#breadcrumb\"},\"inLanguage\":\"es-ES\",\"potentialAction\":[{\"@type\":\"ReadAction\",\"target\":[\"https:\\\/\\\/therooksbet.com\\\/es\\\/aplicacion\\\/\"]}]},{\"@type\":\"BreadcrumbList\",\"@id\":\"https:\\\/\\\/therooksbet.com\\\/es\\\/aplicacion\\\/#breadcrumb\",\"itemListElement\":[{\"@type\":\"ListItem\",\"position\":1,\"name\":\"Rooksbet\",\"item\":\"https:\\\/\\\/therooksbet.com\\\/es\\\/\"},{\"@type\":\"ListItem\",\"position\":2,\"name\":\"Aplicaci\u00f3n\"}]},{\"@type\":\"WebSite\",\"@id\":\"https:\\\/\\\/therooksbet.com\\\/es\\\/#website\",\"url\":\"https:\\\/\\\/therooksbet.com\\\/es\\\/\",\"name\":\"Rooksbet\",\"description\":\"\",\"publisher\":{\"@id\":\"https:\\\/\\\/therooksbet.com\\\/es\\\/#organization\"},\"potentialAction\":[{\"@type\":\"SearchAction\",\"target\":{\"@type\":\"EntryPoint\",\"urlTemplate\":\"https:\\\/\\\/therooksbet.com\\\/es\\\/?s={search_term_string}\"},\"query-input\":{\"@type\":\"PropertyValueSpecification\",\"valueRequired\":true,\"valueName\":\"search_term_string\"}}],\"inLanguage\":\"es-ES\"},{\"@type\":\"Organization\",\"@id\":\"https:\\\/\\\/therooksbet.com\\\/es\\\/#organization\",\"name\":\"Rooksbet\",\"url\":\"https:\\\/\\\/therooksbet.com\\\/es\\\/\",\"logo\":{\"@type\":\"ImageObject\",\"inLanguage\":\"es-ES\",\"@id\":\"https:\\\/\\\/therooksbet.com\\\/es\\\/#\\\/schema\\\/logo\\\/image\\\/\",\"url\":\"https:\\\/\\\/therooksbet.com\\\/wp-content\\\/uploads\\\/2026\\\/03\\\/Rooksbet-logo-Desktop.png\",\"contentUrl\":\"https:\\\/\\\/therooksbet.com\\\/wp-content\\\/uploads\\\/2026\\\/03\\\/Rooksbet-logo-Desktop.png\",\"width\":167,\"height\":44,\"caption\":\"Rooksbet\"},\"image\":{\"@id\":\"https:\\\/\\\/therooksbet.com\\\/es\\\/#\\\/schema\\\/logo\\\/image\\\/\"}}]}<\/script>\n<!-- \/ Yoast SEO plugin. -->","yoast_head_json":{"title":"Rooksbet Casino App Descargar | iOS, Android & Escritorio","description":"Rooksbet Casino App \u2013 descarga la aplicaci\u00f3n para iOS, Android y escritorio para jugar tragamonedas, juegos de mesa y casino en vivo en cualquier lugar. Disfruta de un rendimiento fluido y acceso completo a tu cuenta con Rooks Bet.","robots":{"index":"index","follow":"follow","max-snippet":"max-snippet:-1","max-image-preview":"max-image-preview:large","max-video-preview":"max-video-preview:-1"},"canonical":"https:\/\/therooksbet.com\/es\/aplicacion\/","og_locale":"es_ES","og_type":"article","og_title":"Rooksbet Casino App Descargar | iOS, Android & Escritorio","og_description":"Rooksbet Casino App \u2013 descarga la aplicaci\u00f3n para iOS, Android y escritorio para jugar tragamonedas, juegos de mesa y casino en vivo en cualquier lugar. Disfruta de un rendimiento fluido y acceso completo a tu cuenta con Rooks Bet.","og_url":"https:\/\/therooksbet.com\/es\/aplicacion\/","og_site_name":"rooksbet","article_modified_time":"2026-03-12T13:12:55+00:00","twitter_card":"summary_large_image","twitter_misc":{"Est. reading time":"2 minutes"},"schema":{"@context":"https:\/\/schema.org","@graph":[{"@type":"WebPage","@id":"https:\/\/therooksbet.com\/es\/aplicacion\/","url":"https:\/\/therooksbet.com\/es\/aplicacion\/","name":"Rooksbet Casino App Descargar | iOS, Android & Escritorio","isPartOf":{"@id":"https:\/\/therooksbet.com\/es\/#website"},"datePublished":"2026-01-20T12:08:23+00:00","dateModified":"2026-03-12T13:12:55+00:00","description":"Rooksbet Casino App \u2013 descarga la aplicaci\u00f3n para iOS, Android y escritorio para jugar tragamonedas, juegos de mesa y casino en vivo en cualquier lugar. Disfruta de un rendimiento fluido y acceso completo a tu cuenta con Rooks Bet.","breadcrumb":{"@id":"https:\/\/therooksbet.com\/es\/aplicacion\/#breadcrumb"},"inLanguage":"es-ES","potentialAction":[{"@type":"ReadAction","target":["https:\/\/therooksbet.com\/es\/aplicacion\/"]}]},{"@type":"BreadcrumbList","@id":"https:\/\/therooksbet.com\/es\/aplicacion\/#breadcrumb","itemListElement":[{"@type":"ListItem","position":1,"name":"Rooksbet","item":"https:\/\/therooksbet.com\/es\/"},{"@type":"ListItem","position":2,"name":"Aplicaci\u00f3n"}]},{"@type":"WebSite","@id":"https:\/\/therooksbet.com\/es\/#website","url":"https:\/\/therooksbet.com\/es\/","name":"Rooksbet","description":"","publisher":{"@id":"https:\/\/therooksbet.com\/es\/#organization"},"potentialAction":[{"@type":"SearchAction","target":{"@type":"EntryPoint","urlTemplate":"https:\/\/therooksbet.com\/es\/?s={search_term_string}"},"query-input":{"@type":"PropertyValueSpecification","valueRequired":true,"valueName":"search_term_string"}}],"inLanguage":"es-ES"},{"@type":"Organization","@id":"https:\/\/therooksbet.com\/es\/#organization","name":"Rooksbet","url":"https:\/\/therooksbet.com\/es\/","logo":{"@type":"ImageObject","inLanguage":"es-ES","@id":"https:\/\/therooksbet.com\/es\/#\/schema\/logo\/image\/","url":"https:\/\/therooksbet.com\/wp-content\/uploads\/2026\/03\/Rooksbet-logo-Desktop.png","contentUrl":"https:\/\/therooksbet.com\/wp-content\/uploads\/2026\/03\/Rooksbet-logo-Desktop.png","width":167,"height":44,"caption":"Rooksbet"},"image":{"@id":"https:\/\/therooksbet.com\/es\/#\/schema\/logo\/image\/"}}]}},"_links":{"self":[{"href":"https:\/\/therooksbet.com\/es\/wp-json\/wp\/v2\/pages\/1449","targetHints":{"allow":["GET"]}}],"collection":[{"href":"https:\/\/therooksbet.com\/es\/wp-json\/wp\/v2\/pages"}],"about":[{"href":"https:\/\/therooksbet.com\/es\/wp-json\/wp\/v2\/types\/page"}],"author":[{"embeddable":true,"href":"https:\/\/therooksbet.com\/es\/wp-json\/wp\/v2\/users\/1"}],"replies":[{"embeddable":true,"href":"https:\/\/therooksbet.com\/es\/wp-json\/wp\/v2\/comments?post=1449"}],"version-history":[{"count":3,"href":"https:\/\/therooksbet.com\/es\/wp-json\/wp\/v2\/pages\/1449\/revisions"}],"predecessor-version":[{"id":2142,"href":"https:\/\/therooksbet.com\/es\/wp-json\/wp\/v2\/pages\/1449\/revisions\/2142"}],"wp:attachment":[{"href":"https:\/\/therooksbet.com\/es\/wp-json\/wp\/v2\/media?parent=1449"}],"curies":[{"name":"wp","href":"https:\/\/api.w.org\/{rel}","templated":true}]}}