{"id":1487,"date":"2026-01-20T12:11:11","date_gmt":"2026-01-20T12:11:11","guid":{"rendered":"https:\/\/bonuskongcasino.com\/login-and-registration\/"},"modified":"2026-03-12T13:16:22","modified_gmt":"2026-03-12T13:16:22","slug":"inicio-de-sesion-y-registro","status":"publish","type":"page","link":"https:\/\/therooksbet.com\/es\/inicio-de-sesion-y-registro\/","title":{"rendered":"Inicio de sesi\u00f3n y Registro"},"content":{"rendered":"<h1>Inicio de sesi\u00f3n y registro en la cuenta de Rooksbet<\/h1>\n<p>Los visitantes que accedan por primera vez al casino desde Espa\u00f1a deber\u00edan plantearse seriamente completar el proceso de Rooksbet login, ya que les permite disfrutar de ventajas que hacen que el esfuerzo merezca la pena. Podr\u00e1n jugar con dinero real, retirar las ganancias que hayan obtenido sin problemas y empezar a recibir generosos bonos en su cuenta de forma regular. El registro solo est\u00e1 abierto a usuarios mayores de 18 a\u00f1os. Solo se permite una cuenta por persona en la plataforma.<\/p>\n<p><div class=\"banner-wrap\" aria-label=\"Banner\"><img src=\"https:\/\/therooksbet.com\/wp-content\/uploads\/2026\/03\/Rooksbet-banner-desktop.webp\" class=\"w-100 d-none d-lg-block img-pc main-banner-img\" alt=\"rooksbet bonus desktop\" fetchpriority=\"high\" decoding=\"async\"><img src=\"https:\/\/therooksbet.com\/wp-content\/uploads\/2026\/03\/Rooksbet-banner-mobile.webp\" class=\"w-100 d-none d-md-block d-lg-none main-banner-img\" alt=\"rooksbet bonus mobile\" fetchpriority=\"high\" decoding=\"async\"><img src=\"https:\/\/therooksbet.com\/wp-content\/uploads\/2026\/03\/Rooksbet-banner-mobile.webp\" class=\"w-100 d-md-none\" alt=\"rooksbet bonus mobile\" fetchpriority=\"high\" decoding=\"async\"><div class=\"banner-description\">\n<div class=\"banner-title\">Bonos de bienvenida<\/div>\n<p class=\"banner-header-title\">1500 \u20ac<\/p>\n<div class=\"banner-header-AdditionalText\">+ 250 Tiradas gratis<\/div>\n<button data-item=\"homepage_banner_link\" class=\"goto m-button m-gradient-border m-button--primary m-button--large banner-button btn-orange\">\n            <div class=\"m-button-content\">\n                <span>Reg\u00edstrate ahora<\/span>\n                <span><\/span>\n            <\/div>\n        <\/button>\n<\/div>\n<div class=\"WelcomePack\">\n<p><img loading=\"lazy\" decoding=\"async\" class=\"alignnone size-full wp-image-1856\" src=\"https:\/\/therooksbet.com\/wp-content\/uploads\/2026\/03\/welcome-crown.png\" alt=\"welcome crown\" width=\"25\" height=\"26\" \/><\/p>\n<div class=\"WelcomePack-Info\">Reembolso semanal de hasta el 25 %<\/div>\n<p><img loading=\"lazy\" decoding=\"async\" class=\"alignnone size-full wp-image-1856\" src=\"https:\/\/therooksbet.com\/wp-content\/uploads\/2026\/03\/welcome-crown.png\" alt=\"welcome crown\" width=\"25\" height=\"26\" \/><\/p>\n<\/div>\n<\/div><div class=\"scrollable-content-wrap my-5\"><div class=\"scrollable-content-inner\"><h2>C\u00f3mo iniciar sesi\u00f3n y controlar tu perfil<\/h2>\n<p>Los titulares de cuentas existentes deben completar el proceso de inicio de sesi\u00f3n en Rooksbet antes de acceder a cualquier cosa. Solo tienes que recordar la informaci\u00f3n que proporcionaste durante el registro e introducirla. Si no puedes acceder a tu cuenta, es probable que algunos de los datos que introdujiste est\u00e9n mal escritos. Las actividades sospechosas de inicio de sesi\u00f3n en Rooks Bet pueden provocar el bloqueo de la cuenta, as\u00ed que ponte en contacto con el equipo de asistencia a trav\u00e9s de nuestro chat en vivo si sigues sin poder acceder antes de que la situaci\u00f3n se agrave y se bloquee por completo.<\/p>\n<table>\n<tbody>\n<tr>\n<td>Problema de inicio de sesi\u00f3n<\/td>\n<td>\u00bfQu\u00e9 est\u00e1 fallando?<\/td>\n<td>C\u00f3mo solucionarlo ahora mismo<\/td>\n<\/tr>\n<tr>\n<td>Error \u00abCredenciales no v\u00e1lidas\u00bb en el primer intento<\/td>\n<td>Error tipogr\u00e1fico en el correo electr\u00f3nico o la contrase\u00f1a: le pasa a todo el mundo alguna vez.<\/td>\n<td>Vuelve a escribirlo con cuidado. Comprueba que no tengas activado el bloqueo de may\u00fasculas. Utiliza la funci\u00f3n de autocompletar de un gestor de contrase\u00f1as para eliminar los errores humanos.<\/td>\n<\/tr>\n<tr>\n<td>Bloqueado tras varios intentos fallidos<\/td>\n<td>El sistema de seguridad de Rooksbet Casino cree que alguien est\u00e1 intentando acceder a su cuenta. Le est\u00e1 protegiendo.<\/td>\n<td>P\u00f3ngase en contacto con el equipo de asistencia inmediatamente antes de que el bloqueo temporal se convierta en una prohibici\u00f3n permanente.<\/td>\n<\/tr>\n<tr>\n<td>El inicio de sesi\u00f3n en Rooksbet funciona, pero el panel de control no se ve bien<\/td>\n<td>El navegador ha almacenado en cach\u00e9 datos de sesiones antiguas o las cookies se han da\u00f1ado de alguna manera.<\/td>\n<td>Borra la cach\u00e9 y las cookies de tu navegador. Actualiza la p\u00e1gina. Prueba el modo inc\u00f3gnito si la ventana normal funciona de forma extra\u00f1a.<\/td>\n<\/tr>\n<tr>\n<td>No recuerdas qu\u00e9 correo electr\u00f3nico utilizaste<\/td>\n<td>Tienes varios correos electr\u00f3nicos y no recuerdas con cu\u00e1l te registraste.<\/td>\n<td>Revisa todas tus bandejas de entrada en busca de un correo electr\u00f3nico de confirmaci\u00f3n de registro de Rooksbet. Estar\u00e1 all\u00ed.<\/td>\n<\/tr>\n<\/tbody>\n<\/table>\n<p>Una vez que hayas iniciado sesi\u00f3n en tu cuenta de Rooksbet, puedes personalizar tu experiencia accediendo a la configuraci\u00f3n y las herramientas que se encuentran en el panel de control.<\/p>\n<ul>\n<li>Puedes cambiar tus datos personales o la informaci\u00f3n de pago en cualquier momento.<\/li>\n<li>Tambi\u00e9n puedes revisar tu historial de actividad para realizar un seguimiento de todo lo que has hecho en la plataforma Rooks Bet Casino.<\/li>\n<li>Active las herramientas de juego responsable si cree que necesita establecer l\u00edmites para jugar de forma saludable.<\/li>\n<\/ul>\n<h3>Utiliza herramientas responsables<\/h3>\n<p>Rooksbet Casino pone controles de juego responsable directamente en el panel de control de tu cuenta, donde puedes encontrarlos f\u00e1cilmente cuando los necesites. Establece l\u00edmites de dep\u00f3sito que restrinjan la cantidad de dinero que ingresas cada d\u00eda, semana o mes. Los l\u00edmites de tiempo de sesi\u00f3n te expulsan cuando alcanzas el tiempo de juego establecido. Los l\u00edmites de p\u00e9rdidas ayudan a mantener bajo control las sesiones dif\u00edciles. La autoexclusi\u00f3n bloquea completamente tu cuenta durante un periodo de tiempo, que puede ser desde 24 horas hasta su cierre permanente. Las comprobaciones de realidad en Rooksbet te recuerdan cu\u00e1nto tiempo llevas jugando y cu\u00e1nto dinero has ganado o perdido. A veces, eso es justo lo que necesitas para despertar.<\/p>\n<h3>Qu\u00e9 hacer si olvidas tus datos de inicio de sesi\u00f3n<\/h3>\n<p>Surgen diferentes situaciones, como que los usuarios olviden los datos de inicio de sesi\u00f3n de Rooksbet, por ejemplo, que las contrase\u00f1as desaparezcan por completo de la memoria. Existen soluciones para restablecer las credenciales cuando esto ocurre:<\/p>\n<table>\n<tbody>\n<tr>\n<td>Paso<\/td>\n<td>Lo que est\u00e1s haciendo<\/td>\n<\/tr>\n<tr>\n<td>Accede a la p\u00e1gina de inicio de sesi\u00f3n<\/td>\n<td>Haz clic en \u00abEntrar\u00bb, situado en la esquina superior derecha de la p\u00e1gina principal<\/td>\n<\/tr>\n<tr>\n<td>Activa el restablecimiento de la contrase\u00f1a<\/td>\n<td>Sigue el enlace \u00ab\u00bfHas olvidado tu contrase\u00f1a?\u00bb que aparece en el formulario de inicio de sesi\u00f3n de Rooks Bet<\/td>\n<\/tr>\n<tr>\n<td>Introduce tu correo electr\u00f3nico<\/td>\n<td>Introduce la direcci\u00f3n de correo electr\u00f3nico vinculada a tu cuenta para que el sistema sepa qu\u00e9 cuenta debe restablecerse<\/td>\n<\/tr>\n<tr>\n<td>Compruebe su bandeja de entrada.<\/td>\n<td>Le enviaremos un enlace de restablecimiento donde podr\u00e1 crear una nueva contrase\u00f1a para su pr\u00f3ximo intento de inicio de sesi\u00f3n.<\/td>\n<\/tr>\n<\/tbody>\n<\/table>\n<p><img loading=\"lazy\" decoding=\"async\" class=\"alignnone size-full wp-image-2016\" src=\"https:\/\/therooksbet.com\/wp-content\/uploads\/2026\/03\/Rooksbet-Login.webp\" alt=\"Rooksbet Login\" width=\"1248\" height=\"536\" srcset=\"https:\/\/therooksbet.com\/wp-content\/uploads\/2026\/03\/Rooksbet-Login.webp 1248w, https:\/\/therooksbet.com\/wp-content\/uploads\/2026\/03\/Rooksbet-Login-300x129.webp 300w, https:\/\/therooksbet.com\/wp-content\/uploads\/2026\/03\/Rooksbet-Login-1024x440.webp 1024w, https:\/\/therooksbet.com\/wp-content\/uploads\/2026\/03\/Rooksbet-Login-768x330.webp 768w\" sizes=\"auto, (max-width: 1248px) 100vw, 1248px\" \/><\/p>\n<h2>C\u00f3mo completar la verificaci\u00f3n de la cuenta<\/h2>\n<p>La seguridad es muy importante en Rooksbet Casino. La plataforma toma las medidas necesarias para proteger los procesos que se ejecutan en el sitio web, al tiempo que le pide que respete las normas establecidas. Para evitar el fraude y ofrecer igualdad de oportunidades a todos, todos los usuarios deben completar la verificaci\u00f3n antes de acceder a determinadas funciones.<\/p>\n<p>El procedimiento debe completarse antes del primer proceso de retirada. Es muy sencillo: suba copias de sus documentos personales a la plataforma y los administradores los revisar\u00e1n en un plazo medio de 48 horas. El proceso de verificaci\u00f3n confirma la identidad, la edad, la direcci\u00f3n y la titularidad del pago.<\/p>\n<h2>Registrarse en Rooks Bet<\/h2>\n<p>Muchos usuarios dudan en crear cuentas en plataformas desconocidas porque se preguntan sobre la seguridad y la protecci\u00f3n de datos. Rooksbet Casino emplea protocolos seguros de intercambio de claves y sistemas especializados anti-bot para mantener su informaci\u00f3n protegida contra violaciones y ataques. El registro tambi\u00e9n le da acceso a m\u00e1s de 6.000 t\u00edtulos, incluyendo tragamonedas en l\u00ednea, juegos de mesa y opciones de casino en vivo. Tambi\u00e9n puede gestionar dep\u00f3sitos y retiros sin restricciones.<\/p>\n<p>Hay algunas reglas b\u00e1sicas que se deben tener en cuenta antes de iniciar el proceso de registro en Rooksbet. Solo los jugadores mayores de 18 a\u00f1os pueden crear cuentas en la plataforma, sin excepciones. Proporcione informaci\u00f3n personal veraz, ya que los procesos de verificaci\u00f3n posteriores comprobar\u00e1n que todo lo que ha introducido se ajusta a la realidad.<\/p>\n<h3>C\u00f3mo configurar tu cuenta<\/h3>\n<p>Crear una nueva cuenta en Rooksbet lleva como m\u00e1ximo unos minutos. El proceso es l\u00f3gico y no exige proporcionar demasiada informaci\u00f3n personal por adelantado. Si est\u00e1 listo para comenzar su aventura, estos son los pasos que debe seguir:<\/p>\n<ol>\n<li>Busca el bot\u00f3n de registro en el sitio web de Rooks Bet. Se encuentra en la esquina superior derecha, donde no puedes perderlo.<\/li>\n<li>Introduce tu informaci\u00f3n personal en los campos: como m\u00ednimo, la direcci\u00f3n de correo electr\u00f3nico y la contrase\u00f1a. Aqu\u00ed se aplican pol\u00edticas de contrase\u00f1as seguras, as\u00ed que mezcla caracteres especiales con letras min\u00fasculas y may\u00fasculas para crear una contrase\u00f1a realmente segura.<\/li>\n<li>Si tienes un c\u00f3digo promocional, rellena tambi\u00e9n ese campo, ya que te dar\u00e1 derecho a recompensas adicionales en Rooksbet Casino desde el principio.<\/li>\n<li>Confirma que eres mayor de edad y acepta los t\u00e9rminos y condiciones despu\u00e9s de seguir el enlace y leer las reglas.<\/li>\n<li>Comprueba dos veces todo lo que has introducido para asegurarte de que es correcto y, a continuaci\u00f3n, pulsa el bot\u00f3n \u00abRegistrarte\u00bb en la parte inferior de la p\u00e1gina para finalizar el proceso. Ahora ya puedes iniciar sesi\u00f3n en Rooksbet.<\/li>\n<\/ol>\n<h2>Preguntas frecuentes<\/h2>\n<h3>\u00bfQu\u00e9 ventajas obtengo al registrarme?<\/h3>\n<p>Al registrarte, podr\u00e1s jugar a cualquiera de los m\u00e1s de 6.000 juegos de la biblioteca de Rooksbet. Entre ellos se incluyen tragamonedas, juegos de mesa, juegos con crupier en vivo y mucho m\u00e1s. Tambi\u00e9n puedes obtener el regalo de bienvenida, participar en torneos con premios en dinero real y realizar dep\u00f3sitos y retiradas tantas veces como quieras. Rooksbet Casino tambi\u00e9n te permite realizar un seguimiento de tu historial de juego, establecer restricciones razonables sobre cu\u00e1nto puedes jugar y controlar tus opciones de pago. Puedes jugar en modo demo para ver c\u00f3mo funcionan los juegos, pero tienes que registrarte para ganar y retirar dinero real.<\/p>\n<h3>\u00bfC\u00f3mo actualizo mi informaci\u00f3n personal o la configuraci\u00f3n de seguridad de mi perfil?<\/h3>\n<p>Rooksbet Casino te permite cambiar o actualizar tus datos personales siempre que sea necesario. Solo tienes que iniciar sesi\u00f3n en tu cuenta, ir a Configuraci\u00f3n y actualizar tu informaci\u00f3n seg\u00fan sea necesario. Las actualizaciones de contrase\u00f1a se realizan a trav\u00e9s de la configuraci\u00f3n de seguridad. Se requiere una verificaci\u00f3n para confirmar la propiedad de la nueva direcci\u00f3n de correo electr\u00f3nico antes de que sustituya a la antigua. Ambos procesos son r\u00e1pidos y no implican retrasos innecesarios.<\/p>\n<h3>\u00bfQu\u00e9 documentos necesito para verificar mi cuenta?<\/h3>\n<p>La verificaci\u00f3n es bastante sencilla una vez que sabes lo que se necesita. Antes de tu primer proceso de retirada, se te pedir\u00e1 que proporciones copias de documentos personales que demuestren tu identidad, domicilio, edad y titularidad de la cuenta de pago. Los gestores revisan todo lo que se ha enviado y luego te informan cuando se ha completado la verificaci\u00f3n. Si no est\u00e1s seguro de qu\u00e9 documentos son aceptables, el equipo de asistencia multiling\u00fce de Rooks Bet puede ayudarte.<\/p>\n<\/div><\/div><\/p>\n","protected":false},"excerpt":{"rendered":"<p>Inicio de sesi\u00f3n y registro en la cuenta de Rooksbet Los visitantes que accedan por primera vez al casino desde Espa\u00f1a deber\u00edan plantearse seriamente completar el proceso de Rooksbet login, ya que les permite disfrutar de ventajas que hacen que el esfuerzo merezca la pena. Podr\u00e1n jugar con dinero real, retirar las ganancias que hayan [&hellip;]<\/p>\n","protected":false},"author":1,"featured_media":0,"parent":0,"menu_order":0,"comment_status":"closed","ping_status":"closed","template":"template-builder.php","meta":{"_acf_changed":false,"inline_featured_image":false,"footnotes":""},"class_list":["post-1487","page","type-page","status-publish","hentry"],"acf":[],"yoast_head":"<!-- This site is optimized with the Yoast SEO plugin v27.3 - https:\/\/yoast.com\/product\/yoast-seo-wordpress\/ -->\n<title>Rooksbet Casino Login &amp; Registro | Acceso Seguro<\/title>\n<meta name=\"description\" content=\"Rooksbet Casino Login \u2013 inicia sesi\u00f3n de forma segura o crea tu cuenta en segundos con acceso encriptado y verificaci\u00f3n r\u00e1pida. Gestiona la recuperaci\u00f3n de contrase\u00f1a, ajustes de perfil y herramientas de cuenta f\u00e1cilmente en Rooks Bet.\" \/>\n<meta name=\"robots\" content=\"index, follow, max-snippet:-1, max-image-preview:large, max-video-preview:-1\" \/>\n<link rel=\"canonical\" href=\"https:\/\/therooksbet.com\/es\/inicio-de-sesion-y-registro\/\" \/>\n<meta property=\"og:locale\" content=\"es_ES\" \/>\n<meta property=\"og:type\" content=\"article\" \/>\n<meta property=\"og:title\" content=\"Rooksbet Casino Login &amp; Registro | Acceso Seguro\" \/>\n<meta property=\"og:description\" content=\"Rooksbet Casino Login \u2013 inicia sesi\u00f3n de forma segura o crea tu cuenta en segundos con acceso encriptado y verificaci\u00f3n r\u00e1pida. Gestiona la recuperaci\u00f3n de contrase\u00f1a, ajustes de perfil y herramientas de cuenta f\u00e1cilmente en Rooks Bet.\" \/>\n<meta property=\"og:url\" content=\"https:\/\/therooksbet.com\/es\/inicio-de-sesion-y-registro\/\" \/>\n<meta property=\"og:site_name\" content=\"rooksbet\" \/>\n<meta property=\"article:modified_time\" content=\"2026-03-12T13:16:22+00:00\" \/>\n<meta name=\"twitter:card\" content=\"summary_large_image\" \/>\n<meta name=\"twitter:label1\" content=\"Est. reading time\" \/>\n\t<meta name=\"twitter:data1\" content=\"1 minute\" \/>\n<script type=\"application\/ld+json\" class=\"yoast-schema-graph\">{\"@context\":\"https:\\\/\\\/schema.org\",\"@graph\":[{\"@type\":\"WebPage\",\"@id\":\"https:\\\/\\\/therooksbet.com\\\/es\\\/inicio-de-sesion-y-registro\\\/\",\"url\":\"https:\\\/\\\/therooksbet.com\\\/es\\\/inicio-de-sesion-y-registro\\\/\",\"name\":\"Rooksbet Casino Login & Registro | Acceso Seguro\",\"isPartOf\":{\"@id\":\"https:\\\/\\\/therooksbet.com\\\/es\\\/#website\"},\"datePublished\":\"2026-01-20T12:11:11+00:00\",\"dateModified\":\"2026-03-12T13:16:22+00:00\",\"description\":\"Rooksbet Casino Login \u2013 inicia sesi\u00f3n de forma segura o crea tu cuenta en segundos con acceso encriptado y verificaci\u00f3n r\u00e1pida. Gestiona la recuperaci\u00f3n de contrase\u00f1a, ajustes de perfil y herramientas de cuenta f\u00e1cilmente en Rooks Bet.\",\"breadcrumb\":{\"@id\":\"https:\\\/\\\/therooksbet.com\\\/es\\\/inicio-de-sesion-y-registro\\\/#breadcrumb\"},\"inLanguage\":\"es-ES\",\"potentialAction\":[{\"@type\":\"ReadAction\",\"target\":[\"https:\\\/\\\/therooksbet.com\\\/es\\\/inicio-de-sesion-y-registro\\\/\"]}]},{\"@type\":\"BreadcrumbList\",\"@id\":\"https:\\\/\\\/therooksbet.com\\\/es\\\/inicio-de-sesion-y-registro\\\/#breadcrumb\",\"itemListElement\":[{\"@type\":\"ListItem\",\"position\":1,\"name\":\"Rooksbet\",\"item\":\"https:\\\/\\\/therooksbet.com\\\/es\\\/\"},{\"@type\":\"ListItem\",\"position\":2,\"name\":\"Inicio de sesi\u00f3n y Registro\"}]},{\"@type\":\"WebSite\",\"@id\":\"https:\\\/\\\/therooksbet.com\\\/es\\\/#website\",\"url\":\"https:\\\/\\\/therooksbet.com\\\/es\\\/\",\"name\":\"Rooksbet\",\"description\":\"\",\"publisher\":{\"@id\":\"https:\\\/\\\/therooksbet.com\\\/es\\\/#organization\"},\"potentialAction\":[{\"@type\":\"SearchAction\",\"target\":{\"@type\":\"EntryPoint\",\"urlTemplate\":\"https:\\\/\\\/therooksbet.com\\\/es\\\/?s={search_term_string}\"},\"query-input\":{\"@type\":\"PropertyValueSpecification\",\"valueRequired\":true,\"valueName\":\"search_term_string\"}}],\"inLanguage\":\"es-ES\"},{\"@type\":\"Organization\",\"@id\":\"https:\\\/\\\/therooksbet.com\\\/es\\\/#organization\",\"name\":\"Rooksbet\",\"url\":\"https:\\\/\\\/therooksbet.com\\\/es\\\/\",\"logo\":{\"@type\":\"ImageObject\",\"inLanguage\":\"es-ES\",\"@id\":\"https:\\\/\\\/therooksbet.com\\\/es\\\/#\\\/schema\\\/logo\\\/image\\\/\",\"url\":\"https:\\\/\\\/therooksbet.com\\\/wp-content\\\/uploads\\\/2026\\\/03\\\/Rooksbet-logo-Desktop.png\",\"contentUrl\":\"https:\\\/\\\/therooksbet.com\\\/wp-content\\\/uploads\\\/2026\\\/03\\\/Rooksbet-logo-Desktop.png\",\"width\":167,\"height\":44,\"caption\":\"Rooksbet\"},\"image\":{\"@id\":\"https:\\\/\\\/therooksbet.com\\\/es\\\/#\\\/schema\\\/logo\\\/image\\\/\"}}]}<\/script>\n<!-- \/ Yoast SEO plugin. -->","yoast_head_json":{"title":"Rooksbet Casino Login & Registro | Acceso Seguro","description":"Rooksbet Casino Login \u2013 inicia sesi\u00f3n de forma segura o crea tu cuenta en segundos con acceso encriptado y verificaci\u00f3n r\u00e1pida. Gestiona la recuperaci\u00f3n de contrase\u00f1a, ajustes de perfil y herramientas de cuenta f\u00e1cilmente en Rooks Bet.","robots":{"index":"index","follow":"follow","max-snippet":"max-snippet:-1","max-image-preview":"max-image-preview:large","max-video-preview":"max-video-preview:-1"},"canonical":"https:\/\/therooksbet.com\/es\/inicio-de-sesion-y-registro\/","og_locale":"es_ES","og_type":"article","og_title":"Rooksbet Casino Login & Registro | Acceso Seguro","og_description":"Rooksbet Casino Login \u2013 inicia sesi\u00f3n de forma segura o crea tu cuenta en segundos con acceso encriptado y verificaci\u00f3n r\u00e1pida. Gestiona la recuperaci\u00f3n de contrase\u00f1a, ajustes de perfil y herramientas de cuenta f\u00e1cilmente en Rooks Bet.","og_url":"https:\/\/therooksbet.com\/es\/inicio-de-sesion-y-registro\/","og_site_name":"rooksbet","article_modified_time":"2026-03-12T13:16:22+00:00","twitter_card":"summary_large_image","twitter_misc":{"Est. reading time":"1 minute"},"schema":{"@context":"https:\/\/schema.org","@graph":[{"@type":"WebPage","@id":"https:\/\/therooksbet.com\/es\/inicio-de-sesion-y-registro\/","url":"https:\/\/therooksbet.com\/es\/inicio-de-sesion-y-registro\/","name":"Rooksbet Casino Login & Registro | Acceso Seguro","isPartOf":{"@id":"https:\/\/therooksbet.com\/es\/#website"},"datePublished":"2026-01-20T12:11:11+00:00","dateModified":"2026-03-12T13:16:22+00:00","description":"Rooksbet Casino Login \u2013 inicia sesi\u00f3n de forma segura o crea tu cuenta en segundos con acceso encriptado y verificaci\u00f3n r\u00e1pida. Gestiona la recuperaci\u00f3n de contrase\u00f1a, ajustes de perfil y herramientas de cuenta f\u00e1cilmente en Rooks Bet.","breadcrumb":{"@id":"https:\/\/therooksbet.com\/es\/inicio-de-sesion-y-registro\/#breadcrumb"},"inLanguage":"es-ES","potentialAction":[{"@type":"ReadAction","target":["https:\/\/therooksbet.com\/es\/inicio-de-sesion-y-registro\/"]}]},{"@type":"BreadcrumbList","@id":"https:\/\/therooksbet.com\/es\/inicio-de-sesion-y-registro\/#breadcrumb","itemListElement":[{"@type":"ListItem","position":1,"name":"Rooksbet","item":"https:\/\/therooksbet.com\/es\/"},{"@type":"ListItem","position":2,"name":"Inicio de sesi\u00f3n y Registro"}]},{"@type":"WebSite","@id":"https:\/\/therooksbet.com\/es\/#website","url":"https:\/\/therooksbet.com\/es\/","name":"Rooksbet","description":"","publisher":{"@id":"https:\/\/therooksbet.com\/es\/#organization"},"potentialAction":[{"@type":"SearchAction","target":{"@type":"EntryPoint","urlTemplate":"https:\/\/therooksbet.com\/es\/?s={search_term_string}"},"query-input":{"@type":"PropertyValueSpecification","valueRequired":true,"valueName":"search_term_string"}}],"inLanguage":"es-ES"},{"@type":"Organization","@id":"https:\/\/therooksbet.com\/es\/#organization","name":"Rooksbet","url":"https:\/\/therooksbet.com\/es\/","logo":{"@type":"ImageObject","inLanguage":"es-ES","@id":"https:\/\/therooksbet.com\/es\/#\/schema\/logo\/image\/","url":"https:\/\/therooksbet.com\/wp-content\/uploads\/2026\/03\/Rooksbet-logo-Desktop.png","contentUrl":"https:\/\/therooksbet.com\/wp-content\/uploads\/2026\/03\/Rooksbet-logo-Desktop.png","width":167,"height":44,"caption":"Rooksbet"},"image":{"@id":"https:\/\/therooksbet.com\/es\/#\/schema\/logo\/image\/"}}]}},"_links":{"self":[{"href":"https:\/\/therooksbet.com\/es\/wp-json\/wp\/v2\/pages\/1487","targetHints":{"allow":["GET"]}}],"collection":[{"href":"https:\/\/therooksbet.com\/es\/wp-json\/wp\/v2\/pages"}],"about":[{"href":"https:\/\/therooksbet.com\/es\/wp-json\/wp\/v2\/types\/page"}],"author":[{"embeddable":true,"href":"https:\/\/therooksbet.com\/es\/wp-json\/wp\/v2\/users\/1"}],"replies":[{"embeddable":true,"href":"https:\/\/therooksbet.com\/es\/wp-json\/wp\/v2\/comments?post=1487"}],"version-history":[{"count":3,"href":"https:\/\/therooksbet.com\/es\/wp-json\/wp\/v2\/pages\/1487\/revisions"}],"predecessor-version":[{"id":2144,"href":"https:\/\/therooksbet.com\/es\/wp-json\/wp\/v2\/pages\/1487\/revisions\/2144"}],"wp:attachment":[{"href":"https:\/\/therooksbet.com\/es\/wp-json\/wp\/v2\/media?parent=1487"}],"curies":[{"name":"wp","href":"https:\/\/api.w.org\/{rel}","templated":true}]}}