{"id":1440,"date":"2026-01-20T12:08:23","date_gmt":"2026-01-20T12:08:23","guid":{"rendered":"https:\/\/bonuskongcasino.com\/app\/"},"modified":"2026-03-12T10:30:46","modified_gmt":"2026-03-12T10:30:46","slug":"app","status":"publish","type":"page","link":"https:\/\/therooksbet.com\/fr\/app\/","title":{"rendered":"App"},"content":{"rendered":"<h1>Plateforme mobile Rooksbet<\/h1>\n<p>Tout ce que vous attendez de notre casino se trouve \u00e9galement dans Rooksbet App : tous les titres, bonus, options de paiement et fonctionnalit\u00e9s qui font fonctionner la plateforme. Le choix de l&rsquo;appareil ne vous emp\u00eache pas d&rsquo;acc\u00e9der \u00e0 quoi que ce soit d&rsquo;important. Choisissez ce qui vous semble le plus pratique dans votre situation actuelle. Connectez-vous \u00e0 votre compte et tout se synchronise automatiquement : vos informations personnelles, votre solde, vos r\u00e9sultats, tout est identique sur toutes les plateformes. Rooksbet Casino fonctionne parfaitement sur les appareils Android et iOS actuels, sans aucun probl\u00e8me de compatibilit\u00e9.<\/p>\n<div class=\"banner-wrap\" aria-label=\"Banner\"><img src=\"https:\/\/therooksbet.com\/wp-content\/uploads\/2026\/03\/Rooksbet-banner-desktop.webp\" class=\"w-100 d-none d-lg-block img-pc main-banner-img\" alt=\"rooksbet bonus desktop\" fetchpriority=\"high\" decoding=\"async\"><img src=\"https:\/\/therooksbet.com\/wp-content\/uploads\/2026\/03\/Rooksbet-banner-mobile.webp\" class=\"w-100 d-none d-md-block d-lg-none main-banner-img\" alt=\"rooksbet bonus mobile\" fetchpriority=\"high\" decoding=\"async\"><img src=\"https:\/\/therooksbet.com\/wp-content\/uploads\/2026\/03\/Rooksbet-banner-mobile.webp\" class=\"w-100 d-md-none\" alt=\"rooksbet bonus mobile\" fetchpriority=\"high\" decoding=\"async\"><div class=\"banner-description\">\n<div class=\"banner-title\">Bonus de bienvenue<\/div>\n<p class=\"banner-header-title\">1500 \u20ac<\/p>\n<div class=\"banner-header-AdditionalText\">+ 250 Tours gratuits<\/div>\n<button data-item=\"homepage_banner_link\" class=\"goto m-button m-gradient-border m-button--primary m-button--large banner-button btn-orange\">\n            <div class=\"m-button-content\">\n                <span>Inscrivez-vous d\u00e8s maintenant<\/span>\n                <span><\/span>\n            <\/div>\n        <\/button>\n<\/div>\n<div class=\"WelcomePack\">\n<p><img loading=\"lazy\" decoding=\"async\" class=\"alignnone size-full wp-image-1851\" src=\"https:\/\/therooksbet.com\/wp-content\/uploads\/2026\/03\/welcome-crown.png\" alt=\"welcome crown\" width=\"25\" height=\"26\" \/><\/p>\n<div class=\"WelcomePack-Info\">Cashback hebdomadaire jusqu&rsquo;\u00e0 25 %<\/div>\n<p><img loading=\"lazy\" decoding=\"async\" class=\"alignnone size-full wp-image-1851\" src=\"https:\/\/therooksbet.com\/wp-content\/uploads\/2026\/03\/welcome-crown.png\" alt=\"welcome crown\" width=\"25\" height=\"26\" \/><\/p>\n<\/div>\n<\/div>\n<h2>Avantages de l&rsquo;application Rooksbet<\/h2>\n<p>Jouer \u00e0 Rooks Bet sur votre t\u00e9l\u00e9phone ou votre tablette offre un r\u00e9el confort, car vous pouvez vous connecter \u00e0 tout moment et pratiquement partout. Les fonctionnalit\u00e9s de la version PC sont enti\u00e8rement transf\u00e9r\u00e9es. L&rsquo;ensemble de la collection de jeux, comme les machines \u00e0 sous en ligne, les jeux de table, les produits \u00e0 gain instantan\u00e9 et les salles de casino en direct, devient accessible depuis n&rsquo;importe quel appareil mobile que vous poss\u00e9dez.<\/p>\n<p>Il existe deux fa\u00e7ons d&rsquo;acc\u00e9der au casino depuis un appareil mobile : en naviguant sur l&rsquo;interface web classique de votre t\u00e9l\u00e9phone ou en t\u00e9l\u00e9chargeant l&rsquo;application d\u00e9di\u00e9e Rooksbet. Les deux offrent une exp\u00e9rience de jeu solide, avec un chargement rapide, des fonctionnalit\u00e9s optimis\u00e9es pour les appareils mobiles et un gameplay fluide, sans saccades ni ralentissements.<\/p>\n<p>G\u00e9rer un casino r\u00e9glement\u00e9 implique de prendre tr\u00e8s au s\u00e9rieux les r\u00e8gles du secteur. La version mobile du casino Rooksbet utilise des pare-feu d&rsquo;application web et un \u00e9change de cl\u00e9s RSA-2048 s\u00e9curis\u00e9 pour prot\u00e9ger votre compte contre les pirates informatiques. Des tests r\u00e9guliers de l&rsquo;application mobile montrent qu&rsquo;elle reste totalement s\u00fbre \u00e0 installer et ne pr\u00e9sente aucune faille de s\u00e9curit\u00e9 cach\u00e9e dans son code.<\/p>\n<p><div class=\"scrollable-content-wrap my-5\"><div class=\"scrollable-content-inner\"><h2>Comment jouer \u00e0 Rooks Bet sur iPhone et iPad<\/h2>\n<p>L&rsquo;installation de l&rsquo;application Rooksbet sur les appareils iOS est tr\u00e8s simple. Le casino mobile s&rsquo;installe directement \u00e0 partir du site web principal, ce qui simplifie les choses. La conception et la navigation restent famili\u00e8res si vous avez d\u00e9j\u00e0 utilis\u00e9 la version de bureau, il n&rsquo;y a donc pas de courbe d&rsquo;apprentissage pour vous r\u00e9orienter vers des mises en page compl\u00e8tement diff\u00e9rentes.<\/p>\n<h3>Installation \u00e9tape par \u00e9tape de l&rsquo;application iOS<\/h3>\n<p>Pour obtenir l&rsquo;application sur votre iPhone ou iPad, vous devez appuyer sur l&rsquo;ic\u00f4ne \u00ab Partager \u00bb en bas de votre \u00e9cran. Lorsque le menu appara\u00eet, choisissez \u00ab Ajouter \u00e0 l&rsquo;\u00e9cran d&rsquo;accueil \u00bb. L&rsquo;ic\u00f4ne de la marque appara\u00eetra sur votre \u00e9cran, pr\u00eate \u00e0 \u00eatre s\u00e9lectionn\u00e9e.<\/p>\n<p>Mais sachez que si vous n&rsquo;\u00eates pas encore pr\u00eat \u00e0 installer quelque chose de nouveau, ce n&rsquo;est pas grave. Il vous suffit de vous rendre sur la page via Safari ou Chrome et de profiter des jeux o\u00f9 que vous soyez sans l&rsquo;application Rooks Bet Casino.<\/p>\n<p><img loading=\"lazy\" decoding=\"async\" class=\"alignnone size-full wp-image-2003\" src=\"https:\/\/therooksbet.com\/wp-content\/uploads\/2026\/03\/Rooksbet-iOS-App.webp\" alt=\"Rooksbet iOS App\" width=\"1248\" height=\"536\" srcset=\"https:\/\/therooksbet.com\/wp-content\/uploads\/2026\/03\/Rooksbet-iOS-App.webp 1248w, https:\/\/therooksbet.com\/wp-content\/uploads\/2026\/03\/Rooksbet-iOS-App-300x129.webp 300w, https:\/\/therooksbet.com\/wp-content\/uploads\/2026\/03\/Rooksbet-iOS-App-1024x440.webp 1024w, https:\/\/therooksbet.com\/wp-content\/uploads\/2026\/03\/Rooksbet-iOS-App-768x330.webp 768w\" sizes=\"auto, (max-width: 1248px) 100vw, 1248px\" \/><\/p>\n<\/div><\/div><div style=\"clear: both\"><\/div><div class=\"d-flex justify-content-center\"><button data-item=\"decouvrez_link\" data-group=\"website_links\" class=\"goto fw-bold rounded-pill btn btn-orange\" aria-label=\"T\u00e9l\u00e9chargez l&#039;application RooksBet\" >T\u00e9l\u00e9chargez l&#039;application RooksBet<\/button><\/div><div class=\"scrollable-content-wrap my-5\"><div class=\"scrollable-content-inner\"><h2>Rooksbet depuis un PC ou un Mac<\/h2>\n<p>La version PC reste disponible pour ceux qui pr\u00e9f\u00e8rent les grands \u00e9crans ou les configurations de bureau. Le passage d&rsquo;un appareil \u00e0 l&rsquo;autre se fait en toute simplicit\u00e9, en fonction de votre situation et de votre emplacement \u00e0 un moment donn\u00e9. L&rsquo;essentiel est d&rsquo;utiliser le m\u00eame compte Rooksbet Casino partout. C&rsquo;est seulement ainsi que vos donn\u00e9es se synchroniseront correctement entre les plateformes, sans transfert manuel ni perte d&rsquo;informations.<\/p>\n<p>Les navigateurs modernes vous permettent de cr\u00e9er des ic\u00f4nes de raccourci pour les pages fr\u00e9quemment visit\u00e9es, et cela fonctionne \u00e9galement parfaitement pour Rooksbet Casino. Cr\u00e9er un raccourci sur le bureau signifie acc\u00e9der au casino en un seul clic, sans avoir \u00e0 ouvrir le navigateur, \u00e0 rechercher dans les signets ou \u00e0 taper l&rsquo;URL \u00e0 plusieurs reprises.<\/p>\n<p><img loading=\"lazy\" decoding=\"async\" class=\"alignnone size-full wp-image-1995\" src=\"https:\/\/therooksbet.com\/wp-content\/uploads\/2026\/03\/Rooksbet-Desktop.webp\" alt=\"Rooksbet Desktop\" width=\"1248\" height=\"536\" srcset=\"https:\/\/therooksbet.com\/wp-content\/uploads\/2026\/03\/Rooksbet-Desktop.webp 1248w, https:\/\/therooksbet.com\/wp-content\/uploads\/2026\/03\/Rooksbet-Desktop-300x129.webp 300w, https:\/\/therooksbet.com\/wp-content\/uploads\/2026\/03\/Rooksbet-Desktop-1024x440.webp 1024w, https:\/\/therooksbet.com\/wp-content\/uploads\/2026\/03\/Rooksbet-Desktop-768x330.webp 768w\" sizes=\"auto, (max-width: 1248px) 100vw, 1248px\" \/><\/p>\n<\/div><\/div><div style=\"clear: both\"><\/div><div class=\"d-flex justify-content-center\"><button data-item=\"decouvrez_link\" data-group=\"website_links\" class=\"goto fw-bold rounded-pill btn btn-orange\" aria-label=\"T\u00e9l\u00e9charger RooksBet\" >T\u00e9l\u00e9charger RooksBet<\/button><\/div><div class=\"scrollable-content-wrap my-5\"><div class=\"scrollable-content-inner\"><h2>T\u00e9l\u00e9chargement et utilisation de l&rsquo;application sur Android<\/h2>\n<p>Les propri\u00e9taires de smartphones ou de tablettes Android peuvent facilement acc\u00e9der \u00e0 la plateforme sur leurs appareils. Il suffit de choisir le navigateur web que vous pr\u00e9f\u00e9rez et de visiter le site. Rooksbet s&rsquo;adapte automatiquement \u00e0 la taille et \u00e0 la r\u00e9solution de votre \u00e9cran sans r\u00e9glages manuels. Les fonctionnalit\u00e9s et les processus ne sont pas r\u00e9duits ou limit\u00e9s. Tout ce qui est disponible sur le bureau fonctionne \u00e9galement sur mobile.<\/p>\n<p>Il existe une autre option pour jouer en d\u00e9placement : l&rsquo;application Rooksbet pour Android. Il s&rsquo;agit d&rsquo;une application web progressive t\u00e9l\u00e9chargeable directement depuis le site web. L&rsquo;impact sur le stockage reste minime, car elle s&rsquo;appuie sur des donn\u00e9es mises en cache pour effectuer les t\u00e2ches les plus lourdes. Vous n&rsquo;avez plus besoin de t\u00e9l\u00e9charger des fichiers APK Rooksbet provenant de sources non fiables. Les instructions d&rsquo;installation vous guideront rapidement et facilement tout au long du processus de configuration.<\/p>\n<table>\n<tbody>\n<tr>\n<td>\u00c9tape<\/td>\n<td>Ce que vous faites<\/td>\n<\/tr>\n<tr>\n<td>Cliquez sur le bouton \u00ab Plus \u00bb sur le site web de Rooksbet Casino<\/td>\n<td>Vous le trouverez dans la barre d&rsquo;adresse, sous la forme de trois points verticaux empil\u00e9s<\/td>\n<\/tr>\n<tr>\n<td>Recherchez l&rsquo;option d&rsquo;installation<\/td>\n<td>Faites d\u00e9filer la liste jusqu&rsquo;\u00e0 ce que vous trouviez \u00ab Ajouter \u00e0 l&rsquo;\u00e9cran d&rsquo;accueil \u00bb et appuyez dessus<\/td>\n<\/tr>\n<tr>\n<td>Personnalisez si vous le souhaitez<\/td>\n<td>Modifiez le nom et l&rsquo;apparence de l&rsquo;ic\u00f4ne, ou laissez simplement les param\u00e8tres par d\u00e9faut<\/td>\n<\/tr>\n<tr>\n<td>Placez l&rsquo;ic\u00f4ne et connectez-vous<\/td>\n<td>Une ic\u00f4ne appara\u00eet sur votre \u00e9cran d&rsquo;accueil une fois les \u00e9tapes termin\u00e9es. Faites-la glisser \u00e0 l&rsquo;endroit qui vous convient, puis connectez-vous \u00e0 votre compte.<\/td>\n<\/tr>\n<\/tbody>\n<\/table>\n<p><img loading=\"lazy\" decoding=\"async\" class=\"alignnone size-full wp-image-1987\" src=\"https:\/\/therooksbet.com\/wp-content\/uploads\/2026\/03\/Rooksbet-Android-App.webp\" alt=\"Rooksbet Android App\" width=\"1248\" height=\"536\" srcset=\"https:\/\/therooksbet.com\/wp-content\/uploads\/2026\/03\/Rooksbet-Android-App.webp 1248w, https:\/\/therooksbet.com\/wp-content\/uploads\/2026\/03\/Rooksbet-Android-App-300x129.webp 300w, https:\/\/therooksbet.com\/wp-content\/uploads\/2026\/03\/Rooksbet-Android-App-1024x440.webp 1024w, https:\/\/therooksbet.com\/wp-content\/uploads\/2026\/03\/Rooksbet-Android-App-768x330.webp 768w\" sizes=\"auto, (max-width: 1248px) 100vw, 1248px\" \/><\/p>\n<\/div><\/div><div style=\"clear: both\"><\/div><div class=\"d-flex justify-content-center\"><button data-item=\"decouvrez_link\" data-group=\"website_links\" class=\"goto fw-bold rounded-pill btn btn-orange\" aria-label=\"T\u00e9l\u00e9chargez l&#039;application RooksBet\" >T\u00e9l\u00e9chargez l&#039;application RooksBet<\/button><\/div><div class=\"scrollable-content-wrap my-5\"><div class=\"scrollable-content-inner\"><h2>Fonctionnalit\u00e9s de s\u00e9curit\u00e9 et de s\u00fbret\u00e9 de l&rsquo;application<\/h2>\n<p>Le choix de l&rsquo;appareil n&rsquo;a aucune incidence sur la s\u00e9curit\u00e9, car les mesures de protection s&rsquo;appliquent de mani\u00e8re universelle \u00e0 l&rsquo;application Rooks Bet pour iOS, Android et PC :<\/p>\n<ul>\n<li>La prise en charge de l&rsquo;authentification biom\u00e9trique permet de se connecter via l&#8217;empreinte digitale ou la reconnaissance faciale sur les appareils mobiles compatibles, ajoutant ainsi une couche de protection suppl\u00e9mentaire aux mots de passe.<\/li>\n<li>La tokenisation remplace les informations sensibles de la carte par des jetons s\u00e9curis\u00e9s, ce qui r\u00e9duit consid\u00e9rablement les risques de fraude lors des transactions.<\/li>\n<li>La surveillance des activit\u00e9s en temps r\u00e9el d\u00e9tecte instantan\u00e9ment les connexions suspectes, les sch\u00e9mas de paris inhabituels ou les transactions frauduleuses avant que les dommages ne s&rsquo;aggravent.<\/li>\n<li>Des mises \u00e0 jour logicielles s\u00e9curis\u00e9es sont d\u00e9ploy\u00e9es c\u00f4t\u00e9 serveur pour la PWA, vous garantissant ainsi de toujours disposer de la derni\u00e8re version prot\u00e9g\u00e9e sans perdre de temps en t\u00e9l\u00e9chargements manuels.<\/li>\n<\/ul>\n<p>N&rsquo;oubliez pas de terminer le processus de v\u00e9rification. Cela rendra votre compte Rooksbet Casino plus s\u00fbr et vous ouvrira de nouvelles opportunit\u00e9s.<\/p>\n<h2>FAQ<\/h2>\n<h3>Mes d\u00e9p\u00f4ts sont-ils s\u00e9curis\u00e9s lorsque j&rsquo;utilise l&rsquo;application mobile ?<\/h3>\n<p>L&rsquo;application Rooksbet utilise les m\u00eames m\u00e9thodes de cryptage que le site web. Les protocoles TLS et AES-256 prot\u00e8gent chaque transaction, garantissant un niveau de s\u00e9curit\u00e9 \u00e9lev\u00e9. Vos informations de paiement sont tokenis\u00e9es avant d&rsquo;\u00eatre envoy\u00e9es. Les d\u00e9p\u00f4ts mobiles sont tout aussi s\u00e9curis\u00e9s que ceux effectu\u00e9s sur ordinateur : aucun raccourci n&rsquo;est pris pour des raisons de commodit\u00e9.<\/p>\n<h3>Que dois-je faire si l&rsquo;application Rooksbet continue de planter ?<\/h3>\n<p>Fermez l&rsquo;application, puis rouvrez-la. Assurez-vous que vous disposez de la version la plus r\u00e9cente et red\u00e9marrez votre t\u00e9l\u00e9phone. Si elle continue de planter, vous pouvez soit vider le cache dans les param\u00e8tres de votre t\u00e9l\u00e9phone, soit supprimer et r\u00e9installer l&rsquo;application Rooksbet Casino. Si l&rsquo;application continue de planter, veuillez contacter notre \u00e9quipe d&rsquo;assistance via le chat en direct et lui indiquer le type d&rsquo;appareil que vous utilisez et quand les plantages se produisent. Elle pourra d\u00e9terminer s&rsquo;il s&rsquo;agit d&rsquo;un probl\u00e8me de configuration ou d&rsquo;un bug.<\/p>\n<h3>Pourquoi devrais-je utiliser l&rsquo;application Rooks Bet plut\u00f4t que le site web ?<\/h3>\n<p>L&rsquo;application se charge plus rapidement, utilise moins de donn\u00e9es gr\u00e2ce \u00e0 une mise en cache intelligente et envoie des notifications push concernant les bonus et les mises \u00e0 jour des tournois afin que vous ne manquiez pas les offres limit\u00e9es dans le temps. Vous pouvez \u00e9galement la lancer d&rsquo;un simple clic depuis votre \u00e9cran d&rsquo;accueil. Lorsque vous l&rsquo;utilisez pendant une longue p\u00e9riode, ses performances restent plus fluides que lorsque vous utilisez des navigateurs mobiles avec de nombreux onglets ouverts.<\/p>\n<\/div><\/div><\/p>\n","protected":false},"excerpt":{"rendered":"<p>Plateforme mobile Rooksbet Tout ce que vous attendez de notre casino se trouve \u00e9galement dans Rooksbet App : tous les titres, bonus, options de paiement et fonctionnalit\u00e9s qui font fonctionner la plateforme. Le choix de l&rsquo;appareil ne vous emp\u00eache pas d&rsquo;acc\u00e9der \u00e0 quoi que ce soit d&rsquo;important. Choisissez ce qui vous semble le plus pratique [&hellip;]<\/p>\n","protected":false},"author":1,"featured_media":0,"parent":0,"menu_order":0,"comment_status":"closed","ping_status":"closed","template":"template-builder.php","meta":{"_acf_changed":false,"inline_featured_image":false,"footnotes":""},"class_list":["post-1440","page","type-page","status-publish","hentry"],"acf":[],"yoast_head":"<!-- This site is optimized with the Yoast SEO plugin v27.3 - https:\/\/yoast.com\/product\/yoast-seo-wordpress\/ -->\n<title>Rooksbet Casino App T\u00e9l\u00e9charger | iOS, Android &amp; Bureau<\/title>\n<meta name=\"description\" content=\"Rooksbet Casino App \u2013 t\u00e9l\u00e9chargez l&#039;application pour iOS, Android et bureau pour jouer aux machines \u00e0 sous, jeux de table et casino en direct partout. Profitez de performances fluides et d&#039;un acc\u00e8s complet \u00e0 votre compte avec Rooks Bet.\" \/>\n<meta name=\"robots\" content=\"index, follow, max-snippet:-1, max-image-preview:large, max-video-preview:-1\" \/>\n<link rel=\"canonical\" href=\"https:\/\/therooksbet.com\/fr\/app\/\" \/>\n<meta property=\"og:locale\" content=\"fr_FR\" \/>\n<meta property=\"og:type\" content=\"article\" \/>\n<meta property=\"og:title\" content=\"Rooksbet Casino App T\u00e9l\u00e9charger | iOS, Android &amp; Bureau\" \/>\n<meta property=\"og:description\" content=\"Rooksbet Casino App \u2013 t\u00e9l\u00e9chargez l&#039;application pour iOS, Android et bureau pour jouer aux machines \u00e0 sous, jeux de table et casino en direct partout. Profitez de performances fluides et d&#039;un acc\u00e8s complet \u00e0 votre compte avec Rooks Bet.\" \/>\n<meta property=\"og:url\" content=\"https:\/\/therooksbet.com\/fr\/app\/\" \/>\n<meta property=\"og:site_name\" content=\"rooksbet\" \/>\n<meta property=\"article:modified_time\" content=\"2026-03-12T10:30:46+00:00\" \/>\n<meta name=\"twitter:card\" content=\"summary_large_image\" \/>\n<meta name=\"twitter:label1\" content=\"Dur\u00e9e de lecture estim\u00e9e\" \/>\n\t<meta name=\"twitter:data1\" content=\"2 minutes\" \/>\n<script type=\"application\/ld+json\" class=\"yoast-schema-graph\">{\"@context\":\"https:\\\/\\\/schema.org\",\"@graph\":[{\"@type\":\"WebPage\",\"@id\":\"https:\\\/\\\/therooksbet.com\\\/fr\\\/app\\\/\",\"url\":\"https:\\\/\\\/therooksbet.com\\\/fr\\\/app\\\/\",\"name\":\"Rooksbet Casino App T\u00e9l\u00e9charger | iOS, Android & Bureau\",\"isPartOf\":{\"@id\":\"https:\\\/\\\/therooksbet.com\\\/fr\\\/#website\"},\"datePublished\":\"2026-01-20T12:08:23+00:00\",\"dateModified\":\"2026-03-12T10:30:46+00:00\",\"description\":\"Rooksbet Casino App \u2013 t\u00e9l\u00e9chargez l'application pour iOS, Android et bureau pour jouer aux machines \u00e0 sous, jeux de table et casino en direct partout. Profitez de performances fluides et d'un acc\u00e8s complet \u00e0 votre compte avec Rooks Bet.\",\"breadcrumb\":{\"@id\":\"https:\\\/\\\/therooksbet.com\\\/fr\\\/app\\\/#breadcrumb\"},\"inLanguage\":\"fr-FR\",\"potentialAction\":[{\"@type\":\"ReadAction\",\"target\":[\"https:\\\/\\\/therooksbet.com\\\/fr\\\/app\\\/\"]}]},{\"@type\":\"BreadcrumbList\",\"@id\":\"https:\\\/\\\/therooksbet.com\\\/fr\\\/app\\\/#breadcrumb\",\"itemListElement\":[{\"@type\":\"ListItem\",\"position\":1,\"name\":\"Rooksbet\",\"item\":\"https:\\\/\\\/therooksbet.com\\\/fr\\\/\"},{\"@type\":\"ListItem\",\"position\":2,\"name\":\"App\"}]},{\"@type\":\"WebSite\",\"@id\":\"https:\\\/\\\/therooksbet.com\\\/fr\\\/#website\",\"url\":\"https:\\\/\\\/therooksbet.com\\\/fr\\\/\",\"name\":\"Rooksbet\",\"description\":\"\",\"publisher\":{\"@id\":\"https:\\\/\\\/therooksbet.com\\\/fr\\\/#organization\"},\"potentialAction\":[{\"@type\":\"SearchAction\",\"target\":{\"@type\":\"EntryPoint\",\"urlTemplate\":\"https:\\\/\\\/therooksbet.com\\\/fr\\\/?s={search_term_string}\"},\"query-input\":{\"@type\":\"PropertyValueSpecification\",\"valueRequired\":true,\"valueName\":\"search_term_string\"}}],\"inLanguage\":\"fr-FR\"},{\"@type\":\"Organization\",\"@id\":\"https:\\\/\\\/therooksbet.com\\\/fr\\\/#organization\",\"name\":\"Rooksbet\",\"url\":\"https:\\\/\\\/therooksbet.com\\\/fr\\\/\",\"logo\":{\"@type\":\"ImageObject\",\"inLanguage\":\"fr-FR\",\"@id\":\"https:\\\/\\\/therooksbet.com\\\/fr\\\/#\\\/schema\\\/logo\\\/image\\\/\",\"url\":\"https:\\\/\\\/therooksbet.com\\\/wp-content\\\/uploads\\\/2026\\\/03\\\/Rooksbet-logo-Desktop.png\",\"contentUrl\":\"https:\\\/\\\/therooksbet.com\\\/wp-content\\\/uploads\\\/2026\\\/03\\\/Rooksbet-logo-Desktop.png\",\"width\":167,\"height\":44,\"caption\":\"Rooksbet\"},\"image\":{\"@id\":\"https:\\\/\\\/therooksbet.com\\\/fr\\\/#\\\/schema\\\/logo\\\/image\\\/\"}}]}<\/script>\n<!-- \/ Yoast SEO plugin. -->","yoast_head_json":{"title":"Rooksbet Casino App T\u00e9l\u00e9charger | iOS, Android & Bureau","description":"Rooksbet Casino App \u2013 t\u00e9l\u00e9chargez l'application pour iOS, Android et bureau pour jouer aux machines \u00e0 sous, jeux de table et casino en direct partout. Profitez de performances fluides et d'un acc\u00e8s complet \u00e0 votre compte avec Rooks Bet.","robots":{"index":"index","follow":"follow","max-snippet":"max-snippet:-1","max-image-preview":"max-image-preview:large","max-video-preview":"max-video-preview:-1"},"canonical":"https:\/\/therooksbet.com\/fr\/app\/","og_locale":"fr_FR","og_type":"article","og_title":"Rooksbet Casino App T\u00e9l\u00e9charger | iOS, Android & Bureau","og_description":"Rooksbet Casino App \u2013 t\u00e9l\u00e9chargez l'application pour iOS, Android et bureau pour jouer aux machines \u00e0 sous, jeux de table et casino en direct partout. Profitez de performances fluides et d'un acc\u00e8s complet \u00e0 votre compte avec Rooks Bet.","og_url":"https:\/\/therooksbet.com\/fr\/app\/","og_site_name":"rooksbet","article_modified_time":"2026-03-12T10:30:46+00:00","twitter_card":"summary_large_image","twitter_misc":{"Dur\u00e9e de lecture estim\u00e9e":"2 minutes"},"schema":{"@context":"https:\/\/schema.org","@graph":[{"@type":"WebPage","@id":"https:\/\/therooksbet.com\/fr\/app\/","url":"https:\/\/therooksbet.com\/fr\/app\/","name":"Rooksbet Casino App T\u00e9l\u00e9charger | iOS, Android & Bureau","isPartOf":{"@id":"https:\/\/therooksbet.com\/fr\/#website"},"datePublished":"2026-01-20T12:08:23+00:00","dateModified":"2026-03-12T10:30:46+00:00","description":"Rooksbet Casino App \u2013 t\u00e9l\u00e9chargez l'application pour iOS, Android et bureau pour jouer aux machines \u00e0 sous, jeux de table et casino en direct partout. Profitez de performances fluides et d'un acc\u00e8s complet \u00e0 votre compte avec Rooks Bet.","breadcrumb":{"@id":"https:\/\/therooksbet.com\/fr\/app\/#breadcrumb"},"inLanguage":"fr-FR","potentialAction":[{"@type":"ReadAction","target":["https:\/\/therooksbet.com\/fr\/app\/"]}]},{"@type":"BreadcrumbList","@id":"https:\/\/therooksbet.com\/fr\/app\/#breadcrumb","itemListElement":[{"@type":"ListItem","position":1,"name":"Rooksbet","item":"https:\/\/therooksbet.com\/fr\/"},{"@type":"ListItem","position":2,"name":"App"}]},{"@type":"WebSite","@id":"https:\/\/therooksbet.com\/fr\/#website","url":"https:\/\/therooksbet.com\/fr\/","name":"Rooksbet","description":"","publisher":{"@id":"https:\/\/therooksbet.com\/fr\/#organization"},"potentialAction":[{"@type":"SearchAction","target":{"@type":"EntryPoint","urlTemplate":"https:\/\/therooksbet.com\/fr\/?s={search_term_string}"},"query-input":{"@type":"PropertyValueSpecification","valueRequired":true,"valueName":"search_term_string"}}],"inLanguage":"fr-FR"},{"@type":"Organization","@id":"https:\/\/therooksbet.com\/fr\/#organization","name":"Rooksbet","url":"https:\/\/therooksbet.com\/fr\/","logo":{"@type":"ImageObject","inLanguage":"fr-FR","@id":"https:\/\/therooksbet.com\/fr\/#\/schema\/logo\/image\/","url":"https:\/\/therooksbet.com\/wp-content\/uploads\/2026\/03\/Rooksbet-logo-Desktop.png","contentUrl":"https:\/\/therooksbet.com\/wp-content\/uploads\/2026\/03\/Rooksbet-logo-Desktop.png","width":167,"height":44,"caption":"Rooksbet"},"image":{"@id":"https:\/\/therooksbet.com\/fr\/#\/schema\/logo\/image\/"}}]}},"_links":{"self":[{"href":"https:\/\/therooksbet.com\/fr\/wp-json\/wp\/v2\/pages\/1440","targetHints":{"allow":["GET"]}}],"collection":[{"href":"https:\/\/therooksbet.com\/fr\/wp-json\/wp\/v2\/pages"}],"about":[{"href":"https:\/\/therooksbet.com\/fr\/wp-json\/wp\/v2\/types\/page"}],"author":[{"embeddable":true,"href":"https:\/\/therooksbet.com\/fr\/wp-json\/wp\/v2\/users\/1"}],"replies":[{"embeddable":true,"href":"https:\/\/therooksbet.com\/fr\/wp-json\/wp\/v2\/comments?post=1440"}],"version-history":[{"count":3,"href":"https:\/\/therooksbet.com\/fr\/wp-json\/wp\/v2\/pages\/1440\/revisions"}],"predecessor-version":[{"id":2100,"href":"https:\/\/therooksbet.com\/fr\/wp-json\/wp\/v2\/pages\/1440\/revisions\/2100"}],"wp:attachment":[{"href":"https:\/\/therooksbet.com\/fr\/wp-json\/wp\/v2\/media?parent=1440"}],"curies":[{"name":"wp","href":"https:\/\/api.w.org\/{rel}","templated":true}]}}