{"id":1482,"date":"2026-01-20T12:11:11","date_gmt":"2026-01-20T12:11:11","guid":{"rendered":"https:\/\/bonuskongcasino.com\/login-and-registration\/"},"modified":"2026-03-12T11:52:38","modified_gmt":"2026-03-12T11:52:38","slug":"connexion-et-inscription","status":"publish","type":"page","link":"https:\/\/therooksbet.com\/fr\/connexion-et-inscription\/","title":{"rendered":"Connexion et inscription"},"content":{"rendered":"<h1>Connexion et inscription au compte Rooksbet<\/h1>\n<p>Les nouveaux visiteurs du casino devraient s\u00e9rieusement envisager de suivre la proc\u00e9dure de Rooksbet login, car elle leur permettra de b\u00e9n\u00e9ficier d&rsquo;avantages qui en valent la peine. Vous pourrez ainsi jouer avec de l&rsquo;argent r\u00e9el, retirer vos gains en toute simplicit\u00e9 et recevoir r\u00e9guli\u00e8rement de g\u00e9n\u00e9reux bonus sur votre compte. L&rsquo;inscription est r\u00e9serv\u00e9e aux utilisateurs \u00e2g\u00e9s de 18 ans ou plus. Un seul compte par personne est autoris\u00e9 sur la plateforme.<\/p>\n<p><div class=\"banner-wrap\" aria-label=\"Banner\"><img src=\"https:\/\/therooksbet.com\/wp-content\/uploads\/2026\/03\/Rooksbet-banner-desktop.webp\" class=\"w-100 d-none d-lg-block img-pc main-banner-img\" alt=\"rooksbet bonus desktop\" fetchpriority=\"high\" decoding=\"async\"><img src=\"https:\/\/therooksbet.com\/wp-content\/uploads\/2026\/03\/Rooksbet-banner-mobile.webp\" class=\"w-100 d-none d-md-block d-lg-none main-banner-img\" alt=\"rooksbet bonus mobile\" fetchpriority=\"high\" decoding=\"async\"><img src=\"https:\/\/therooksbet.com\/wp-content\/uploads\/2026\/03\/Rooksbet-banner-mobile.webp\" class=\"w-100 d-md-none\" alt=\"rooksbet bonus mobile\" fetchpriority=\"high\" decoding=\"async\"><div class=\"banner-description\">\n<div class=\"banner-title\">Bonus de bienvenue<\/div>\n<p class=\"banner-header-title\">1500 \u20ac<\/p>\n<div class=\"banner-header-AdditionalText\">+ 250 Tours gratuits<\/div>\n<button data-item=\"homepage_banner_link\" class=\"goto m-button m-gradient-border m-button--primary m-button--large banner-button btn-orange\">\n            <div class=\"m-button-content\">\n                <span>Inscrivez-vous d\u00e8s maintenant<\/span>\n                <span><\/span>\n            <\/div>\n        <\/button>\n<\/div>\n<div class=\"WelcomePack\">\n<p><img loading=\"lazy\" decoding=\"async\" class=\"alignnone size-full wp-image-1851\" src=\"https:\/\/therooksbet.com\/wp-content\/uploads\/2026\/03\/welcome-crown.png\" alt=\"welcome crown\" width=\"25\" height=\"26\" \/><\/p>\n<div class=\"WelcomePack-Info\">Cashback hebdomadaire jusqu&rsquo;\u00e0 25 %<\/div>\n<p><img loading=\"lazy\" decoding=\"async\" class=\"alignnone size-full wp-image-1851\" src=\"https:\/\/therooksbet.com\/wp-content\/uploads\/2026\/03\/welcome-crown.png\" alt=\"welcome crown\" width=\"25\" height=\"26\" \/><\/p>\n<\/div>\n<\/div><div class=\"scrollable-content-wrap my-5\"><div class=\"scrollable-content-inner\"><h2>Comment se connecter et contr\u00f4ler son profil<\/h2>\n<p>Les titulaires de comptes existants doivent suivre la proc\u00e9dure de connexion \u00e0 Rooksbet avant de pouvoir acc\u00e9der \u00e0 quoi que ce soit. Il suffit de vous rappeler les informations que vous avez fournies lors de votre inscription et de les saisir. Si vous ne parvenez pas \u00e0 acc\u00e9der \u00e0 votre compte, cela signifie probablement que certaines des donn\u00e9es que vous avez saisies sont incorrectes. Toute activit\u00e9 suspecte lors de la connexion \u00e0 Rooks Bet peut entra\u00eener le blocage du compte. Contactez donc l&rsquo;\u00e9quipe d&rsquo;assistance via notre chat en direct si vous ne parvenez toujours pas \u00e0 vous connecter avant que la situation ne d\u00e9g\u00e9n\u00e8re en un blocage complet.<\/p>\n<table>\n<tbody>\n<tr>\n<td>Probl\u00e8me de connexion<\/td>\n<td>Quel est le probl\u00e8me ?<\/td>\n<td>Comment y rem\u00e9dier imm\u00e9diatement<\/td>\n<\/tr>\n<tr>\n<td>Erreur \u00ab Identifiants non valides \u00bb lors de la premi\u00e8re tentative<\/td>\n<td>Faute de frappe dans l&rsquo;adresse e-mail ou le mot de passe : cela arrive \u00e0 tout le monde.<\/td>\n<td>Retapez-les soigneusement. V\u00e9rifiez que le verrouillage des majuscules n&rsquo;est pas activ\u00e9. Utilisez la fonction de remplissage automatique d&rsquo;un gestionnaire de mots de passe pour \u00e9liminer les erreurs humaines.<\/td>\n<\/tr>\n<tr>\n<td>Verrouillage apr\u00e8s plusieurs tentatives infructueuses<\/td>\n<td>Le syst\u00e8me de s\u00e9curit\u00e9 du casino Rooksbet pense que quelqu&rsquo;un tente de pirater votre compte. Il vous prot\u00e8ge.<\/td>\n<td>Contactez imm\u00e9diatement l&rsquo;\u00e9quipe d&rsquo;assistance avant que le verrouillage temporaire ne devienne une interdiction permanente.<\/td>\n<\/tr>\n<tr>\n<td>La connexion \u00e0 Rooksbet fonctionne, mais le tableau de bord semble incorrect<\/td>\n<td>Le navigateur a mis en cache d&rsquo;anciennes donn\u00e9es de session ou les cookies ont \u00e9t\u00e9 corrompus d&rsquo;une mani\u00e8re ou d&rsquo;une autre.<\/td>\n<td>Videz le cache et supprimez les cookies de votre navigateur. Actualisez la page. Essayez le mode incognito si la fen\u00eatre normale fonctionne de mani\u00e8re \u00e9trange.<\/td>\n<\/tr>\n<tr>\n<td>Vous ne vous souvenez plus de l&rsquo;adresse e-mail que vous avez utilis\u00e9e<\/td>\n<td>Vous avez plusieurs adresses e-mail et vous ne vous souvenez pas de celle que vous avez utilis\u00e9e pour vous inscrire.<\/td>\n<td>V\u00e9rifiez toutes vos bo\u00eetes de r\u00e9ception pour trouver l&rsquo;e-mail de confirmation d&rsquo;inscription envoy\u00e9 par Rooksbet. Il s&rsquo;y trouve.<\/td>\n<\/tr>\n<\/tbody>\n<\/table>\n<p>Une fois connect\u00e9 \u00e0 votre compte Rooksbet, vous pouvez personnaliser votre exp\u00e9rience en acc\u00e9dant aux param\u00e8tres et aux outils situ\u00e9s dans le tableau de bord.<\/p>\n<ul>\n<li>Vous pouvez modifier vos informations personnelles ou vos informations de paiement \u00e0 tout moment.<\/li>\n<li>Vous pouvez \u00e9galement consulter l&rsquo;historique de votre activit\u00e9 pour suivre tout ce que vous avez fait sur la plateforme Rooks Bet Casino.<\/li>\n<li>Activez les outils de jeu responsable si vous ressentez le besoin de fixer des limites pour un jeu sain.<\/li>\n<\/ul>\n<h3>Utilisez les outils responsables<\/h3>\n<p>Rooksbet Casino int\u00e8gre des contr\u00f4les de jeu responsable directement dans le tableau de bord de votre compte, o\u00f9 vous pouvez facilement les trouver lorsque vous en avez besoin. Fixez des limites de d\u00e9p\u00f4t qui limitent les sommes d&rsquo;argent que vous pouvez d\u00e9poser chaque jour, chaque semaine ou chaque mois. Les limites de temps de session vous d\u00e9connectent lorsque vous atteignez le temps de jeu que vous avez d\u00e9fini. Les limites de perte vous aident \u00e0 garder le contr\u00f4le lors des sessions difficiles. L&rsquo;auto-exclusion verrouille compl\u00e8tement votre compte pendant une p\u00e9riode pouvant aller de 24 heures \u00e0 une fermeture d\u00e9finitive. Les rappels \u00e0 la r\u00e9alit\u00e9 de Rooksbet vous indiquent depuis combien de temps vous jouez et combien d&rsquo;argent vous avez gagn\u00e9 ou perdu. C&rsquo;est parfois exactement ce dont vous avez besoin pour vous r\u00e9veiller.<\/p>\n<h3>Que faire si vous oubliez vos identifiants de connexion<\/h3>\n<p>Diff\u00e9rentes situations peuvent se pr\u00e9senter, notamment lorsque les utilisateurs oublient leurs identifiants de connexion \u00e0 Rooksbet, comme lorsque les mots de passe disparaissent compl\u00e8tement de leur m\u00e9moire. Il existe des solutions pour r\u00e9initialiser les identifiants lorsque cela se produit :<\/p>\n<table>\n<tbody>\n<tr>\n<td>\u00c9tape<\/td>\n<td>Ce que vous faites<\/td>\n<\/tr>\n<tr>\n<td>Acc\u00e9dez \u00e0 la page de connexion<\/td>\n<td>Cliquez sur \u00ab Se connecter \u00bb dans le coin sup\u00e9rieur droit de la page principale<\/td>\n<\/tr>\n<tr>\n<td>D\u00e9clenchez la r\u00e9initialisation du mot de passe<\/td>\n<td>Suivez le lien \u00ab Mot de passe oubli\u00e9 ? \u00bb qui appara\u00eet dans le formulaire de connexion de Rooks Bet<\/td>\n<\/tr>\n<tr>\n<td>Indiquez votre adresse e-mail<\/td>\n<td>Saisissez l&rsquo;adresse e-mail associ\u00e9e \u00e0 votre compte afin que le syst\u00e8me sache quel compte doit \u00eatre r\u00e9initialis\u00e9<\/td>\n<\/tr>\n<tr>\n<td>V\u00e9rifiez votre bo\u00eete de r\u00e9ception<\/td>\n<td>Nous vous enverrons un lien de r\u00e9initialisation qui vous permettra de cr\u00e9er un nouveau mot de passe pour votre prochaine connexion<\/td>\n<\/tr>\n<\/tbody>\n<\/table>\n<p><img loading=\"lazy\" decoding=\"async\" class=\"alignnone size-full wp-image-2011\" src=\"https:\/\/therooksbet.com\/wp-content\/uploads\/2026\/03\/Rooksbet-Login.webp\" alt=\"Rooksbet Login\" width=\"1248\" height=\"536\" srcset=\"https:\/\/therooksbet.com\/wp-content\/uploads\/2026\/03\/Rooksbet-Login.webp 1248w, https:\/\/therooksbet.com\/wp-content\/uploads\/2026\/03\/Rooksbet-Login-300x129.webp 300w, https:\/\/therooksbet.com\/wp-content\/uploads\/2026\/03\/Rooksbet-Login-1024x440.webp 1024w, https:\/\/therooksbet.com\/wp-content\/uploads\/2026\/03\/Rooksbet-Login-768x330.webp 768w\" sizes=\"auto, (max-width: 1248px) 100vw, 1248px\" \/><\/p>\n<h2>Comment proc\u00e9der \u00e0 la v\u00e9rification de votre compte<\/h2>\n<p>La s\u00e9curit\u00e9 est tr\u00e8s importante chez Rooksbet Casino. La plateforme prend les mesures n\u00e9cessaires pour prot\u00e9ger les processus ex\u00e9cut\u00e9s sur le site web tout en vous demandant de respecter les r\u00e8gles \u00e9tablies. Afin d&rsquo;\u00e9viter la fraude et d&rsquo;offrir des chances \u00e9gales \u00e0 tous, tous les utilisateurs doivent effectuer une v\u00e9rification avant d&rsquo;acc\u00e9der \u00e0 certaines fonctionnalit\u00e9s.<\/p>\n<p>La proc\u00e9dure doit \u00eatre termin\u00e9e avant le premier processus de retrait. C&rsquo;est tr\u00e8s simple : il suffit de t\u00e9l\u00e9charger des copies de documents personnels sur la plateforme, et les responsables les examinent en moyenne dans les 48 heures. Le processus de v\u00e9rification permet de confirmer l&rsquo;identit\u00e9, l&rsquo;\u00e2ge, l&rsquo;adresse et la propri\u00e9t\u00e9 du moyen de paiement.<\/p>\n<h2>Inscription sur Rooks Bet<\/h2>\n<p>De nombreux utilisateurs h\u00e9sitent \u00e0 cr\u00e9er des comptes sur des plateformes inconnues, car ils s&rsquo;interrogent sur la s\u00e9curit\u00e9 et la protection des donn\u00e9es. Rooksbet Casino utilise des protocoles d&rsquo;\u00e9change de cl\u00e9s s\u00e9curis\u00e9s et des syst\u00e8mes anti-bot sp\u00e9cialis\u00e9s pour prot\u00e9ger vos informations contre les violations et les attaques. L&rsquo;inscription donne \u00e9galement acc\u00e8s \u00e0 plus de 6 000 titres, notamment des machines \u00e0 sous en ligne, des jeux de table et des options de casino en direct. Vous pouvez \u00e9galement effectuer des d\u00e9p\u00f4ts et des retraits sans restriction.<\/p>\n<p>Quelques r\u00e8gles de base s&rsquo;appliquent avant de se lancer dans le processus de connexion \u00e0 Rooksbet. Seuls les joueurs \u00e2g\u00e9s de 18 ans ou plus peuvent cr\u00e9er un compte sur la plateforme, sans aucune exception. Fournissez des informations personnelles authentiques, car les processus de v\u00e9rification ult\u00e9rieurs v\u00e9rifieront que toutes les informations que vous avez saisies correspondent \u00e0 la r\u00e9alit\u00e9.<\/p>\n<h3>Comment cr\u00e9er votre compte<\/h3>\n<p>La cr\u00e9ation d&rsquo;un nouveau compte sur Rooksbet ne prend que quelques minutes. Le processus reste logique et ne demande pas trop d&rsquo;informations personnelles au pr\u00e9alable. Si vous \u00eates pr\u00eat \u00e0 vous lancer, voici comment proc\u00e9der :<\/p>\n<ol>\n<li>Veuillez localiser le bouton d&rsquo;inscription sur le site web de Rooks Bet. Il se trouve dans le coin sup\u00e9rieur droit, vous ne pouvez pas le manquer.<\/li>\n<li>Saisissez vos informations personnelles dans les champs : au minimum, votre adresse e-mail et votre mot de passe. Des r\u00e8gles strictes s&rsquo;appliquent ici en mati\u00e8re de mot de passe, alors m\u00e9langez des caract\u00e8res sp\u00e9ciaux avec des lettres minuscules et majuscules afin de cr\u00e9er un mot de passe r\u00e9ellement s\u00e9curis\u00e9.<\/li>\n<li>Si vous disposez d&rsquo;un code promotionnel, remplissez \u00e9galement ce champ, car il vous permettra de b\u00e9n\u00e9ficier d\u00e8s le d\u00e9but de r\u00e9compenses suppl\u00e9mentaires sur Rooksbet Casino.<\/li>\n<li>Confirmez que vous avez l&rsquo;\u00e2ge l\u00e9gal et acceptez les conditions g\u00e9n\u00e9rales apr\u00e8s avoir suivi le lien et lu les r\u00e8gles.<\/li>\n<li>V\u00e9rifiez que toutes les informations saisies sont correctes, puis appuyez sur le bouton \u00ab S&rsquo;inscrire \u00bb en bas de la page pour terminer le processus. Vous pouvez d\u00e9sormais vous connecter \u00e0 Rooksbet.<\/li>\n<\/ol>\n<h2>FAQ<\/h2>\n<h3>Quels sont les avantages de l&rsquo;inscription ?<\/h3>\n<p>Lorsque vous vous inscrivez, vous pouvez jouer \u00e0 l&rsquo;un des plus de 6 000 jeux de la biblioth\u00e8que Rooksbet. Ceux-ci comprennent des machines \u00e0 sous, des jeux de table, des jeux avec croupier en direct, et bien plus encore. Vous pouvez \u00e9galement obtenir le cadeau de bienvenue, participer \u00e0 des tournois avec des r\u00e9compenses en argent r\u00e9el et effectuer des d\u00e9p\u00f4ts et des retraits autant de fois que vous le souhaitez. Rooksbet Casino vous permet \u00e9galement de suivre votre historique de jeu, de fixer des limites raisonnables sur le montant que vous pouvez jouer et de contr\u00f4ler vos options de paiement. Vous pouvez jouer \u00e0 des jeux en mode d\u00e9mo pour voir comment ils fonctionnent, mais vous devez vous inscrire pour gagner et retirer de l&rsquo;argent r\u00e9el.<\/p>\n<h3>Comment mettre \u00e0 jour mes informations personnelles ou mes param\u00e8tres de s\u00e9curit\u00e9 dans mon profil ?<\/h3>\n<p>Rooksbet Casino vous permet de modifier ou de mettre \u00e0 jour vos informations personnelles chaque fois que cela est n\u00e9cessaire. Il vous suffit de vous connecter \u00e0 votre compte, d&rsquo;aller dans les param\u00e8tres et de mettre \u00e0 jour vos informations si n\u00e9cessaire. La mise \u00e0 jour du mot de passe s&rsquo;effectue via les param\u00e8tres de s\u00e9curit\u00e9. Une v\u00e9rification est n\u00e9cessaire pour confirmer la propri\u00e9t\u00e9 de la nouvelle adresse e-mail avant qu&rsquo;elle ne remplace l&rsquo;ancienne. Les deux processus sont rapides et ne comportent pas de d\u00e9lais inutiles.<\/p>\n<h3>De quels documents ai-je besoin pour la v\u00e9rification de mon compte ?<\/h3>\n<p>La v\u00e9rification reste assez simple une fois que vous savez ce qui est n\u00e9cessaire. Avant votre premier processus de retrait, il vous sera demand\u00e9 de fournir des copies de documents personnels prouvant votre identit\u00e9, votre adresse personnelle, votre \u00e2ge et la propri\u00e9t\u00e9 de votre compte de paiement. Les responsables examinent tout ce qui a \u00e9t\u00e9 envoy\u00e9 et vous informent lorsque la v\u00e9rification est termin\u00e9e. Si vous n&rsquo;\u00eates pas s\u00fbr des documents accept\u00e9s, l&rsquo;\u00e9quipe d&rsquo;assistance multilingue de Rooks Bet peut vous aider.<\/p>\n<\/div><\/div><\/p>\n","protected":false},"excerpt":{"rendered":"<p>Connexion et inscription au compte Rooksbet Les nouveaux visiteurs du casino devraient s\u00e9rieusement envisager de suivre la proc\u00e9dure de Rooksbet login, car elle leur permettra de b\u00e9n\u00e9ficier d&rsquo;avantages qui en valent la peine. Vous pourrez ainsi jouer avec de l&rsquo;argent r\u00e9el, retirer vos gains en toute simplicit\u00e9 et recevoir r\u00e9guli\u00e8rement de g\u00e9n\u00e9reux bonus sur votre [&hellip;]<\/p>\n","protected":false},"author":1,"featured_media":0,"parent":0,"menu_order":0,"comment_status":"closed","ping_status":"closed","template":"template-builder.php","meta":{"_acf_changed":false,"inline_featured_image":false,"footnotes":""},"class_list":["post-1482","page","type-page","status-publish","hentry"],"acf":[],"yoast_head":"<!-- This site is optimized with the Yoast SEO plugin v27.3 - https:\/\/yoast.com\/product\/yoast-seo-wordpress\/ -->\n<title>Rooksbet Casino Connexion &amp; Inscription | Acc\u00e8s S\u00e9curis\u00e9<\/title>\n<meta name=\"description\" content=\"Rooksbet Casino Connexion \u2013 connectez-vous en toute s\u00e9curit\u00e9 ou cr\u00e9ez votre compte en quelques secondes avec un acc\u00e8s crypt\u00e9 et une v\u00e9rification rapide. G\u00e9rez la r\u00e9cup\u00e9ration de mot de passe, les param\u00e8tres de profil et les outils de compte facilement chez Rooks Bet.\" \/>\n<meta name=\"robots\" content=\"index, follow, max-snippet:-1, max-image-preview:large, max-video-preview:-1\" \/>\n<link rel=\"canonical\" href=\"https:\/\/therooksbet.com\/fr\/connexion-et-inscription\/\" \/>\n<meta property=\"og:locale\" content=\"fr_FR\" \/>\n<meta property=\"og:type\" content=\"article\" \/>\n<meta property=\"og:title\" content=\"Rooksbet Casino Connexion &amp; Inscription | Acc\u00e8s S\u00e9curis\u00e9\" \/>\n<meta property=\"og:description\" content=\"Rooksbet Casino Connexion \u2013 connectez-vous en toute s\u00e9curit\u00e9 ou cr\u00e9ez votre compte en quelques secondes avec un acc\u00e8s crypt\u00e9 et une v\u00e9rification rapide. G\u00e9rez la r\u00e9cup\u00e9ration de mot de passe, les param\u00e8tres de profil et les outils de compte facilement chez Rooks Bet.\" \/>\n<meta property=\"og:url\" content=\"https:\/\/therooksbet.com\/fr\/connexion-et-inscription\/\" \/>\n<meta property=\"og:site_name\" content=\"rooksbet\" \/>\n<meta property=\"article:modified_time\" content=\"2026-03-12T11:52:38+00:00\" \/>\n<meta name=\"twitter:card\" content=\"summary_large_image\" \/>\n<meta name=\"twitter:label1\" content=\"Dur\u00e9e de lecture estim\u00e9e\" \/>\n\t<meta name=\"twitter:data1\" content=\"1 minute\" \/>\n<script type=\"application\/ld+json\" class=\"yoast-schema-graph\">{\"@context\":\"https:\\\/\\\/schema.org\",\"@graph\":[{\"@type\":\"WebPage\",\"@id\":\"https:\\\/\\\/therooksbet.com\\\/fr\\\/connexion-et-inscription\\\/\",\"url\":\"https:\\\/\\\/therooksbet.com\\\/fr\\\/connexion-et-inscription\\\/\",\"name\":\"Rooksbet Casino Connexion & Inscription | Acc\u00e8s S\u00e9curis\u00e9\",\"isPartOf\":{\"@id\":\"https:\\\/\\\/therooksbet.com\\\/fr\\\/#website\"},\"datePublished\":\"2026-01-20T12:11:11+00:00\",\"dateModified\":\"2026-03-12T11:52:38+00:00\",\"description\":\"Rooksbet Casino Connexion \u2013 connectez-vous en toute s\u00e9curit\u00e9 ou cr\u00e9ez votre compte en quelques secondes avec un acc\u00e8s crypt\u00e9 et une v\u00e9rification rapide. G\u00e9rez la r\u00e9cup\u00e9ration de mot de passe, les param\u00e8tres de profil et les outils de compte facilement chez Rooks Bet.\",\"breadcrumb\":{\"@id\":\"https:\\\/\\\/therooksbet.com\\\/fr\\\/connexion-et-inscription\\\/#breadcrumb\"},\"inLanguage\":\"fr-FR\",\"potentialAction\":[{\"@type\":\"ReadAction\",\"target\":[\"https:\\\/\\\/therooksbet.com\\\/fr\\\/connexion-et-inscription\\\/\"]}]},{\"@type\":\"BreadcrumbList\",\"@id\":\"https:\\\/\\\/therooksbet.com\\\/fr\\\/connexion-et-inscription\\\/#breadcrumb\",\"itemListElement\":[{\"@type\":\"ListItem\",\"position\":1,\"name\":\"Rooksbet\",\"item\":\"https:\\\/\\\/therooksbet.com\\\/fr\\\/\"},{\"@type\":\"ListItem\",\"position\":2,\"name\":\"Connexion et inscription\"}]},{\"@type\":\"WebSite\",\"@id\":\"https:\\\/\\\/therooksbet.com\\\/fr\\\/#website\",\"url\":\"https:\\\/\\\/therooksbet.com\\\/fr\\\/\",\"name\":\"Rooksbet\",\"description\":\"\",\"publisher\":{\"@id\":\"https:\\\/\\\/therooksbet.com\\\/fr\\\/#organization\"},\"potentialAction\":[{\"@type\":\"SearchAction\",\"target\":{\"@type\":\"EntryPoint\",\"urlTemplate\":\"https:\\\/\\\/therooksbet.com\\\/fr\\\/?s={search_term_string}\"},\"query-input\":{\"@type\":\"PropertyValueSpecification\",\"valueRequired\":true,\"valueName\":\"search_term_string\"}}],\"inLanguage\":\"fr-FR\"},{\"@type\":\"Organization\",\"@id\":\"https:\\\/\\\/therooksbet.com\\\/fr\\\/#organization\",\"name\":\"Rooksbet\",\"url\":\"https:\\\/\\\/therooksbet.com\\\/fr\\\/\",\"logo\":{\"@type\":\"ImageObject\",\"inLanguage\":\"fr-FR\",\"@id\":\"https:\\\/\\\/therooksbet.com\\\/fr\\\/#\\\/schema\\\/logo\\\/image\\\/\",\"url\":\"https:\\\/\\\/therooksbet.com\\\/wp-content\\\/uploads\\\/2026\\\/03\\\/Rooksbet-logo-Desktop.png\",\"contentUrl\":\"https:\\\/\\\/therooksbet.com\\\/wp-content\\\/uploads\\\/2026\\\/03\\\/Rooksbet-logo-Desktop.png\",\"width\":167,\"height\":44,\"caption\":\"Rooksbet\"},\"image\":{\"@id\":\"https:\\\/\\\/therooksbet.com\\\/fr\\\/#\\\/schema\\\/logo\\\/image\\\/\"}}]}<\/script>\n<!-- \/ Yoast SEO plugin. -->","yoast_head_json":{"title":"Rooksbet Casino Connexion & Inscription | Acc\u00e8s S\u00e9curis\u00e9","description":"Rooksbet Casino Connexion \u2013 connectez-vous en toute s\u00e9curit\u00e9 ou cr\u00e9ez votre compte en quelques secondes avec un acc\u00e8s crypt\u00e9 et une v\u00e9rification rapide. G\u00e9rez la r\u00e9cup\u00e9ration de mot de passe, les param\u00e8tres de profil et les outils de compte facilement chez Rooks Bet.","robots":{"index":"index","follow":"follow","max-snippet":"max-snippet:-1","max-image-preview":"max-image-preview:large","max-video-preview":"max-video-preview:-1"},"canonical":"https:\/\/therooksbet.com\/fr\/connexion-et-inscription\/","og_locale":"fr_FR","og_type":"article","og_title":"Rooksbet Casino Connexion & Inscription | Acc\u00e8s S\u00e9curis\u00e9","og_description":"Rooksbet Casino Connexion \u2013 connectez-vous en toute s\u00e9curit\u00e9 ou cr\u00e9ez votre compte en quelques secondes avec un acc\u00e8s crypt\u00e9 et une v\u00e9rification rapide. G\u00e9rez la r\u00e9cup\u00e9ration de mot de passe, les param\u00e8tres de profil et les outils de compte facilement chez Rooks Bet.","og_url":"https:\/\/therooksbet.com\/fr\/connexion-et-inscription\/","og_site_name":"rooksbet","article_modified_time":"2026-03-12T11:52:38+00:00","twitter_card":"summary_large_image","twitter_misc":{"Dur\u00e9e de lecture estim\u00e9e":"1 minute"},"schema":{"@context":"https:\/\/schema.org","@graph":[{"@type":"WebPage","@id":"https:\/\/therooksbet.com\/fr\/connexion-et-inscription\/","url":"https:\/\/therooksbet.com\/fr\/connexion-et-inscription\/","name":"Rooksbet Casino Connexion & Inscription | Acc\u00e8s S\u00e9curis\u00e9","isPartOf":{"@id":"https:\/\/therooksbet.com\/fr\/#website"},"datePublished":"2026-01-20T12:11:11+00:00","dateModified":"2026-03-12T11:52:38+00:00","description":"Rooksbet Casino Connexion \u2013 connectez-vous en toute s\u00e9curit\u00e9 ou cr\u00e9ez votre compte en quelques secondes avec un acc\u00e8s crypt\u00e9 et une v\u00e9rification rapide. G\u00e9rez la r\u00e9cup\u00e9ration de mot de passe, les param\u00e8tres de profil et les outils de compte facilement chez Rooks Bet.","breadcrumb":{"@id":"https:\/\/therooksbet.com\/fr\/connexion-et-inscription\/#breadcrumb"},"inLanguage":"fr-FR","potentialAction":[{"@type":"ReadAction","target":["https:\/\/therooksbet.com\/fr\/connexion-et-inscription\/"]}]},{"@type":"BreadcrumbList","@id":"https:\/\/therooksbet.com\/fr\/connexion-et-inscription\/#breadcrumb","itemListElement":[{"@type":"ListItem","position":1,"name":"Rooksbet","item":"https:\/\/therooksbet.com\/fr\/"},{"@type":"ListItem","position":2,"name":"Connexion et inscription"}]},{"@type":"WebSite","@id":"https:\/\/therooksbet.com\/fr\/#website","url":"https:\/\/therooksbet.com\/fr\/","name":"Rooksbet","description":"","publisher":{"@id":"https:\/\/therooksbet.com\/fr\/#organization"},"potentialAction":[{"@type":"SearchAction","target":{"@type":"EntryPoint","urlTemplate":"https:\/\/therooksbet.com\/fr\/?s={search_term_string}"},"query-input":{"@type":"PropertyValueSpecification","valueRequired":true,"valueName":"search_term_string"}}],"inLanguage":"fr-FR"},{"@type":"Organization","@id":"https:\/\/therooksbet.com\/fr\/#organization","name":"Rooksbet","url":"https:\/\/therooksbet.com\/fr\/","logo":{"@type":"ImageObject","inLanguage":"fr-FR","@id":"https:\/\/therooksbet.com\/fr\/#\/schema\/logo\/image\/","url":"https:\/\/therooksbet.com\/wp-content\/uploads\/2026\/03\/Rooksbet-logo-Desktop.png","contentUrl":"https:\/\/therooksbet.com\/wp-content\/uploads\/2026\/03\/Rooksbet-logo-Desktop.png","width":167,"height":44,"caption":"Rooksbet"},"image":{"@id":"https:\/\/therooksbet.com\/fr\/#\/schema\/logo\/image\/"}}]}},"_links":{"self":[{"href":"https:\/\/therooksbet.com\/fr\/wp-json\/wp\/v2\/pages\/1482","targetHints":{"allow":["GET"]}}],"collection":[{"href":"https:\/\/therooksbet.com\/fr\/wp-json\/wp\/v2\/pages"}],"about":[{"href":"https:\/\/therooksbet.com\/fr\/wp-json\/wp\/v2\/types\/page"}],"author":[{"embeddable":true,"href":"https:\/\/therooksbet.com\/fr\/wp-json\/wp\/v2\/users\/1"}],"replies":[{"embeddable":true,"href":"https:\/\/therooksbet.com\/fr\/wp-json\/wp\/v2\/comments?post=1482"}],"version-history":[{"count":3,"href":"https:\/\/therooksbet.com\/fr\/wp-json\/wp\/v2\/pages\/1482\/revisions"}],"predecessor-version":[{"id":2102,"href":"https:\/\/therooksbet.com\/fr\/wp-json\/wp\/v2\/pages\/1482\/revisions\/2102"}],"wp:attachment":[{"href":"https:\/\/therooksbet.com\/fr\/wp-json\/wp\/v2\/media?parent=1482"}],"curies":[{"name":"wp","href":"https:\/\/api.w.org\/{rel}","templated":true}]}}