{"id":1445,"date":"2026-01-20T12:08:23","date_gmt":"2026-01-20T12:08:23","guid":{"rendered":"https:\/\/bonuskongcasino.com\/app\/"},"modified":"2026-03-12T12:42:10","modified_gmt":"2026-03-12T12:42:10","slug":"applicazione","status":"publish","type":"page","link":"https:\/\/therooksbet.com\/it\/applicazione\/","title":{"rendered":"Applicazione"},"content":{"rendered":"<h1>Piattaforma mobile Rooksbet<\/h1>\n<p>Tutto ci\u00f2 che i giocatori italiani desiderano dal nostro casin\u00f2 \u00e8 presente anche nella Rooksbet App: tutti i titoli, i bonus, le opzioni di pagamento e le funzionalit\u00e0 che rendono la piattaforma operativa. La scelta del dispositivo non ti esclude da nulla di importante. Scegli quello che ritieni pi\u00f9 conveniente per la tua situazione attuale. Accedi al tuo account e tutto si sincronizzer\u00e0 automaticamente: dati personali, saldo, risultati, tutto sar\u00e0 uguale su tutte le piattaforme. Rooksbet Casino funziona perfettamente sui dispositivi Android e iOS attuali senza problemi di compatibilit\u00e0.<\/p>\n<div class=\"banner-wrap\" aria-label=\"Banner\"><img src=\"https:\/\/therooksbet.com\/wp-content\/uploads\/2026\/03\/Rooksbet-banner-desktop.webp\" class=\"w-100 d-none d-lg-block img-pc main-banner-img\" alt=\"rooksbet bonus desktop\" fetchpriority=\"high\" decoding=\"async\"><img src=\"https:\/\/therooksbet.com\/wp-content\/uploads\/2026\/03\/Rooksbet-banner-mobile.webp\" class=\"w-100 d-none d-md-block d-lg-none main-banner-img\" alt=\"rooksbet bonus mobile\" fetchpriority=\"high\" decoding=\"async\"><img src=\"https:\/\/therooksbet.com\/wp-content\/uploads\/2026\/03\/Rooksbet-banner-mobile.webp\" class=\"w-100 d-md-none\" alt=\"rooksbet bonus mobile\" fetchpriority=\"high\" decoding=\"async\"><div class=\"banner-description\">\n<div class=\"banner-title\">Bonus di benvenuto<\/div>\n<p class=\"banner-header-title\">1500 \u20ac<\/p>\n<div class=\"banner-header-AdditionalText\">+ 250 Giri gratuiti<\/div>\n<button data-item=\"homepage_banner_link\" class=\"goto m-button m-gradient-border m-button--primary m-button--large banner-button btn-orange\">\n            <div class=\"m-button-content\">\n                <span>Iscriviti ora<\/span>\n                <span><\/span>\n            <\/div>\n        <\/button>\n<\/div>\n<div class=\"WelcomePack\">\n<p><img loading=\"lazy\" decoding=\"async\" class=\"alignnone size-full wp-image-1854\" src=\"https:\/\/therooksbet.com\/wp-content\/uploads\/2026\/03\/welcome-crown.png\" alt=\"welcome crown\" width=\"25\" height=\"26\" \/><\/p>\n<div class=\"WelcomePack-Info\">Cashback settimanale fino al 25%<\/div>\n<p><img loading=\"lazy\" decoding=\"async\" class=\"alignnone size-full wp-image-1854\" src=\"https:\/\/therooksbet.com\/wp-content\/uploads\/2026\/03\/welcome-crown.png\" alt=\"welcome crown\" width=\"25\" height=\"26\" \/><\/p>\n<\/div>\n<\/div>\n<h2>Vantaggi dell&#8217;app Rooksbet<\/h2>\n<p>Giocare a Rooks Bet sul tuo telefono o tablet offre una vera comodit\u00e0, poich\u00e9 puoi giocare in qualsiasi momento e praticamente da qualsiasi luogo. Le funzionalit\u00e0 della versione per PC vengono trasferite completamente. L&#8217;intera collezione di giochi, come le slot online, i giochi da tavolo, i prodotti a vincita immediata e le sale da casin\u00f2 dal vivo, diventa accessibile da qualsiasi dispositivo mobile tu abbia a disposizione.<\/p>\n<p>Esistono due modi per accedere da dispositivo mobile: navigando attraverso la normale interfaccia web del telefono o scaricando l&#8217;app dedicata Rooksbet. Entrambe offrono un&#8217;esperienza di gioco solida, con caricamento veloce, funzionalit\u00e0 ottimizzate per i dispositivi mobili e un gameplay che non presenta fastidiosi rallentamenti o interruzioni.<\/p>\n<p>Gestire un casin\u00f2 regolamentato implica prendere molto sul serio le regole del settore. La versione mobile del casin\u00f2 Rooksbet utilizza firewall per applicazioni web e uno scambio di chiavi RSA-2048 sicuro per proteggere il tuo account dagli hacker. Test regolari dell&#8217;app mobile dimostrano che \u00e8 ancora completamente sicura da installare e non presenta alcuna falla di sicurezza nascosta nel codice.<\/p>\n<p><div class=\"scrollable-content-wrap my-5\"><div class=\"scrollable-content-inner\"><h2>Come giocare a Rooks Bet su iPhone e iPad<\/h2>\n<p>L&#8217;installazione dell&#8217;app Rooksbet sui dispositivi iOS segue uno schema semplice. Il casin\u00f2 mobile si installa direttamente dal sito web principale, rendendo le cose semplici. Il design e la navigazione rimangono familiari se hai gi\u00e0 utilizzato la versione desktop, quindi non \u00e8 necessario imparare a orientarsi in layout completamente diversi.<\/p>\n<h3>Installazione dell&#8217;app iOS passo dopo passo<\/h3>\n<p>Per scaricare l&#8217;app sul tuo iPhone o iPad, devi premere l&#8217;icona &#8220;Condividi&#8221; nella parte inferiore dello schermo. Quando appare il menu, scegli &#8220;Aggiungi alla schermata iniziale&#8221;. L&#8217;icona del marchio apparir\u00e0 sullo schermo, pronta per essere toccata.<\/p>\n<p>Ma sappi che se non sei ancora pronto per installare qualcosa di nuovo, va benissimo. Basta visitare la pagina tramite Safari o Chrome e godersi i giochi in movimento senza l&#8217;app Rooks Bet Casino.<\/p>\n<p><img loading=\"lazy\" decoding=\"async\" class=\"alignnone size-full wp-image-2006\" src=\"https:\/\/therooksbet.com\/wp-content\/uploads\/2026\/03\/Rooksbet-iOS-App.webp\" alt=\"Rooksbet iOS App\" width=\"1248\" height=\"536\" srcset=\"https:\/\/therooksbet.com\/wp-content\/uploads\/2026\/03\/Rooksbet-iOS-App.webp 1248w, https:\/\/therooksbet.com\/wp-content\/uploads\/2026\/03\/Rooksbet-iOS-App-300x129.webp 300w, https:\/\/therooksbet.com\/wp-content\/uploads\/2026\/03\/Rooksbet-iOS-App-1024x440.webp 1024w, https:\/\/therooksbet.com\/wp-content\/uploads\/2026\/03\/Rooksbet-iOS-App-768x330.webp 768w\" sizes=\"auto, (max-width: 1248px) 100vw, 1248px\" \/><\/p>\n<\/div><\/div><div style=\"clear: both\"><\/div><div class=\"d-flex justify-content-center\"><button data-item=\"decouvrez_link\" data-group=\"website_links\" class=\"goto fw-bold rounded-pill btn btn-orange\" aria-label=\"Scarica l&#039;app RooksBet\" >Scarica l&#039;app RooksBet<\/button><\/div><div class=\"scrollable-content-wrap my-5\"><div class=\"scrollable-content-inner\"><h2>Rooksbet da PC o Mac<\/h2>\n<p>La versione per PC rimane disponibile per chi preferisce schermi pi\u00f9 grandi o configurazioni desktop. Il passaggio da un dispositivo all&#8217;altro funziona senza problemi a seconda della situazione e della posizione in cui ti trovi in un dato momento. La cosa fondamentale \u00e8 utilizzare lo stesso account Rooksbet Casino ovunque. Solo cos\u00ec i tuoi dati si sincronizzeranno correttamente tra le piattaforme senza trasferimenti manuali o perdita di informazioni.<\/p>\n<p>I browser moderni consentono di creare icone di collegamento per le pagine visitate di frequente, e questo funziona perfettamente anche per Rooksbet Casino. Creare un collegamento sul desktop significa accedere al casin\u00f2 con un solo clic, saltando tutta la routine di aprire il browser e cercare tra i segnalibri o digitare ripetutamente gli URL.<\/p>\n<p><img loading=\"lazy\" decoding=\"async\" class=\"alignnone size-full wp-image-1998\" src=\"https:\/\/therooksbet.com\/wp-content\/uploads\/2026\/03\/Rooksbet-Desktop.webp\" alt=\"Rooksbet Desktop\" width=\"1248\" height=\"536\" srcset=\"https:\/\/therooksbet.com\/wp-content\/uploads\/2026\/03\/Rooksbet-Desktop.webp 1248w, https:\/\/therooksbet.com\/wp-content\/uploads\/2026\/03\/Rooksbet-Desktop-300x129.webp 300w, https:\/\/therooksbet.com\/wp-content\/uploads\/2026\/03\/Rooksbet-Desktop-1024x440.webp 1024w, https:\/\/therooksbet.com\/wp-content\/uploads\/2026\/03\/Rooksbet-Desktop-768x330.webp 768w\" sizes=\"auto, (max-width: 1248px) 100vw, 1248px\" \/><\/p>\n<\/div><\/div><div style=\"clear: both\"><\/div><div class=\"d-flex justify-content-center\"><button data-item=\"decouvrez_link\" data-group=\"website_links\" class=\"goto fw-bold rounded-pill btn btn-orange\" aria-label=\"Scarica RooksBet\" >Scarica RooksBet<\/button><\/div><div class=\"scrollable-content-wrap my-5\"><div class=\"scrollable-content-inner\"><h2>Scaricare e utilizzare l&#8217;app su Android<\/h2>\n<p>I possessori di smartphone o tablet Android possono accedere facilmente alla piattaforma dai propri dispositivi. Basta scegliere il browser web preferito e visitare il sito. Rooksbet si adatta automaticamente alle dimensioni e alla risoluzione dello schermo senza necessit\u00e0 di regolazioni manuali. Le funzionalit\u00e0 e i processi non vengono ridotti o limitati. Tutto ci\u00f2 che \u00e8 disponibile sul desktop funziona anche sui dispositivi mobili.<\/p>\n<p>Esiste un&#8217;altra opzione per giocare in movimento: l&#8217;app Rooksbet per Android. Si tratta di un&#8217;applicazione web progressiva scaricabile direttamente dal sito web. L&#8217;impatto sulla memoria rimane minimo poich\u00e9 si basa sui dati memorizzati nella cache che svolgono il lavoro pi\u00f9 pesante. Non \u00e8 necessario scaricare altri file APK Rooksbet da fonti non affidabili. Le istruzioni di installazione ti guideranno in modo semplice e veloce attraverso il processo di configurazione.<\/p>\n<table>\n<tbody>\n<tr>\n<td>Passaggio<\/td>\n<td>Cosa stai facendo<\/td>\n<\/tr>\n<tr>\n<td>Clicca sul pulsante &#8220;Altro&#8221; sul sito web di Rooksbet Casino<\/td>\n<td>Lo trovi nella barra degli indirizzi, ha l&#8217;aspetto di tre puntini verticali sovrapposti<\/td>\n<\/tr>\n<tr>\n<td>Individua l&#8217;opzione di installazione<\/td>\n<td>Scorri l&#8217;elenco fino a individuare &#8220;Aggiungi alla schermata iniziale&#8221; e toccalo<\/td>\n<\/tr>\n<tr>\n<td>Personalizza se lo desideri<\/td>\n<td>Modifica il nome e l&#8217;aspetto dell&#8217;icona oppure lascia tutto alle impostazioni predefinite<\/td>\n<\/tr>\n<tr>\n<td>Posiziona l&#8217;icona ed effettua il login<\/td>\n<td>Una volta completati i passaggi, sull&#8217;home screen apparir\u00e0 un&#8217;icona: trascinala dove preferisci, quindi accedi al tuo account<\/td>\n<\/tr>\n<\/tbody>\n<\/table>\n<p><img loading=\"lazy\" decoding=\"async\" class=\"alignnone size-full wp-image-1990\" src=\"https:\/\/therooksbet.com\/wp-content\/uploads\/2026\/03\/Rooksbet-Android-App.webp\" alt=\"Rooksbet Android App\" width=\"1248\" height=\"536\" srcset=\"https:\/\/therooksbet.com\/wp-content\/uploads\/2026\/03\/Rooksbet-Android-App.webp 1248w, https:\/\/therooksbet.com\/wp-content\/uploads\/2026\/03\/Rooksbet-Android-App-300x129.webp 300w, https:\/\/therooksbet.com\/wp-content\/uploads\/2026\/03\/Rooksbet-Android-App-1024x440.webp 1024w, https:\/\/therooksbet.com\/wp-content\/uploads\/2026\/03\/Rooksbet-Android-App-768x330.webp 768w\" sizes=\"auto, (max-width: 1248px) 100vw, 1248px\" \/><\/p>\n<\/div><\/div><div style=\"clear: both\"><\/div><div class=\"d-flex justify-content-center\"><button data-item=\"decouvrez_link\" data-group=\"website_links\" class=\"goto fw-bold rounded-pill btn btn-orange\" aria-label=\"Scarica l&#039;app RooksBet\" >Scarica l&#039;app RooksBet<\/button><\/div><div class=\"scrollable-content-wrap my-5\"><div class=\"scrollable-content-inner\"><h2>Funzionalit\u00e0 di sicurezza e protezione dell&#8217;app<\/h2>\n<p>La scelta del dispositivo non influisce sulla sicurezza, poich\u00e9 le misure di protezione si applicano universalmente all&#8217;app Rooks Bet per iOS, Android e PC:<\/p>\n<ul>\n<li>Il supporto per l&#8217;autenticazione biometrica consente l&#8217;accesso tramite impronta digitale o riconoscimento facciale su dispositivi mobili compatibili, aggiungendo un ulteriore livello di protezione oltre alle sole password.<\/li>\n<li>La tokenizzazione sostituisce i dati sensibili della carta con token sicuri, riducendo drasticamente i rischi di frode durante le transazioni.<\/li>\n<li>Il monitoraggio delle attivit\u00e0 in tempo reale rileva istantaneamente accessi sospetti, modelli di scommessa insoliti o transazioni fraudolente prima che il danno aumenti.<\/li>\n<li>Gli aggiornamenti software sicuri vengono distribuiti lato server per la PWA, garantendo che tu abbia sempre l&#8217;ultima versione protetta senza perdere tempo con download manuali.<\/li>\n<\/ul>\n<p>Non dimenticare di completare il processo di verifica. Render\u00e0 il tuo account Rooksbet Casino pi\u00f9 sicuro e ti aprir\u00e0 nuove opportunit\u00e0.<\/p>\n<h2>Domande frequenti<\/h2>\n<h3>I miei depositi sono sicuri quando utilizzo l&#8217;app mobile?<\/h3>\n<p>L&#8217;app Rooksbet utilizza gli stessi metodi di crittografia del sito desktop. TLS e AES-256 proteggono ogni transazione, garantendo un elevato livello di sicurezza. Le tue informazioni di pagamento vengono tokenizzate prima di essere inviate. I depositi da dispositivo mobile sono sicuri quanto quelli da desktop: non vengono prese scorciatoie per motivi di praticit\u00e0.<\/p>\n<h3>Cosa devo fare se l&#8217;app Rooksbet continua a bloccarsi?<\/h3>\n<p>Chiudi l&#8217;app, quindi riaprila. Assicurati di avere la versione pi\u00f9 recente e riavvia il telefono. Se continua a bloccarsi, puoi svuotare la cache nelle impostazioni del telefono o eliminare e reinstallare l&#8217;app Rooksbet Casino. Se l&#8217;app continua a bloccarsi, contatta il nostro team di assistenza tramite la chat live e comunica loro che tipo di dispositivo hai e quando si verificano i blocchi. Potranno capire se c&#8217;\u00e8 un problema con la tua configurazione o un malfunzionamento.<\/p>\n<h3>Perch\u00e9 dovrei usare l&#8217;app Rooks Bet invece del sito web?<\/h3>\n<p>L&#8217;app si carica pi\u00f9 velocemente, utilizza meno dati grazie a una cache intelligente e invia notifiche push sui bonus e sugli aggiornamenti dei tornei, cos\u00ec non perderai le offerte a tempo. Puoi anche avviarla con un solo tocco dalla schermata iniziale. Quando la usi per un lungo periodo, le prestazioni rimangono pi\u00f9 fluide rispetto a quando usi i browser mobili con molte schede aperte.<\/p>\n<\/div><\/div><\/p>\n","protected":false},"excerpt":{"rendered":"<p>Piattaforma mobile Rooksbet Tutto ci\u00f2 che i giocatori italiani desiderano dal nostro casin\u00f2 \u00e8 presente anche nella Rooksbet App: tutti i titoli, i bonus, le opzioni di pagamento e le funzionalit\u00e0 che rendono la piattaforma operativa. La scelta del dispositivo non ti esclude da nulla di importante. Scegli quello che ritieni pi\u00f9 conveniente per la [&hellip;]<\/p>\n","protected":false},"author":1,"featured_media":0,"parent":0,"menu_order":0,"comment_status":"closed","ping_status":"closed","template":"template-builder.php","meta":{"_acf_changed":false,"inline_featured_image":false,"footnotes":""},"class_list":["post-1445","page","type-page","status-publish","hentry"],"acf":[],"yoast_head":"<!-- This site is optimized with the Yoast SEO plugin v27.3 - https:\/\/yoast.com\/product\/yoast-seo-wordpress\/ -->\n<title>Rooksbet Casino App Scarica | iOS, Android &amp; Desktop<\/title>\n<meta name=\"description\" content=\"Rooksbet Casino App \u2013 scarica l&#039;app per iOS, Android e desktop per giocare a slot, giochi da tavolo e casin\u00f2 dal vivo ovunque. Goditi prestazioni fluide e accesso completo al tuo account con Rooks Bet.\" \/>\n<meta name=\"robots\" content=\"index, follow, max-snippet:-1, max-image-preview:large, max-video-preview:-1\" \/>\n<link rel=\"canonical\" href=\"https:\/\/therooksbet.com\/it\/applicazione\/\" \/>\n<meta property=\"og:locale\" content=\"it_IT\" \/>\n<meta property=\"og:type\" content=\"article\" \/>\n<meta property=\"og:title\" content=\"Rooksbet Casino App Scarica | iOS, Android &amp; Desktop\" \/>\n<meta property=\"og:description\" content=\"Rooksbet Casino App \u2013 scarica l&#039;app per iOS, Android e desktop per giocare a slot, giochi da tavolo e casin\u00f2 dal vivo ovunque. Goditi prestazioni fluide e accesso completo al tuo account con Rooks Bet.\" \/>\n<meta property=\"og:url\" content=\"https:\/\/therooksbet.com\/it\/applicazione\/\" \/>\n<meta property=\"og:site_name\" content=\"rooksbet\" \/>\n<meta property=\"article:modified_time\" content=\"2026-03-12T12:42:10+00:00\" \/>\n<meta name=\"twitter:card\" content=\"summary_large_image\" \/>\n<meta name=\"twitter:label1\" content=\"Est. reading time\" \/>\n\t<meta name=\"twitter:data1\" content=\"2 minutes\" \/>\n<script type=\"application\/ld+json\" class=\"yoast-schema-graph\">{\"@context\":\"https:\\\/\\\/schema.org\",\"@graph\":[{\"@type\":\"WebPage\",\"@id\":\"https:\\\/\\\/therooksbet.com\\\/it\\\/applicazione\\\/\",\"url\":\"https:\\\/\\\/therooksbet.com\\\/it\\\/applicazione\\\/\",\"name\":\"Rooksbet Casino App Scarica | iOS, Android & Desktop\",\"isPartOf\":{\"@id\":\"https:\\\/\\\/therooksbet.com\\\/it\\\/#website\"},\"datePublished\":\"2026-01-20T12:08:23+00:00\",\"dateModified\":\"2026-03-12T12:42:10+00:00\",\"description\":\"Rooksbet Casino App \u2013 scarica l'app per iOS, Android e desktop per giocare a slot, giochi da tavolo e casin\u00f2 dal vivo ovunque. Goditi prestazioni fluide e accesso completo al tuo account con Rooks Bet.\",\"breadcrumb\":{\"@id\":\"https:\\\/\\\/therooksbet.com\\\/it\\\/applicazione\\\/#breadcrumb\"},\"inLanguage\":\"it-IT\",\"potentialAction\":[{\"@type\":\"ReadAction\",\"target\":[\"https:\\\/\\\/therooksbet.com\\\/it\\\/applicazione\\\/\"]}]},{\"@type\":\"BreadcrumbList\",\"@id\":\"https:\\\/\\\/therooksbet.com\\\/it\\\/applicazione\\\/#breadcrumb\",\"itemListElement\":[{\"@type\":\"ListItem\",\"position\":1,\"name\":\"Rooksbet\",\"item\":\"https:\\\/\\\/therooksbet.com\\\/it\\\/\"},{\"@type\":\"ListItem\",\"position\":2,\"name\":\"Applicazione\"}]},{\"@type\":\"WebSite\",\"@id\":\"https:\\\/\\\/therooksbet.com\\\/it\\\/#website\",\"url\":\"https:\\\/\\\/therooksbet.com\\\/it\\\/\",\"name\":\"Rooksbet\",\"description\":\"\",\"publisher\":{\"@id\":\"https:\\\/\\\/therooksbet.com\\\/it\\\/#organization\"},\"potentialAction\":[{\"@type\":\"SearchAction\",\"target\":{\"@type\":\"EntryPoint\",\"urlTemplate\":\"https:\\\/\\\/therooksbet.com\\\/it\\\/?s={search_term_string}\"},\"query-input\":{\"@type\":\"PropertyValueSpecification\",\"valueRequired\":true,\"valueName\":\"search_term_string\"}}],\"inLanguage\":\"it-IT\"},{\"@type\":\"Organization\",\"@id\":\"https:\\\/\\\/therooksbet.com\\\/it\\\/#organization\",\"name\":\"Rooksbet\",\"url\":\"https:\\\/\\\/therooksbet.com\\\/it\\\/\",\"logo\":{\"@type\":\"ImageObject\",\"inLanguage\":\"it-IT\",\"@id\":\"https:\\\/\\\/therooksbet.com\\\/it\\\/#\\\/schema\\\/logo\\\/image\\\/\",\"url\":\"https:\\\/\\\/therooksbet.com\\\/wp-content\\\/uploads\\\/2026\\\/03\\\/Rooksbet-logo-Desktop.png\",\"contentUrl\":\"https:\\\/\\\/therooksbet.com\\\/wp-content\\\/uploads\\\/2026\\\/03\\\/Rooksbet-logo-Desktop.png\",\"width\":167,\"height\":44,\"caption\":\"Rooksbet\"},\"image\":{\"@id\":\"https:\\\/\\\/therooksbet.com\\\/it\\\/#\\\/schema\\\/logo\\\/image\\\/\"}}]}<\/script>\n<!-- \/ Yoast SEO plugin. -->","yoast_head_json":{"title":"Rooksbet Casino App Scarica | iOS, Android & Desktop","description":"Rooksbet Casino App \u2013 scarica l'app per iOS, Android e desktop per giocare a slot, giochi da tavolo e casin\u00f2 dal vivo ovunque. Goditi prestazioni fluide e accesso completo al tuo account con Rooks Bet.","robots":{"index":"index","follow":"follow","max-snippet":"max-snippet:-1","max-image-preview":"max-image-preview:large","max-video-preview":"max-video-preview:-1"},"canonical":"https:\/\/therooksbet.com\/it\/applicazione\/","og_locale":"it_IT","og_type":"article","og_title":"Rooksbet Casino App Scarica | iOS, Android & Desktop","og_description":"Rooksbet Casino App \u2013 scarica l'app per iOS, Android e desktop per giocare a slot, giochi da tavolo e casin\u00f2 dal vivo ovunque. Goditi prestazioni fluide e accesso completo al tuo account con Rooks Bet.","og_url":"https:\/\/therooksbet.com\/it\/applicazione\/","og_site_name":"rooksbet","article_modified_time":"2026-03-12T12:42:10+00:00","twitter_card":"summary_large_image","twitter_misc":{"Est. reading time":"2 minutes"},"schema":{"@context":"https:\/\/schema.org","@graph":[{"@type":"WebPage","@id":"https:\/\/therooksbet.com\/it\/applicazione\/","url":"https:\/\/therooksbet.com\/it\/applicazione\/","name":"Rooksbet Casino App Scarica | iOS, Android & Desktop","isPartOf":{"@id":"https:\/\/therooksbet.com\/it\/#website"},"datePublished":"2026-01-20T12:08:23+00:00","dateModified":"2026-03-12T12:42:10+00:00","description":"Rooksbet Casino App \u2013 scarica l'app per iOS, Android e desktop per giocare a slot, giochi da tavolo e casin\u00f2 dal vivo ovunque. Goditi prestazioni fluide e accesso completo al tuo account con Rooks Bet.","breadcrumb":{"@id":"https:\/\/therooksbet.com\/it\/applicazione\/#breadcrumb"},"inLanguage":"it-IT","potentialAction":[{"@type":"ReadAction","target":["https:\/\/therooksbet.com\/it\/applicazione\/"]}]},{"@type":"BreadcrumbList","@id":"https:\/\/therooksbet.com\/it\/applicazione\/#breadcrumb","itemListElement":[{"@type":"ListItem","position":1,"name":"Rooksbet","item":"https:\/\/therooksbet.com\/it\/"},{"@type":"ListItem","position":2,"name":"Applicazione"}]},{"@type":"WebSite","@id":"https:\/\/therooksbet.com\/it\/#website","url":"https:\/\/therooksbet.com\/it\/","name":"Rooksbet","description":"","publisher":{"@id":"https:\/\/therooksbet.com\/it\/#organization"},"potentialAction":[{"@type":"SearchAction","target":{"@type":"EntryPoint","urlTemplate":"https:\/\/therooksbet.com\/it\/?s={search_term_string}"},"query-input":{"@type":"PropertyValueSpecification","valueRequired":true,"valueName":"search_term_string"}}],"inLanguage":"it-IT"},{"@type":"Organization","@id":"https:\/\/therooksbet.com\/it\/#organization","name":"Rooksbet","url":"https:\/\/therooksbet.com\/it\/","logo":{"@type":"ImageObject","inLanguage":"it-IT","@id":"https:\/\/therooksbet.com\/it\/#\/schema\/logo\/image\/","url":"https:\/\/therooksbet.com\/wp-content\/uploads\/2026\/03\/Rooksbet-logo-Desktop.png","contentUrl":"https:\/\/therooksbet.com\/wp-content\/uploads\/2026\/03\/Rooksbet-logo-Desktop.png","width":167,"height":44,"caption":"Rooksbet"},"image":{"@id":"https:\/\/therooksbet.com\/it\/#\/schema\/logo\/image\/"}}]}},"_links":{"self":[{"href":"https:\/\/therooksbet.com\/it\/wp-json\/wp\/v2\/pages\/1445","targetHints":{"allow":["GET"]}}],"collection":[{"href":"https:\/\/therooksbet.com\/it\/wp-json\/wp\/v2\/pages"}],"about":[{"href":"https:\/\/therooksbet.com\/it\/wp-json\/wp\/v2\/types\/page"}],"author":[{"embeddable":true,"href":"https:\/\/therooksbet.com\/it\/wp-json\/wp\/v2\/users\/1"}],"replies":[{"embeddable":true,"href":"https:\/\/therooksbet.com\/it\/wp-json\/wp\/v2\/comments?post=1445"}],"version-history":[{"count":3,"href":"https:\/\/therooksbet.com\/it\/wp-json\/wp\/v2\/pages\/1445\/revisions"}],"predecessor-version":[{"id":2126,"href":"https:\/\/therooksbet.com\/it\/wp-json\/wp\/v2\/pages\/1445\/revisions\/2126"}],"wp:attachment":[{"href":"https:\/\/therooksbet.com\/it\/wp-json\/wp\/v2\/media?parent=1445"}],"curies":[{"name":"wp","href":"https:\/\/api.w.org\/{rel}","templated":true}]}}