{"id":1485,"date":"2026-01-20T12:11:11","date_gmt":"2026-01-20T12:11:11","guid":{"rendered":"https:\/\/bonuskongcasino.com\/login-and-registration\/"},"modified":"2026-03-12T12:43:27","modified_gmt":"2026-03-12T12:43:27","slug":"accesso-e-registrazione","status":"publish","type":"page","link":"https:\/\/therooksbet.com\/it\/accesso-e-registrazione\/","title":{"rendered":"Accesso e registrazione"},"content":{"rendered":"<h1>Accesso e registrazione all&#8217;account Rooksbet<\/h1>\n<p>I visitatori che accedono al casin\u00f2 per la prima volta dall&#8217;Italia dovrebbero prendere seriamente in considerazione la possibilit\u00e0 di completare la procedura di Rooksbet login, poich\u00e9 sblocca dei vantaggi che rendono lo sforzo utile. Diventa possibile giocare con denaro reale, prelevare le vincite guadagnate senza problemi e ricevere regolarmente generosi bonus sul proprio conto. La registrazione \u00e8 aperta solo agli utenti che hanno compiuto 18 anni. \u00c8 consentito un solo account per persona sulla piattaforma.<\/p>\n<p><div class=\"banner-wrap\" aria-label=\"Banner\"><img src=\"https:\/\/therooksbet.com\/wp-content\/uploads\/2026\/03\/Rooksbet-banner-desktop.webp\" class=\"w-100 d-none d-lg-block img-pc main-banner-img\" alt=\"rooksbet bonus desktop\" fetchpriority=\"high\" decoding=\"async\"><img src=\"https:\/\/therooksbet.com\/wp-content\/uploads\/2026\/03\/Rooksbet-banner-mobile.webp\" class=\"w-100 d-none d-md-block d-lg-none main-banner-img\" alt=\"rooksbet bonus mobile\" fetchpriority=\"high\" decoding=\"async\"><img src=\"https:\/\/therooksbet.com\/wp-content\/uploads\/2026\/03\/Rooksbet-banner-mobile.webp\" class=\"w-100 d-md-none\" alt=\"rooksbet bonus mobile\" fetchpriority=\"high\" decoding=\"async\"><div class=\"banner-description\">\n<div class=\"banner-title\">Bonus di benvenuto<\/div>\n<p class=\"banner-header-title\">1500 \u20ac<\/p>\n<div class=\"banner-header-AdditionalText\">+ 250 Giri gratuiti<\/div>\n<button data-item=\"homepage_banner_link\" class=\"goto m-button m-gradient-border m-button--primary m-button--large banner-button btn-orange\">\n            <div class=\"m-button-content\">\n                <span>Iscriviti ora<\/span>\n                <span><\/span>\n            <\/div>\n        <\/button>\n<\/div>\n<div class=\"WelcomePack\">\n<p><img loading=\"lazy\" decoding=\"async\" class=\"alignnone size-full wp-image-1854\" src=\"https:\/\/therooksbet.com\/wp-content\/uploads\/2026\/03\/welcome-crown.png\" alt=\"welcome crown\" width=\"25\" height=\"26\" \/><\/p>\n<div class=\"WelcomePack-Info\">Cashback settimanale fino al 25%<\/div>\n<p><img loading=\"lazy\" decoding=\"async\" class=\"alignnone size-full wp-image-1854\" src=\"https:\/\/therooksbet.com\/wp-content\/uploads\/2026\/03\/welcome-crown.png\" alt=\"welcome crown\" width=\"25\" height=\"26\" \/><\/p>\n<\/div>\n<\/div><div class=\"scrollable-content-wrap my-5\"><div class=\"scrollable-content-inner\"><h2>Come accedere e controllare il proprio profilo<\/h2>\n<p>I titolari di account esistenti devono completare la procedura di accesso a Rooksbet prima di poter accedere a qualsiasi cosa. Basta ricordare le informazioni fornite durante la registrazione e inserirle. Se non riesci ad accedere al tuo account, probabilmente significa che alcuni dei dati inseriti sono stati digitati in modo errato. Attivit\u00e0 di accesso sospette a Rooks Bet possono causare il blocco dell&#8217;account, quindi contatta il team di assistenza tramite la nostra live chat se continui a non riuscire ad accedere prima che la situazione degeneri in un blocco totale.<\/p>\n<table>\n<tbody>\n<tr>\n<td>Problema di accesso<\/td>\n<td>Cosa sta andando storto<\/td>\n<td>Come risolverlo subito<\/td>\n<\/tr>\n<tr>\n<td>Errore &#8220;Credenziali non valide&#8221; al primo tentativo<\/td>\n<td>Errore di battitura nell&#8217;indirizzo e-mail o nella password: capita a tutti, a volte.<\/td>\n<td>Digita di nuovo con attenzione. Controlla che il blocco maiuscole sia disattivato. Usa la funzione di compilazione automatica di un gestore di password per eliminare gli errori umani.<\/td>\n<\/tr>\n<tr>\n<td>Bloccato dopo diversi tentativi falliti<\/td>\n<td>Il sistema di sicurezza di Rooksbet Casino ritiene che qualcuno stia tentando di accedere al tuo account. Ti sta proteggendo.<\/td>\n<td>Contatta immediatamente il team di assistenza prima che il blocco temporaneo diventi un ban permanente.<\/td>\n<\/tr>\n<tr>\n<td>L&#8217;accesso a Rooksbet funziona, ma la dashboard sembra errata<\/td>\n<td>Il browser ha memorizzato nella cache i dati della vecchia sessione o i cookie sono stati danneggiati in qualche modo.<\/td>\n<td>Cancella la cache e i cookie del browser. Aggiorna la pagina. Prova la modalit\u00e0 di navigazione in incognito se la finestra normale funziona in modo anomalo.<\/td>\n<\/tr>\n<tr>\n<td>Non ricordi quale indirizzo e-mail hai utilizzato<\/td>\n<td>Hai pi\u00f9 indirizzi e-mail e non ricordi quale hai utilizzato per la registrazione.<\/td>\n<td>Controlla tutte le tue caselle di posta in arrivo per trovare l&#8217;e-mail di conferma della registrazione da parte di Rooksbet. La troverai l\u00ec.<\/td>\n<\/tr>\n<\/tbody>\n<\/table>\n<p>Una volta effettuato l&#8217;accesso al tuo account Rooksbet, puoi personalizzare la tua esperienza accedendo alle impostazioni e agli strumenti disponibili nella dashboard.<\/p>\n<ul>\n<li>Puoi modificare i tuoi dati personali o le informazioni di pagamento in qualsiasi momento.<\/li>\n<li>Puoi anche rivedere la cronologia delle tue attivit\u00e0 per tenere traccia di tutto ci\u00f2 che hai fatto sulla piattaforma Rooks Bet Casino.<\/li>\n<li>Attiva gli strumenti per il gioco responsabile se ritieni necessario stabilire dei limiti per un gioco sano.<\/li>\n<\/ul>\n<h3>Utilizza gli strumenti responsabili<\/h3>\n<p>Rooksbet Casino mette i controlli di gioco responsabile direttamente nella dashboard del tuo account, dove puoi trovarli facilmente quando ne hai bisogno. Imposta limiti di deposito che limitano la quantit\u00e0 di denaro che entra ogni giorno, settimana o mese. I limiti di tempo di sessione ti espellono quando raggiungi il tempo di gioco impostato. I limiti di perdita aiutano a tenere sotto controllo le sessioni difficili. L&#8217;autoesclusione blocca completamente il tuo account per un periodo di tempo che pu\u00f2 variare da 24 ore alla chiusura definitiva. I controlli di realt\u00e0 su Rooksbet ti ricordano da quanto tempo stai giocando e quanto denaro hai vinto o perso. A volte \u00e8 proprio quello che ti serve per svegliarti.<\/p>\n<h3>Cosa fare se dimentichi i tuoi dati di accesso<\/h3>\n<p>Si verificano diverse situazioni, tra cui la dimenticanza dei dati di accesso a Rooksbet da parte degli utenti, come la completa perdita della password dalla memoria. Esistono soluzioni per reimpostare le credenziali quando ci\u00f2 accade:<\/p>\n<table>\n<tbody>\n<tr>\n<td>Passaggio<\/td>\n<td>Cosa stai facendo<\/td>\n<\/tr>\n<tr>\n<td>Accedi alla pagina di accesso<\/td>\n<td>Clicca su &#8220;Accedi&#8221;, situato nell&#8217;angolo in alto a destra della pagina principale<\/td>\n<\/tr>\n<tr>\n<td>Attiva la reimpostazione della password<\/td>\n<td>Segui il link &#8220;Hai dimenticato la password?&#8221; che appare nel modulo di accesso di Rooks Bet<\/td>\n<\/tr>\n<tr>\n<td>Inserisci il tuo indirizzo e-mail<\/td>\n<td>Inserisci l&#8217;indirizzo e-mail collegato al tuo account in modo che il sistema sappia quale account deve essere reimpostato<\/td>\n<\/tr>\n<tr>\n<td>Controlla la tua casella di posta<\/td>\n<td>Ti invieremo un link di reimpostazione dove potrai creare una nuova password per il tuo prossimo tentativo di accesso<\/td>\n<\/tr>\n<\/tbody>\n<\/table>\n<p><img loading=\"lazy\" decoding=\"async\" class=\"alignnone size-full wp-image-2014\" src=\"https:\/\/therooksbet.com\/wp-content\/uploads\/2026\/03\/Rooksbet-Login.webp\" alt=\"Rooksbet Login\" width=\"1248\" height=\"536\" srcset=\"https:\/\/therooksbet.com\/wp-content\/uploads\/2026\/03\/Rooksbet-Login.webp 1248w, https:\/\/therooksbet.com\/wp-content\/uploads\/2026\/03\/Rooksbet-Login-300x129.webp 300w, https:\/\/therooksbet.com\/wp-content\/uploads\/2026\/03\/Rooksbet-Login-1024x440.webp 1024w, https:\/\/therooksbet.com\/wp-content\/uploads\/2026\/03\/Rooksbet-Login-768x330.webp 768w\" sizes=\"auto, (max-width: 1248px) 100vw, 1248px\" \/><\/p>\n<h2>Come completare la verifica dell&#8217;account<\/h2>\n<p>La sicurezza \u00e8 molto importante per Rooksbet Casino. La piattaforma adotta le misure necessarie per proteggere i processi in esecuzione sul sito web, chiedendo anche a te di rispettare le regole stabilite. Per evitare frodi e garantire pari opportunit\u00e0 a tutti, tutti gli utenti devono completare la verifica prima di accedere a determinate funzionalit\u00e0.<\/p>\n<p>La procedura deve essere completata prima del primo processo di prelievo. \u00c8 piuttosto semplice: carica le copie dei documenti personali sulla piattaforma e i responsabili le esamineranno in media entro 48 ore. Il processo di verifica conferma l&#8217;identit\u00e0, l&#8217;et\u00e0, l&#8217;indirizzo e la titolarit\u00e0 del pagamento.<\/p>\n<h2>Registrazione su Rooks Bet<\/h2>\n<p>Molti utenti esitano a creare account su piattaforme sconosciute perch\u00e9 si interrogano sulla sicurezza e sulla protezione dei dati. Rooksbet Casino utilizza protocolli di scambio di chiavi sicuri e sistemi anti-bot specializzati per proteggere le tue informazioni da violazioni e attacchi. La registrazione garantisce anche l&#8217;accesso a oltre 6.000 titoli, tra cui slot online, giochi da tavolo e opzioni di casin\u00f2 dal vivo. Puoi anche gestire depositi e prelievi senza restrizioni.<\/p>\n<p>Prima di immergersi nel processo di login su Rooksbet, \u00e8 necessario seguire alcune regole di base. Solo i giocatori di et\u00e0 pari o superiore a 18 anni possono creare un account sulla piattaforma, senza alcuna eccezione. Fornisci informazioni personali autentiche, poich\u00e9 i processi di verifica successivi controlleranno che tutto ci\u00f2 che hai inserito corrisponda alla realt\u00e0.<\/p>\n<h3>Come creare il tuo account<\/h3>\n<p>La creazione di un nuovo account su Rooksbet richiede al massimo pochi minuti. Il processo \u00e8 logico e non richiede l&#8217;inserimento di informazioni personali eccessive in anticipo. Se sei pronto per iniziare il tuo viaggio, ecco come procedere:<\/p>\n<ol>\n<li>Individua il pulsante di registrazione sul sito web di Rooks Bet. Si trova nell&#8217;angolo in alto a destra, dove non puoi non vederlo.<\/li>\n<li>Inserisci le tue informazioni personali nei campi: almeno l&#8217;indirizzo e-mail e la password. Qui si applicano politiche di password complesse, quindi mescola caratteri speciali con lettere minuscole e maiuscole, creando qualcosa di veramente sicuro.<\/li>\n<li>Se hai un codice promozionale, inseriscilo in questo campo, poich\u00e9 ti dar\u00e0 diritto a ulteriori premi su Rooksbet Casino fin dall&#8217;inizio.<\/li>\n<li>Conferma di aver raggiunto l&#8217;et\u00e0 legale e accetta i termini e le condizioni dopo aver seguito il link e letto le regole.<\/li>\n<li>Ricontrolla tutto ci\u00f2 che hai inserito per assicurarti che sia corretto, quindi premi il pulsante &#8220;Registrati&#8221; nella parte inferiore della pagina per completare la procedura. Ora \u00e8 possibile effettuare il login su Rooksbet.<\/li>\n<\/ol>\n<h2>Domande frequenti<\/h2>\n<h3>Quali vantaggi ottengo dalla registrazione?<\/h3>\n<p>Quando ti registri, puoi giocare a uno qualsiasi degli oltre 6.000 giochi presenti nella libreria di Rooksbet. Questi includono slot, giochi da tavolo, giochi con croupier dal vivo e altro ancora. Puoi anche ricevere il regalo di benvenuto, partecipare a tornei con premi in denaro reale ed effettuare depositi e prelievi tutte le volte che vuoi. Rooksbet Casino ti consente anche di tenere traccia della tua cronologia di gioco, impostare restrizioni ragionevoli su quanto puoi giocare e controllare le tue opzioni di pagamento. Puoi giocare in modalit\u00e0 demo per vedere come funzionano i giochi, ma devi registrarti per vincere e incassare denaro reale.<\/p>\n<h3>Come posso aggiornare le mie informazioni personali o le impostazioni di sicurezza nel mio profilo?<\/h3>\n<p>Rooksbet Casino ti consente di modificare o aggiornare i tuoi dati personali ogni volta che \u00e8 necessario. Basta accedere al tuo account, andare su Impostazioni e aggiornare le tue informazioni secondo necessit\u00e0. Gli aggiornamenti della password avvengono tramite le impostazioni di sicurezza. \u00c8 necessaria una verifica per confermare la propriet\u00e0 del nuovo indirizzo e-mail prima che sostituisca quello vecchio. Entrambi i processi sono rapidi e non comportano ritardi inutili.<\/p>\n<h3>Quali documenti sono necessari per la verifica dell&#8217;account?<\/h3>\n<p>La verifica \u00e8 piuttosto semplice una volta che sai cosa \u00e8 necessario. Prima del tuo primo prelievo, ti verr\u00e0 chiesto di fornire copie dei documenti personali che provano la tua identit\u00e0, il tuo indirizzo di residenza, la tua et\u00e0 e la titolarit\u00e0 del conto di pagamento. I responsabili esaminano tutto ci\u00f2 che \u00e8 stato inviato e ti comunicano quando la verifica \u00e8 stata completata. Se non sei sicuro di quali documenti siano accettabili, il team di assistenza multilingue di Rooks Bet pu\u00f2 aiutarti.<\/p>\n<\/div><\/div><\/p>\n","protected":false},"excerpt":{"rendered":"<p>Accesso e registrazione all&#8217;account Rooksbet I visitatori che accedono al casin\u00f2 per la prima volta dall&#8217;Italia dovrebbero prendere seriamente in considerazione la possibilit\u00e0 di completare la procedura di Rooksbet login, poich\u00e9 sblocca dei vantaggi che rendono lo sforzo utile. Diventa possibile giocare con denaro reale, prelevare le vincite guadagnate senza problemi e ricevere regolarmente generosi [&hellip;]<\/p>\n","protected":false},"author":1,"featured_media":0,"parent":0,"menu_order":0,"comment_status":"closed","ping_status":"closed","template":"template-builder.php","meta":{"_acf_changed":false,"inline_featured_image":false,"footnotes":""},"class_list":["post-1485","page","type-page","status-publish","hentry"],"acf":[],"yoast_head":"<!-- This site is optimized with the Yoast SEO plugin v27.3 - https:\/\/yoast.com\/product\/yoast-seo-wordpress\/ -->\n<title>Rooksbet Casino Login &amp; Registrazione | Accesso Sicuro<\/title>\n<meta name=\"description\" content=\"Rooksbet Casino Login \u2013 accedi in modo sicuro o crea il tuo account in pochi secondi con accesso crittografato e verifica rapida. Gestisci il recupero password, le impostazioni del profilo e gli strumenti dell&#039;account facilmente su Rooks Bet.\" \/>\n<meta name=\"robots\" content=\"index, follow, max-snippet:-1, max-image-preview:large, max-video-preview:-1\" \/>\n<link rel=\"canonical\" href=\"https:\/\/therooksbet.com\/it\/accesso-e-registrazione\/\" \/>\n<meta property=\"og:locale\" content=\"it_IT\" \/>\n<meta property=\"og:type\" content=\"article\" \/>\n<meta property=\"og:title\" content=\"Rooksbet Casino Login &amp; Registrazione | Accesso Sicuro\" \/>\n<meta property=\"og:description\" content=\"Rooksbet Casino Login \u2013 accedi in modo sicuro o crea il tuo account in pochi secondi con accesso crittografato e verifica rapida. Gestisci il recupero password, le impostazioni del profilo e gli strumenti dell&#039;account facilmente su Rooks Bet.\" \/>\n<meta property=\"og:url\" content=\"https:\/\/therooksbet.com\/it\/accesso-e-registrazione\/\" \/>\n<meta property=\"og:site_name\" content=\"rooksbet\" \/>\n<meta property=\"article:modified_time\" content=\"2026-03-12T12:43:27+00:00\" \/>\n<meta name=\"twitter:card\" content=\"summary_large_image\" \/>\n<meta name=\"twitter:label1\" content=\"Est. reading time\" \/>\n\t<meta name=\"twitter:data1\" content=\"1 minute\" \/>\n<script type=\"application\/ld+json\" class=\"yoast-schema-graph\">{\"@context\":\"https:\\\/\\\/schema.org\",\"@graph\":[{\"@type\":\"WebPage\",\"@id\":\"https:\\\/\\\/therooksbet.com\\\/it\\\/accesso-e-registrazione\\\/\",\"url\":\"https:\\\/\\\/therooksbet.com\\\/it\\\/accesso-e-registrazione\\\/\",\"name\":\"Rooksbet Casino Login & Registrazione | Accesso Sicuro\",\"isPartOf\":{\"@id\":\"https:\\\/\\\/therooksbet.com\\\/it\\\/#website\"},\"datePublished\":\"2026-01-20T12:11:11+00:00\",\"dateModified\":\"2026-03-12T12:43:27+00:00\",\"description\":\"Rooksbet Casino Login \u2013 accedi in modo sicuro o crea il tuo account in pochi secondi con accesso crittografato e verifica rapida. Gestisci il recupero password, le impostazioni del profilo e gli strumenti dell'account facilmente su Rooks Bet.\",\"breadcrumb\":{\"@id\":\"https:\\\/\\\/therooksbet.com\\\/it\\\/accesso-e-registrazione\\\/#breadcrumb\"},\"inLanguage\":\"it-IT\",\"potentialAction\":[{\"@type\":\"ReadAction\",\"target\":[\"https:\\\/\\\/therooksbet.com\\\/it\\\/accesso-e-registrazione\\\/\"]}]},{\"@type\":\"BreadcrumbList\",\"@id\":\"https:\\\/\\\/therooksbet.com\\\/it\\\/accesso-e-registrazione\\\/#breadcrumb\",\"itemListElement\":[{\"@type\":\"ListItem\",\"position\":1,\"name\":\"Rooksbet\",\"item\":\"https:\\\/\\\/therooksbet.com\\\/it\\\/\"},{\"@type\":\"ListItem\",\"position\":2,\"name\":\"Accesso e registrazione\"}]},{\"@type\":\"WebSite\",\"@id\":\"https:\\\/\\\/therooksbet.com\\\/it\\\/#website\",\"url\":\"https:\\\/\\\/therooksbet.com\\\/it\\\/\",\"name\":\"Rooksbet\",\"description\":\"\",\"publisher\":{\"@id\":\"https:\\\/\\\/therooksbet.com\\\/it\\\/#organization\"},\"potentialAction\":[{\"@type\":\"SearchAction\",\"target\":{\"@type\":\"EntryPoint\",\"urlTemplate\":\"https:\\\/\\\/therooksbet.com\\\/it\\\/?s={search_term_string}\"},\"query-input\":{\"@type\":\"PropertyValueSpecification\",\"valueRequired\":true,\"valueName\":\"search_term_string\"}}],\"inLanguage\":\"it-IT\"},{\"@type\":\"Organization\",\"@id\":\"https:\\\/\\\/therooksbet.com\\\/it\\\/#organization\",\"name\":\"Rooksbet\",\"url\":\"https:\\\/\\\/therooksbet.com\\\/it\\\/\",\"logo\":{\"@type\":\"ImageObject\",\"inLanguage\":\"it-IT\",\"@id\":\"https:\\\/\\\/therooksbet.com\\\/it\\\/#\\\/schema\\\/logo\\\/image\\\/\",\"url\":\"https:\\\/\\\/therooksbet.com\\\/wp-content\\\/uploads\\\/2026\\\/03\\\/Rooksbet-logo-Desktop.png\",\"contentUrl\":\"https:\\\/\\\/therooksbet.com\\\/wp-content\\\/uploads\\\/2026\\\/03\\\/Rooksbet-logo-Desktop.png\",\"width\":167,\"height\":44,\"caption\":\"Rooksbet\"},\"image\":{\"@id\":\"https:\\\/\\\/therooksbet.com\\\/it\\\/#\\\/schema\\\/logo\\\/image\\\/\"}}]}<\/script>\n<!-- \/ Yoast SEO plugin. -->","yoast_head_json":{"title":"Rooksbet Casino Login & Registrazione | Accesso Sicuro","description":"Rooksbet Casino Login \u2013 accedi in modo sicuro o crea il tuo account in pochi secondi con accesso crittografato e verifica rapida. Gestisci il recupero password, le impostazioni del profilo e gli strumenti dell'account facilmente su Rooks Bet.","robots":{"index":"index","follow":"follow","max-snippet":"max-snippet:-1","max-image-preview":"max-image-preview:large","max-video-preview":"max-video-preview:-1"},"canonical":"https:\/\/therooksbet.com\/it\/accesso-e-registrazione\/","og_locale":"it_IT","og_type":"article","og_title":"Rooksbet Casino Login & Registrazione | Accesso Sicuro","og_description":"Rooksbet Casino Login \u2013 accedi in modo sicuro o crea il tuo account in pochi secondi con accesso crittografato e verifica rapida. Gestisci il recupero password, le impostazioni del profilo e gli strumenti dell'account facilmente su Rooks Bet.","og_url":"https:\/\/therooksbet.com\/it\/accesso-e-registrazione\/","og_site_name":"rooksbet","article_modified_time":"2026-03-12T12:43:27+00:00","twitter_card":"summary_large_image","twitter_misc":{"Est. reading time":"1 minute"},"schema":{"@context":"https:\/\/schema.org","@graph":[{"@type":"WebPage","@id":"https:\/\/therooksbet.com\/it\/accesso-e-registrazione\/","url":"https:\/\/therooksbet.com\/it\/accesso-e-registrazione\/","name":"Rooksbet Casino Login & Registrazione | Accesso Sicuro","isPartOf":{"@id":"https:\/\/therooksbet.com\/it\/#website"},"datePublished":"2026-01-20T12:11:11+00:00","dateModified":"2026-03-12T12:43:27+00:00","description":"Rooksbet Casino Login \u2013 accedi in modo sicuro o crea il tuo account in pochi secondi con accesso crittografato e verifica rapida. Gestisci il recupero password, le impostazioni del profilo e gli strumenti dell'account facilmente su Rooks Bet.","breadcrumb":{"@id":"https:\/\/therooksbet.com\/it\/accesso-e-registrazione\/#breadcrumb"},"inLanguage":"it-IT","potentialAction":[{"@type":"ReadAction","target":["https:\/\/therooksbet.com\/it\/accesso-e-registrazione\/"]}]},{"@type":"BreadcrumbList","@id":"https:\/\/therooksbet.com\/it\/accesso-e-registrazione\/#breadcrumb","itemListElement":[{"@type":"ListItem","position":1,"name":"Rooksbet","item":"https:\/\/therooksbet.com\/it\/"},{"@type":"ListItem","position":2,"name":"Accesso e registrazione"}]},{"@type":"WebSite","@id":"https:\/\/therooksbet.com\/it\/#website","url":"https:\/\/therooksbet.com\/it\/","name":"Rooksbet","description":"","publisher":{"@id":"https:\/\/therooksbet.com\/it\/#organization"},"potentialAction":[{"@type":"SearchAction","target":{"@type":"EntryPoint","urlTemplate":"https:\/\/therooksbet.com\/it\/?s={search_term_string}"},"query-input":{"@type":"PropertyValueSpecification","valueRequired":true,"valueName":"search_term_string"}}],"inLanguage":"it-IT"},{"@type":"Organization","@id":"https:\/\/therooksbet.com\/it\/#organization","name":"Rooksbet","url":"https:\/\/therooksbet.com\/it\/","logo":{"@type":"ImageObject","inLanguage":"it-IT","@id":"https:\/\/therooksbet.com\/it\/#\/schema\/logo\/image\/","url":"https:\/\/therooksbet.com\/wp-content\/uploads\/2026\/03\/Rooksbet-logo-Desktop.png","contentUrl":"https:\/\/therooksbet.com\/wp-content\/uploads\/2026\/03\/Rooksbet-logo-Desktop.png","width":167,"height":44,"caption":"Rooksbet"},"image":{"@id":"https:\/\/therooksbet.com\/it\/#\/schema\/logo\/image\/"}}]}},"_links":{"self":[{"href":"https:\/\/therooksbet.com\/it\/wp-json\/wp\/v2\/pages\/1485","targetHints":{"allow":["GET"]}}],"collection":[{"href":"https:\/\/therooksbet.com\/it\/wp-json\/wp\/v2\/pages"}],"about":[{"href":"https:\/\/therooksbet.com\/it\/wp-json\/wp\/v2\/types\/page"}],"author":[{"embeddable":true,"href":"https:\/\/therooksbet.com\/it\/wp-json\/wp\/v2\/users\/1"}],"replies":[{"embeddable":true,"href":"https:\/\/therooksbet.com\/it\/wp-json\/wp\/v2\/comments?post=1485"}],"version-history":[{"count":3,"href":"https:\/\/therooksbet.com\/it\/wp-json\/wp\/v2\/pages\/1485\/revisions"}],"predecessor-version":[{"id":2128,"href":"https:\/\/therooksbet.com\/it\/wp-json\/wp\/v2\/pages\/1485\/revisions\/2128"}],"wp:attachment":[{"href":"https:\/\/therooksbet.com\/it\/wp-json\/wp\/v2\/media?parent=1485"}],"curies":[{"name":"wp","href":"https:\/\/api.w.org\/{rel}","templated":true}]}}