{"id":1447,"date":"2026-01-20T12:08:23","date_gmt":"2026-01-20T12:08:23","guid":{"rendered":"https:\/\/bonuskongcasino.com\/app\/"},"modified":"2026-03-12T12:56:48","modified_gmt":"2026-03-12T12:56:48","slug":"aplikacja","status":"publish","type":"page","link":"https:\/\/therooksbet.com\/pl\/aplikacja\/","title":{"rendered":"Aplikacja"},"content":{"rendered":"<h1>Platforma mobilna Rooksbet<\/h1>\n<p>Wszystko, czego polscy gracze oczekuj\u0105 od naszego kasyna, znajduje si\u0119 r\u00f3wnie\u017c w Rooksbet App \u2013 wszystkie tytu\u0142y, bonusy, opcje p\u0142atno\u015bci i funkcje, kt\u00f3re sprawiaj\u0105, \u017ce platforma dzia\u0142a. Wyb\u00f3r urz\u0105dzenia nie ogranicza dost\u0119pu do niczego wa\u017cnego. Wybierz to, co jest najwygodniejsze w Twojej obecnej sytuacji. Zaloguj si\u0119 na swoje konto, a wszystko zsynchronizuje si\u0119 automatycznie: dane osobowe, saldo, osi\u0105gni\u0119cia \u2013 wszystko b\u0119dzie zgodne na wszystkich platformach. Rooksbet Casino dzia\u0142a p\u0142ynnie na aktualnych urz\u0105dzeniach z systemem Android i iOS bez problem\u00f3w z kompatybilno\u015bci\u0105.<\/p>\n<div class=\"banner-wrap\" aria-label=\"Banner\"><img src=\"https:\/\/therooksbet.com\/wp-content\/uploads\/2026\/03\/Rooksbet-banner-desktop.webp\" class=\"w-100 d-none d-lg-block img-pc main-banner-img\" alt=\"rooksbet bonus desktop\" fetchpriority=\"high\" decoding=\"async\"><img src=\"https:\/\/therooksbet.com\/wp-content\/uploads\/2026\/03\/Rooksbet-banner-mobile.webp\" class=\"w-100 d-none d-md-block d-lg-none main-banner-img\" alt=\"rooksbet bonus mobile\" fetchpriority=\"high\" decoding=\"async\"><img src=\"https:\/\/therooksbet.com\/wp-content\/uploads\/2026\/03\/Rooksbet-banner-mobile.webp\" class=\"w-100 d-md-none\" alt=\"rooksbet bonus mobile\" fetchpriority=\"high\" decoding=\"async\"><div class=\"banner-description\">\n<div class=\"banner-title\">Bonusy powitalne<\/div>\n<p class=\"banner-header-title\">1500 \u20ac<\/p>\n<div class=\"banner-header-AdditionalText\">+ 250 Darmowe spiny<\/div>\n<button data-item=\"homepage_banner_link\" class=\"goto m-button m-gradient-border m-button--primary m-button--large banner-button btn-orange\">\n            <div class=\"m-button-content\">\n                <span>Zarejestruj si\u0119 teraz<\/span>\n                <span><\/span>\n            <\/div>\n        <\/button>\n<\/div>\n<div class=\"WelcomePack\">\n<p><img loading=\"lazy\" decoding=\"async\" class=\"alignnone size-full wp-image-1855\" src=\"https:\/\/therooksbet.com\/wp-content\/uploads\/2026\/03\/welcome-crown.png\" alt=\"welcome crown\" width=\"25\" height=\"26\" \/><\/p>\n<div class=\"WelcomePack-Info\">Cotygodniowy zwrot got\u00f3wki do 25%<\/div>\n<p><img loading=\"lazy\" decoding=\"async\" class=\"alignnone size-full wp-image-1855\" src=\"https:\/\/therooksbet.com\/wp-content\/uploads\/2026\/03\/welcome-crown.png\" alt=\"welcome crown\" width=\"25\" height=\"26\" \/><\/p>\n<\/div>\n<\/div>\n<h2>Zalety aplikacji Rooksbet<\/h2>\n<p>Granie w Rooks Bet na telefonie lub tablecie zapewnia prawdziw\u0105 wygod\u0119, poniewa\u017c mo\u017cesz zagra\u0107 w dowolnym momencie i praktycznie z dowolnego miejsca. Funkcje z wersji na komputery PC s\u0105 w ca\u0142o\u015bci przenoszone. Ca\u0142a kolekcja gier, takich jak automaty online, gry sto\u0142owe, produkty z natychmiastow\u0105 wygran\u0105 i pokoje kasyn na \u017cywo, staje si\u0119 dost\u0119pna z dowolnego urz\u0105dzenia mobilnego, kt\u00f3re masz pod r\u0119k\u0105.<\/p>\n<p>Istniej\u0105 dwie \u015bcie\u017cki dost\u0119pu mobilnego: przegl\u0105danie za pomoc\u0105 standardowego interfejsu internetowego telefonu lub pobranie dedykowanej aplikacji Rooksbet. Obie zapewniaj\u0105 solidne wra\u017cenia z gry, charakteryzuj\u0105ce si\u0119 szybkim \u0142adowaniem, funkcjonalno\u015bci\u0105 zoptymalizowan\u0105 pod k\u0105tem urz\u0105dze\u0144 mobilnych oraz rozgrywk\u0105 bez irytuj\u0105cych zaci\u0119\u0107 i op\u00f3\u017anie\u0144.<\/p>\n<p>Prowadzenie regulowanego kasyna wymaga bardzo powa\u017cnego traktowania zasad obowi\u0105zuj\u0105cych w bran\u017cy. Mobilna wersja kasyna Rooksbet wykorzystuje zapory sieciowe aplikacji internetowych i bezpieczn\u0105 wymian\u0119 kluczy RSA-2048, aby chroni\u0107 Twoje konto przed hakerami. Regularne testy aplikacji mobilnej pokazuj\u0105, \u017ce jej instalacja jest nadal ca\u0142kowicie bezpieczna i nie ma \u017cadnych ukrytych luk w zabezpieczeniach kodu.<\/p>\n<p><div class=\"scrollable-content-wrap my-5\"><div class=\"scrollable-content-inner\"><h2>Jak gra\u0107 w Rooks Bet na iPhonie i iPadzie<\/h2>\n<p>Instalacja aplikacji Rooksbet na urz\u0105dzeniach z systemem iOS jest bardzo prosta. Mobilne kasyno instaluje si\u0119 bezpo\u015brednio z g\u0142\u00f3wnej strony internetowej, co znacznie u\u0142atwia spraw\u0119. Wygl\u0105d i nawigacja pozostaj\u0105 takie same, jak w wersji na komputery stacjonarne, wi\u0119c nie ma potrzeby uczenia si\u0119 obs\u0142ugi zupe\u0142nie nowego uk\u0142adu.<\/p>\n<h3>Instalacja aplikacji na iOS krok po kroku<\/h3>\n<p>Aby pobra\u0107 aplikacj\u0119 na iPhone&#8217;a lub iPada, nale\u017cy klikn\u0105\u0107 ikon\u0119 \u201eUdost\u0119pnij\u201d u do\u0142u ekranu. Po wy\u015bwietleniu menu wybierz opcj\u0119 \u201eDodaj do ekranu g\u0142\u00f3wnego\u201d. Na ekranie pojawi si\u0119 ikona marki, gotowa do klikni\u0119cia.<\/p>\n<p>Nale\u017cy jednak pami\u0119ta\u0107, \u017ce je\u015bli nie jeste\u015b jeszcze gotowy na instalacj\u0119 czego\u015b nowego, nie ma w tym nic z\u0142ego. Po prostu odwied\u017a stron\u0119 w przegl\u0105darce Safari lub Chrome i ciesz si\u0119 grami w podr\u00f3\u017cy bez aplikacji Rooks Bet Casino.<\/p>\n<p><img loading=\"lazy\" decoding=\"async\" class=\"alignnone size-full wp-image-2007\" src=\"https:\/\/therooksbet.com\/wp-content\/uploads\/2026\/03\/Rooksbet-iOS-App.webp\" alt=\"Rooksbet iOS App\" width=\"1248\" height=\"536\" srcset=\"https:\/\/therooksbet.com\/wp-content\/uploads\/2026\/03\/Rooksbet-iOS-App.webp 1248w, https:\/\/therooksbet.com\/wp-content\/uploads\/2026\/03\/Rooksbet-iOS-App-300x129.webp 300w, https:\/\/therooksbet.com\/wp-content\/uploads\/2026\/03\/Rooksbet-iOS-App-1024x440.webp 1024w, https:\/\/therooksbet.com\/wp-content\/uploads\/2026\/03\/Rooksbet-iOS-App-768x330.webp 768w\" sizes=\"auto, (max-width: 1248px) 100vw, 1248px\" \/><\/p>\n<\/div><\/div><div style=\"clear: both\"><\/div><div class=\"d-flex justify-content-center\"><button data-item=\"decouvrez_link\" data-group=\"website_links\" class=\"goto fw-bold rounded-pill btn btn-orange\" aria-label=\"Pobierz aplikacj\u0119 RooksBet\" >Pobierz aplikacj\u0119 RooksBet<\/button><\/div><div class=\"scrollable-content-wrap my-5\"><div class=\"scrollable-content-inner\"><h2>Rooksbet z komputera PC lub Mac<\/h2>\n<p>Wersja na komputer PC pozostaje dost\u0119pna dla wszystkich, kt\u00f3rzy preferuj\u0105 wi\u0119ksze ekrany lub konfiguracje stacjonarne. Prze\u0142\u0105czanie si\u0119 mi\u0119dzy urz\u0105dzeniami dzia\u0142a p\u0142ynnie w zale\u017cno\u015bci od sytuacji i lokalizacji w danym momencie. Najwa\u017cniejsze: u\u017cywaj tego samego konta Rooksbet Casino wsz\u0119dzie. Tylko wtedy Twoje dane b\u0119d\u0105 prawid\u0142owo synchronizowane mi\u0119dzy platformami bez r\u0119cznego przenoszenia lub utraty informacji.<\/p>\n<p>Nowoczesne przegl\u0105darki umo\u017cliwiaj\u0105 tworzenie ikon skr\u00f3t\u00f3w do cz\u0119sto odwiedzanych stron, co doskonale sprawdza si\u0119 r\u00f3wnie\u017c w przypadku Rooksbet Casino. Utworzenie skr\u00f3tu na pulpicie oznacza dost\u0119p do kasyna za pomoc\u0105 jednego klikni\u0119cia, pomijaj\u0105c ca\u0142\u0105 procedur\u0119 otwierania przegl\u0105darek i przeszukiwania zak\u0142adek lub wielokrotnego wpisywania adres\u00f3w URL.<\/p>\n<p><img loading=\"lazy\" decoding=\"async\" class=\"alignnone size-full wp-image-1999\" src=\"https:\/\/therooksbet.com\/wp-content\/uploads\/2026\/03\/Rooksbet-Desktop.webp\" alt=\"Rooksbet Desktop\" width=\"1248\" height=\"536\" srcset=\"https:\/\/therooksbet.com\/wp-content\/uploads\/2026\/03\/Rooksbet-Desktop.webp 1248w, https:\/\/therooksbet.com\/wp-content\/uploads\/2026\/03\/Rooksbet-Desktop-300x129.webp 300w, https:\/\/therooksbet.com\/wp-content\/uploads\/2026\/03\/Rooksbet-Desktop-1024x440.webp 1024w, https:\/\/therooksbet.com\/wp-content\/uploads\/2026\/03\/Rooksbet-Desktop-768x330.webp 768w\" sizes=\"auto, (max-width: 1248px) 100vw, 1248px\" \/><\/p>\n<\/div><\/div><div style=\"clear: both\"><\/div><div class=\"d-flex justify-content-center\"><button data-item=\"decouvrez_link\" data-group=\"website_links\" class=\"goto fw-bold rounded-pill btn btn-orange\" aria-label=\"Pobierz RooksBet\" >Pobierz RooksBet<\/button><\/div><div class=\"scrollable-content-wrap my-5\"><div class=\"scrollable-content-inner\"><h2>Pobieranie i korzystanie z aplikacji na Androida<\/h2>\n<p>W\u0142a\u015bciciele smartfon\u00f3w lub tablet\u00f3w z systemem Android mog\u0105 \u0142atwo uzyska\u0107 dost\u0119p do platformy na swoich urz\u0105dzeniach. Wystarczy wybra\u0107 preferowan\u0105 przegl\u0105dark\u0119 internetow\u0105 i odwiedzi\u0107 stron\u0119. Rooksbet automatycznie dostosowuje si\u0119 do rozmiaru ekranu i rozdzielczo\u015bci bez konieczno\u015bci r\u0119cznej regulacji. Funkcje i procesy nie s\u0105 ograniczane ani ograniczane. Wszystko, co jest dost\u0119pne na komputerze, dzia\u0142a r\u00f3wnie\u017c na urz\u0105dzeniach mobilnych.<\/p>\n<p>Istnieje jeszcze jedna opcja gry w podr\u00f3\u017cy: aplikacja Rooksbet na Androida. Jest to progresywna aplikacja internetowa pobierana bezpo\u015brednio ze strony internetowej. Wp\u0142yw na pami\u0119\u0107 masow\u0105 jest minimalny, poniewa\u017c opiera si\u0119 ona na danych z pami\u0119ci podr\u0119cznej, kt\u00f3re wykonuj\u0105 ci\u0119\u017ck\u0105 prac\u0119. Nie musisz ju\u017c pobiera\u0107 plik\u00f3w APK Rooksbet z niewiarygodnych \u017ar\u00f3de\u0142. Instrukcje instalacji szybko i \u0142atwo przeprowadz\u0105 Ci\u0119 przez proces konfiguracji.<\/p>\n<table>\n<tbody>\n<tr>\n<td>Krok<\/td>\n<td>Co robisz<\/td>\n<\/tr>\n<tr>\n<td>Naci\u015bnij przycisk \u201eWi\u0119cej\u201d na stronie internetowej Rooksbet Casino<\/td>\n<td>Znajd\u017a go w pasku adresu, wygl\u0105da jak trzy pionowe kropki u\u0142o\u017cone jedna nad drug\u0105<\/td>\n<\/tr>\n<tr>\n<td>Znajd\u017a opcj\u0119 instalacji<\/td>\n<td>Przewi\u0144 list\u0119, a\u017c znajdziesz opcj\u0119 \u201eDodaj do ekranu g\u0142\u00f3wnego\u201d i naci\u015bnij j\u0105<\/td>\n<\/tr>\n<tr>\n<td>W razie potrzeby dostosuj ustawienia<\/td>\n<td>Zmie\u0144 nazw\u0119 i wygl\u0105d ikony lub pozostaw domy\u015blne ustawienia.<\/td>\n<\/tr>\n<tr>\n<td>Umie\u015b\u0107 ikon\u0119 i zaloguj si\u0119<\/td>\n<td>Po wykonaniu tych czynno\u015bci na ekranie g\u0142\u00f3wnym pojawi si\u0119 ikona. Przeci\u0105gnij j\u0105 w dowolne miejsce, a nast\u0119pnie zaloguj si\u0119 na swoje konto<\/td>\n<\/tr>\n<\/tbody>\n<\/table>\n<p><img loading=\"lazy\" decoding=\"async\" class=\"alignnone size-full wp-image-1991\" src=\"https:\/\/therooksbet.com\/wp-content\/uploads\/2026\/03\/Rooksbet-Android-App.webp\" alt=\"Rooksbet Android App\" width=\"1248\" height=\"536\" srcset=\"https:\/\/therooksbet.com\/wp-content\/uploads\/2026\/03\/Rooksbet-Android-App.webp 1248w, https:\/\/therooksbet.com\/wp-content\/uploads\/2026\/03\/Rooksbet-Android-App-300x129.webp 300w, https:\/\/therooksbet.com\/wp-content\/uploads\/2026\/03\/Rooksbet-Android-App-1024x440.webp 1024w, https:\/\/therooksbet.com\/wp-content\/uploads\/2026\/03\/Rooksbet-Android-App-768x330.webp 768w\" sizes=\"auto, (max-width: 1248px) 100vw, 1248px\" \/><\/p>\n<\/div><\/div><div style=\"clear: both\"><\/div><div class=\"d-flex justify-content-center\"><button data-item=\"decouvrez_link\" data-group=\"website_links\" class=\"goto fw-bold rounded-pill btn btn-orange\" aria-label=\"Pobierz aplikacj\u0119 RooksBet\" >Pobierz aplikacj\u0119 RooksBet<\/button><\/div><div class=\"scrollable-content-wrap my-5\"><div class=\"scrollable-content-inner\"><h2>Funkcje bezpiecze\u0144stwa i ochrony aplikacji<\/h2>\n<p>Wyb\u00f3r urz\u0105dzenia nie ma wp\u0142ywu na bezpiecze\u0144stwo, poniewa\u017c \u015brodki ochronne maj\u0105 uniwersalne zastosowanie w aplikacji Rooks Bet na iOS, Androida i komputery PC:<\/p>\n<ul>\n<li>Obs\u0142uga uwierzytelniania biometrycznego umo\u017cliwia logowanie za pomoc\u0105 odcisku palca lub rozpoznawania twarzy na kompatybilnych urz\u0105dzeniach mobilnych, zapewniaj\u0105c dodatkow\u0105 warstw\u0119 ochrony poza samymi has\u0142ami.<\/li>\n<li>Tokenizacja zast\u0119puje poufne dane karty bezpiecznymi tokenami, co znacznie minimalizuje ryzyko oszustw podczas transakcji.<\/li>\n<li>Monitorowanie aktywno\u015bci w czasie rzeczywistym natychmiast wykrywa podejrzane logowania, nietypowe wzorce zak\u0142ad\u00f3w lub oszuka\u0144cze transakcje, zanim szkody si\u0119 powi\u0119ksz\u0105.<\/li>\n<li>Bezpieczne aktualizacje oprogramowania s\u0105 wdra\u017cane po stronie serwera dla PWA, dzi\u0119ki czemu zawsze masz najnowsz\u0105, chronion\u0105 wersj\u0119 bez konieczno\u015bci r\u0119cznego pobierania aktualizacji.<\/li>\n<\/ul>\n<p>Nie zapomnij zako\u0144czy\u0107 procesu weryfikacji. Dzi\u0119ki temu Twoje konto w Rooksbet Casino b\u0119dzie bezpieczniejsze i otworzy si\u0119 przed Tob\u0105 wiele nowych mo\u017cliwo\u015bci.<\/p>\n<h2>FAQ<\/h2>\n<h3>Czy moje wp\u0142aty s\u0105 bezpieczne podczas korzystania z aplikacji mobilnej?<\/h3>\n<p>Aplikacja Rooksbet wykorzystuje te same metody szyfrowania, co strona internetowa. TLS i AES-256 chroni\u0105 ka\u017cd\u0105 transakcj\u0119, zapewniaj\u0105c wysoki poziom bezpiecze\u0144stwa. Twoje informacje dotycz\u0105ce p\u0142atno\u015bci s\u0105 tokenizowane przed wys\u0142aniem. Depozyty mobilne s\u0105 tak samo bezpieczne jak depozyty dokonywane na komputerze \u2013 nie stosujemy \u017cadnych skr\u00f3t\u00f3w dla wygody.<\/p>\n<h3>Co nale\u017cy zrobi\u0107, je\u015bli aplikacja Rooksbet ci\u0105gle si\u0119 zawiesza?<\/h3>\n<p>Zamknij aplikacj\u0119, a nast\u0119pnie otw\u00f3rz j\u0105 ponownie. Upewnij si\u0119, \u017ce masz najnowsz\u0105 wersj\u0119 i uruchom ponownie telefon. Je\u015bli nadal si\u0119 zawiesza, mo\u017cesz wyczy\u015bci\u0107 pami\u0119\u0107 podr\u0119czn\u0105 w ustawieniach telefonu lub usun\u0105\u0107 i ponownie zainstalowa\u0107 aplikacj\u0119 Rooksbet Casino. Je\u015bli aplikacja nadal si\u0119 zawiesza, skontaktuj si\u0119 z naszym zespo\u0142em pomocy technicznej za po\u015brednictwem czatu na \u017cywo i poinformuj go, jakie masz urz\u0105dzenie i kiedy wyst\u0119puj\u0105 awarie. B\u0119d\u0105 oni w stanie stwierdzi\u0107, czy problem le\u017cy po stronie Twojej konfiguracji, czy te\u017c jest to usterka.<\/p>\n<h3>Dlaczego warto korzysta\u0107 z aplikacji Rooks Bet zamiast strony internetowej?<\/h3>\n<p>Aplikacja \u0142aduje si\u0119 szybciej, zu\u017cywa mniej danych dzi\u0119ki inteligentnemu buforowaniu i wysy\u0142a powiadomienia push o bonusach i aktualizacjach turniej\u00f3w, dzi\u0119ki czemu nie przegapisz ofert ograniczonych czasowo. Mo\u017cesz j\u0105 r\u00f3wnie\u017c uruchomi\u0107 jednym dotkni\u0119ciem z ekranu g\u0142\u00f3wnego. Podczas d\u0142ugotrwa\u0142ego u\u017cytkowania aplikacja dzia\u0142a p\u0142ynniej ni\u017c przegl\u0105darki mobilne z wieloma otwartymi kartami.<\/p>\n<\/div><\/div><\/p>\n","protected":false},"excerpt":{"rendered":"<p>Platforma mobilna Rooksbet Wszystko, czego polscy gracze oczekuj\u0105 od naszego kasyna, znajduje si\u0119 r\u00f3wnie\u017c w Rooksbet App \u2013 wszystkie tytu\u0142y, bonusy, opcje p\u0142atno\u015bci i funkcje, kt\u00f3re sprawiaj\u0105, \u017ce platforma dzia\u0142a. Wyb\u00f3r urz\u0105dzenia nie ogranicza dost\u0119pu do niczego wa\u017cnego. Wybierz to, co jest najwygodniejsze w Twojej obecnej sytuacji. Zaloguj si\u0119 na swoje konto, a wszystko zsynchronizuje [&hellip;]<\/p>\n","protected":false},"author":1,"featured_media":0,"parent":0,"menu_order":0,"comment_status":"closed","ping_status":"closed","template":"template-builder.php","meta":{"_acf_changed":false,"inline_featured_image":false,"footnotes":""},"class_list":["post-1447","page","type-page","status-publish","hentry"],"acf":[],"yoast_head":"<!-- This site is optimized with the Yoast SEO plugin v27.3 - https:\/\/yoast.com\/product\/yoast-seo-wordpress\/ -->\n<title>Rooksbet Casino App Pobierz | iOS, Android &amp; Desktop<\/title>\n<meta name=\"description\" content=\"Rooksbet Casino App \u2013 pobierz aplikacj\u0119 na iOS, Android i desktop, aby gra\u0107 w sloty, gry sto\u0142owe i kasyno na \u017cywo gdziekolwiek jeste\u015b. Ciesz si\u0119 p\u0142ynnym dzia\u0142aniem i pe\u0142nym dost\u0119pem do konta z Rooks Bet.\" \/>\n<meta name=\"robots\" content=\"index, follow, max-snippet:-1, max-image-preview:large, max-video-preview:-1\" \/>\n<link rel=\"canonical\" href=\"https:\/\/therooksbet.com\/pl\/aplikacja\/\" \/>\n<meta property=\"og:locale\" content=\"pl_PL\" \/>\n<meta property=\"og:type\" content=\"article\" \/>\n<meta property=\"og:title\" content=\"Rooksbet Casino App Pobierz | iOS, Android &amp; Desktop\" \/>\n<meta property=\"og:description\" content=\"Rooksbet Casino App \u2013 pobierz aplikacj\u0119 na iOS, Android i desktop, aby gra\u0107 w sloty, gry sto\u0142owe i kasyno na \u017cywo gdziekolwiek jeste\u015b. Ciesz si\u0119 p\u0142ynnym dzia\u0142aniem i pe\u0142nym dost\u0119pem do konta z Rooks Bet.\" \/>\n<meta property=\"og:url\" content=\"https:\/\/therooksbet.com\/pl\/aplikacja\/\" \/>\n<meta property=\"og:site_name\" content=\"rooksbet\" \/>\n<meta property=\"article:modified_time\" content=\"2026-03-12T12:56:48+00:00\" \/>\n<meta name=\"twitter:card\" content=\"summary_large_image\" \/>\n<meta name=\"twitter:label1\" content=\"Est. reading time\" \/>\n\t<meta name=\"twitter:data1\" content=\"2 minutes\" \/>\n<script type=\"application\/ld+json\" class=\"yoast-schema-graph\">{\"@context\":\"https:\\\/\\\/schema.org\",\"@graph\":[{\"@type\":\"WebPage\",\"@id\":\"https:\\\/\\\/therooksbet.com\\\/pl\\\/aplikacja\\\/\",\"url\":\"https:\\\/\\\/therooksbet.com\\\/pl\\\/aplikacja\\\/\",\"name\":\"Rooksbet Casino App Pobierz | iOS, Android & Desktop\",\"isPartOf\":{\"@id\":\"https:\\\/\\\/therooksbet.com\\\/pl\\\/#website\"},\"datePublished\":\"2026-01-20T12:08:23+00:00\",\"dateModified\":\"2026-03-12T12:56:48+00:00\",\"description\":\"Rooksbet Casino App \u2013 pobierz aplikacj\u0119 na iOS, Android i desktop, aby gra\u0107 w sloty, gry sto\u0142owe i kasyno na \u017cywo gdziekolwiek jeste\u015b. Ciesz si\u0119 p\u0142ynnym dzia\u0142aniem i pe\u0142nym dost\u0119pem do konta z Rooks Bet.\",\"breadcrumb\":{\"@id\":\"https:\\\/\\\/therooksbet.com\\\/pl\\\/aplikacja\\\/#breadcrumb\"},\"inLanguage\":\"pl-PL\",\"potentialAction\":[{\"@type\":\"ReadAction\",\"target\":[\"https:\\\/\\\/therooksbet.com\\\/pl\\\/aplikacja\\\/\"]}]},{\"@type\":\"BreadcrumbList\",\"@id\":\"https:\\\/\\\/therooksbet.com\\\/pl\\\/aplikacja\\\/#breadcrumb\",\"itemListElement\":[{\"@type\":\"ListItem\",\"position\":1,\"name\":\"Rooksbet\",\"item\":\"https:\\\/\\\/therooksbet.com\\\/pl\\\/\"},{\"@type\":\"ListItem\",\"position\":2,\"name\":\"Aplikacja\"}]},{\"@type\":\"WebSite\",\"@id\":\"https:\\\/\\\/therooksbet.com\\\/pl\\\/#website\",\"url\":\"https:\\\/\\\/therooksbet.com\\\/pl\\\/\",\"name\":\"Rooksbet\",\"description\":\"\",\"publisher\":{\"@id\":\"https:\\\/\\\/therooksbet.com\\\/pl\\\/#organization\"},\"potentialAction\":[{\"@type\":\"SearchAction\",\"target\":{\"@type\":\"EntryPoint\",\"urlTemplate\":\"https:\\\/\\\/therooksbet.com\\\/pl\\\/?s={search_term_string}\"},\"query-input\":{\"@type\":\"PropertyValueSpecification\",\"valueRequired\":true,\"valueName\":\"search_term_string\"}}],\"inLanguage\":\"pl-PL\"},{\"@type\":\"Organization\",\"@id\":\"https:\\\/\\\/therooksbet.com\\\/pl\\\/#organization\",\"name\":\"Rooksbet\",\"url\":\"https:\\\/\\\/therooksbet.com\\\/pl\\\/\",\"logo\":{\"@type\":\"ImageObject\",\"inLanguage\":\"pl-PL\",\"@id\":\"https:\\\/\\\/therooksbet.com\\\/pl\\\/#\\\/schema\\\/logo\\\/image\\\/\",\"url\":\"https:\\\/\\\/therooksbet.com\\\/wp-content\\\/uploads\\\/2026\\\/03\\\/Rooksbet-logo-Desktop.png\",\"contentUrl\":\"https:\\\/\\\/therooksbet.com\\\/wp-content\\\/uploads\\\/2026\\\/03\\\/Rooksbet-logo-Desktop.png\",\"width\":167,\"height\":44,\"caption\":\"Rooksbet\"},\"image\":{\"@id\":\"https:\\\/\\\/therooksbet.com\\\/pl\\\/#\\\/schema\\\/logo\\\/image\\\/\"}}]}<\/script>\n<!-- \/ Yoast SEO plugin. -->","yoast_head_json":{"title":"Rooksbet Casino App Pobierz | iOS, Android & Desktop","description":"Rooksbet Casino App \u2013 pobierz aplikacj\u0119 na iOS, Android i desktop, aby gra\u0107 w sloty, gry sto\u0142owe i kasyno na \u017cywo gdziekolwiek jeste\u015b. Ciesz si\u0119 p\u0142ynnym dzia\u0142aniem i pe\u0142nym dost\u0119pem do konta z Rooks Bet.","robots":{"index":"index","follow":"follow","max-snippet":"max-snippet:-1","max-image-preview":"max-image-preview:large","max-video-preview":"max-video-preview:-1"},"canonical":"https:\/\/therooksbet.com\/pl\/aplikacja\/","og_locale":"pl_PL","og_type":"article","og_title":"Rooksbet Casino App Pobierz | iOS, Android & Desktop","og_description":"Rooksbet Casino App \u2013 pobierz aplikacj\u0119 na iOS, Android i desktop, aby gra\u0107 w sloty, gry sto\u0142owe i kasyno na \u017cywo gdziekolwiek jeste\u015b. Ciesz si\u0119 p\u0142ynnym dzia\u0142aniem i pe\u0142nym dost\u0119pem do konta z Rooks Bet.","og_url":"https:\/\/therooksbet.com\/pl\/aplikacja\/","og_site_name":"rooksbet","article_modified_time":"2026-03-12T12:56:48+00:00","twitter_card":"summary_large_image","twitter_misc":{"Est. reading time":"2 minutes"},"schema":{"@context":"https:\/\/schema.org","@graph":[{"@type":"WebPage","@id":"https:\/\/therooksbet.com\/pl\/aplikacja\/","url":"https:\/\/therooksbet.com\/pl\/aplikacja\/","name":"Rooksbet Casino App Pobierz | iOS, Android & Desktop","isPartOf":{"@id":"https:\/\/therooksbet.com\/pl\/#website"},"datePublished":"2026-01-20T12:08:23+00:00","dateModified":"2026-03-12T12:56:48+00:00","description":"Rooksbet Casino App \u2013 pobierz aplikacj\u0119 na iOS, Android i desktop, aby gra\u0107 w sloty, gry sto\u0142owe i kasyno na \u017cywo gdziekolwiek jeste\u015b. Ciesz si\u0119 p\u0142ynnym dzia\u0142aniem i pe\u0142nym dost\u0119pem do konta z Rooks Bet.","breadcrumb":{"@id":"https:\/\/therooksbet.com\/pl\/aplikacja\/#breadcrumb"},"inLanguage":"pl-PL","potentialAction":[{"@type":"ReadAction","target":["https:\/\/therooksbet.com\/pl\/aplikacja\/"]}]},{"@type":"BreadcrumbList","@id":"https:\/\/therooksbet.com\/pl\/aplikacja\/#breadcrumb","itemListElement":[{"@type":"ListItem","position":1,"name":"Rooksbet","item":"https:\/\/therooksbet.com\/pl\/"},{"@type":"ListItem","position":2,"name":"Aplikacja"}]},{"@type":"WebSite","@id":"https:\/\/therooksbet.com\/pl\/#website","url":"https:\/\/therooksbet.com\/pl\/","name":"Rooksbet","description":"","publisher":{"@id":"https:\/\/therooksbet.com\/pl\/#organization"},"potentialAction":[{"@type":"SearchAction","target":{"@type":"EntryPoint","urlTemplate":"https:\/\/therooksbet.com\/pl\/?s={search_term_string}"},"query-input":{"@type":"PropertyValueSpecification","valueRequired":true,"valueName":"search_term_string"}}],"inLanguage":"pl-PL"},{"@type":"Organization","@id":"https:\/\/therooksbet.com\/pl\/#organization","name":"Rooksbet","url":"https:\/\/therooksbet.com\/pl\/","logo":{"@type":"ImageObject","inLanguage":"pl-PL","@id":"https:\/\/therooksbet.com\/pl\/#\/schema\/logo\/image\/","url":"https:\/\/therooksbet.com\/wp-content\/uploads\/2026\/03\/Rooksbet-logo-Desktop.png","contentUrl":"https:\/\/therooksbet.com\/wp-content\/uploads\/2026\/03\/Rooksbet-logo-Desktop.png","width":167,"height":44,"caption":"Rooksbet"},"image":{"@id":"https:\/\/therooksbet.com\/pl\/#\/schema\/logo\/image\/"}}]}},"_links":{"self":[{"href":"https:\/\/therooksbet.com\/pl\/wp-json\/wp\/v2\/pages\/1447","targetHints":{"allow":["GET"]}}],"collection":[{"href":"https:\/\/therooksbet.com\/pl\/wp-json\/wp\/v2\/pages"}],"about":[{"href":"https:\/\/therooksbet.com\/pl\/wp-json\/wp\/v2\/types\/page"}],"author":[{"embeddable":true,"href":"https:\/\/therooksbet.com\/pl\/wp-json\/wp\/v2\/users\/1"}],"replies":[{"embeddable":true,"href":"https:\/\/therooksbet.com\/pl\/wp-json\/wp\/v2\/comments?post=1447"}],"version-history":[{"count":3,"href":"https:\/\/therooksbet.com\/pl\/wp-json\/wp\/v2\/pages\/1447\/revisions"}],"predecessor-version":[{"id":2134,"href":"https:\/\/therooksbet.com\/pl\/wp-json\/wp\/v2\/pages\/1447\/revisions\/2134"}],"wp:attachment":[{"href":"https:\/\/therooksbet.com\/pl\/wp-json\/wp\/v2\/media?parent=1447"}],"curies":[{"name":"wp","href":"https:\/\/api.w.org\/{rel}","templated":true}]}}