{"id":1486,"date":"2026-01-20T12:11:11","date_gmt":"2026-01-20T12:11:11","guid":{"rendered":"https:\/\/bonuskongcasino.com\/login-and-registration\/"},"modified":"2026-03-12T12:59:38","modified_gmt":"2026-03-12T12:59:38","slug":"logowanie-i-rejestracja","status":"publish","type":"page","link":"https:\/\/therooksbet.com\/pl\/logowanie-i-rejestracja\/","title":{"rendered":"Logowanie i rejestracja"},"content":{"rendered":"<h1>Logowanie i rejestracja konta Rooksbet<\/h1>\n<p>Osoby odwiedzaj\u0105ce kasyno po raz pierwszy z Polski powinny powa\u017cnie rozwa\u017cy\u0107 zako\u0144czenie procesu Rooksbet login, poniewa\u017c odblokowuje on korzy\u015bci, dzi\u0119ki czemu wysi\u0142ek jest op\u0142acalny. Gra na prawdziwe pieni\u0105dze staje si\u0119 mo\u017cliwa, wyp\u0142acanie wygranych przebiega p\u0142ynnie, a hojne bonusy zaczynaj\u0105 regularnie pojawia\u0107 si\u0119 na Twoim koncie. Rejestracja jest dost\u0119pna tylko dla u\u017cytkownik\u00f3w, kt\u00f3rzy uko\u0144czyli 18 lat. Na platformie dozwolone jest tylko jedno konto na osob\u0119.<\/p>\n<p><div class=\"banner-wrap\" aria-label=\"Banner\"><img src=\"https:\/\/therooksbet.com\/wp-content\/uploads\/2026\/03\/Rooksbet-banner-desktop.webp\" class=\"w-100 d-none d-lg-block img-pc main-banner-img\" alt=\"rooksbet bonus desktop\" fetchpriority=\"high\" decoding=\"async\"><img src=\"https:\/\/therooksbet.com\/wp-content\/uploads\/2026\/03\/Rooksbet-banner-mobile.webp\" class=\"w-100 d-none d-md-block d-lg-none main-banner-img\" alt=\"rooksbet bonus mobile\" fetchpriority=\"high\" decoding=\"async\"><img src=\"https:\/\/therooksbet.com\/wp-content\/uploads\/2026\/03\/Rooksbet-banner-mobile.webp\" class=\"w-100 d-md-none\" alt=\"rooksbet bonus mobile\" fetchpriority=\"high\" decoding=\"async\"><div class=\"banner-description\">\n<div class=\"banner-title\">Bonusy powitalne<\/div>\n<p class=\"banner-header-title\">1500 \u20ac<\/p>\n<div class=\"banner-header-AdditionalText\">+ 250 Darmowe spiny<\/div>\n<button data-item=\"homepage_banner_link\" class=\"goto m-button m-gradient-border m-button--primary m-button--large banner-button btn-orange\">\n            <div class=\"m-button-content\">\n                <span>Zarejestruj si\u0119 teraz<\/span>\n                <span><\/span>\n            <\/div>\n        <\/button>\n<\/div>\n<div class=\"WelcomePack\">\n<p><img loading=\"lazy\" decoding=\"async\" class=\"alignnone size-full wp-image-1855\" src=\"https:\/\/therooksbet.com\/wp-content\/uploads\/2026\/03\/welcome-crown.png\" alt=\"welcome crown\" width=\"25\" height=\"26\" \/><\/p>\n<div class=\"WelcomePack-Info\">Cotygodniowy zwrot got\u00f3wki do 25%<\/div>\n<p><img loading=\"lazy\" decoding=\"async\" class=\"alignnone size-full wp-image-1855\" src=\"https:\/\/therooksbet.com\/wp-content\/uploads\/2026\/03\/welcome-crown.png\" alt=\"welcome crown\" width=\"25\" height=\"26\" \/><\/p>\n<\/div>\n<\/div><div class=\"scrollable-content-wrap my-5\"><div class=\"scrollable-content-inner\"><h2>Jak zalogowa\u0107 si\u0119 i kontrolowa\u0107 sw\u00f3j profil<\/h2>\n<p>Obecni posiadacze kont musz\u0105 przej\u015b\u0107 proces logowania do Rooksbet przed uzyskaniem dost\u0119pu do jakichkolwiek funkcji. Wystarczy przypomnie\u0107 sobie informacje podane podczas rejestracji i je wprowadzi\u0107. Je\u015bli nie mo\u017cesz zalogowa\u0107 si\u0119 na swoje konto, prawdopodobnie oznacza to, \u017ce niekt\u00f3re z wprowadzonych danych zosta\u0142y wpisane nieprawid\u0142owo. Podejrzana aktywno\u015b\u0107 podczas logowania do Rooks Bet mo\u017ce spowodowa\u0107 zablokowanie konta, wi\u0119c skontaktuj si\u0119 z zespo\u0142em pomocy technicznej za po\u015brednictwem naszego czatu na \u017cywo, je\u015bli nadal nie mo\u017cesz si\u0119 zalogowa\u0107, zanim sytuacja przerodzi si\u0119 w ca\u0142kowite zablokowanie konta.<\/p>\n<table>\n<tbody>\n<tr>\n<td>Problem z logowaniem<\/td>\n<td>Co jest nie tak<\/td>\n<td>Jak to naprawi\u0107<\/td>\n<\/tr>\n<tr>\n<td>B\u0142\u0105d \u201eNieprawid\u0142owe dane logowania\u201d przy pierwszej pr\u00f3bie<\/td>\n<td>B\u0142\u0105d w adresie e-mail lub ha\u015ble \u2013 zdarza si\u0119 ka\u017cdemu.<\/td>\n<td>Wpisz dane ponownie, zwracaj\u0105c uwag\u0119 na wielko\u015b\u0107 liter. Sprawd\u017a, czy nie jest w\u0142\u0105czona funkcja Caps Lock. Skorzystaj z funkcji autouzupe\u0142niania mened\u017cera hase\u0142, aby wyeliminowa\u0107 b\u0142\u0119dy ludzkie.<\/td>\n<\/tr>\n<tr>\n<td>Zablokowanie po wielu nieudanych pr\u00f3bach<\/td>\n<td>System bezpiecze\u0144stwa kasyna Rooksbet uznaje, \u017ce kto\u015b pr\u00f3buje w\u0142ama\u0107 si\u0119 na Twoje konto. Chroni Ci\u0119.<\/td>\n<td>Skontaktuj si\u0119 natychmiast z zespo\u0142em pomocy technicznej, zanim tymczasowe zablokowanie konta stanie si\u0119 sta\u0142ym banem.<\/td>\n<\/tr>\n<tr>\n<td>Logowanie do Rooksbet dzia\u0142a, ale pulpit nawigacyjny wygl\u0105da nieprawid\u0142owo<\/td>\n<td>Przegl\u0105darka zapisa\u0142a w pami\u0119ci podr\u0119cznej stare dane sesji lub pliki cookie zosta\u0142y w jaki\u015b spos\u00f3b uszkodzone.<\/td>\n<td>Wyczy\u015b\u0107 pami\u0119\u0107 podr\u0119czn\u0105 przegl\u0105darki i pliki cookie. Od\u015bwie\u017c stron\u0119. Je\u015bli normalne okno dzia\u0142a nieprawid\u0142owo, spr\u00f3buj trybu incognito.<\/td>\n<\/tr>\n<tr>\n<td>Nie pami\u0119tasz, kt\u00f3rego adresu e-mail u\u017cy\u0142e\u015b<\/td>\n<td>Masz wiele adres\u00f3w e-mail i nie pami\u0119tasz, kt\u00f3ry z nich u\u017cy\u0142e\u015b podczas rejestracji.<\/td>\n<td>Sprawd\u017a wszystkie skrzynki odbiorcze pod k\u0105tem wiadomo\u015bci e-mail z potwierdzeniem rejestracji od Rooksbet. Na pewno tam b\u0119dzie.<\/td>\n<\/tr>\n<\/tbody>\n<\/table>\n<p>Po zalogowaniu si\u0119 na konto Rooksbet mo\u017cesz spersonalizowa\u0107 swoje do\u015bwiadczenia, uzyskuj\u0105c dost\u0119p do ustawie\u0144 i narz\u0119dzi znajduj\u0105cych si\u0119 w panelu sterowania.<\/p>\n<ul>\n<li>W dowolnym momencie mo\u017cesz zmieni\u0107 swoje dane osobowe lub informacje dotycz\u0105ce p\u0142atno\u015bci.<\/li>\n<li>Mo\u017cesz r\u00f3wnie\u017c przejrze\u0107 histori\u0119 swojej aktywno\u015bci, aby \u015bledzi\u0107 wszystko, co zrobi\u0142e\u015b na platformie Rooks Bet Casino.<\/li>\n<li>W\u0142\u0105cz narz\u0119dzia odpowiedzialnej gry, je\u015bli czujesz potrzeb\u0119 ustalenia granic dla zdrowej rozrywki.<\/li>\n<\/ul>\n<h3>Korzystaj z narz\u0119dzi odpowiedzialnej gry<\/h3>\n<p>Kasyno Rooksbet umieszcza narz\u0119dzia odpowiedzialnej gry bezpo\u015brednio na pulpicie nawigacyjnym Twojego konta, gdzie mo\u017cesz je \u0142atwo znale\u017a\u0107, gdy ich potrzebujesz. Ustaw limity wp\u0142at, kt\u00f3re ograniczaj\u0105 ilo\u015b\u0107 pieni\u0119dzy wp\u0142acanych ka\u017cdego dnia, tygodnia lub miesi\u0105ca. Limity czasu sesji wyrzucaj\u0105 Ci\u0119 z gry, gdy osi\u0105gniesz ustawiony czas gry. Limity strat pomagaj\u0105 kontrolowa\u0107 trudne sesje. Samowykluczenie ca\u0142kowicie blokuje Twoje konto na okre\u015blony czas, kt\u00f3ry mo\u017ce wynosi\u0107 od 24 godzin do ca\u0142kowitego zamkni\u0119cia konta. Funkcja Reality Check w Rooksbet przypomina Ci, jak d\u0142ugo grasz i ile pieni\u0119dzy wygra\u0142e\u015b lub przegra\u0142e\u015b. Czasami w\u0142a\u015bnie tego potrzebujesz, aby si\u0119 obudzi\u0107.<\/p>\n<h3>Co zrobi\u0107, je\u015bli zapomnisz danych logowania<\/h3>\n<p>R\u00f3\u017cne sytuacje maj\u0105 miejsce, w tym u\u017cytkownicy zapominaj\u0105 dane logowania do Rooksbet, na przyk\u0142ad has\u0142a ca\u0142kowicie znikaj\u0105 z pami\u0119ci. Istniej\u0105 rozwi\u0105zania umo\u017cliwiaj\u0105ce zresetowanie danych logowania, gdy tak si\u0119 stanie:<\/p>\n<table>\n<tbody>\n<tr>\n<td>Krok<\/td>\n<td>Co robisz<\/td>\n<\/tr>\n<tr>\n<td>Przejd\u017a do strony logowania<\/td>\n<td>Kliknij \u201eZaloguj si\u0119\u201d w prawym g\u00f3rnym rogu strony g\u0142\u00f3wnej<\/td>\n<\/tr>\n<tr>\n<td>Uruchom resetowanie has\u0142a<\/td>\n<td>Kliknij link \u201eNie pami\u0119tasz has\u0142a?\u201d znajduj\u0105cy si\u0119 w formularzu logowania Rooks Bet<\/td>\n<\/tr>\n<tr>\n<td>Podaj sw\u00f3j adres e-mail<\/td>\n<td>Wprowad\u017a adres e-mail powi\u0105zany z Twoim kontem, aby system wiedzia\u0142, kt\u00f3re konto wymaga resetowania<\/td>\n<\/tr>\n<tr>\n<td>Sprawd\u017a swoj\u0105 skrzynk\u0119 odbiorcz\u0105<\/td>\n<td>Wy\u015blemy link do resetowania, za pomoc\u0105 kt\u00f3rego utworzysz nowe has\u0142o do nast\u0119pnego logowania<\/td>\n<\/tr>\n<\/tbody>\n<\/table>\n<p><img loading=\"lazy\" decoding=\"async\" class=\"alignnone size-full wp-image-2015\" src=\"https:\/\/therooksbet.com\/wp-content\/uploads\/2026\/03\/Rooksbet-Login.webp\" alt=\"Rooksbet Login\" width=\"1248\" height=\"536\" srcset=\"https:\/\/therooksbet.com\/wp-content\/uploads\/2026\/03\/Rooksbet-Login.webp 1248w, https:\/\/therooksbet.com\/wp-content\/uploads\/2026\/03\/Rooksbet-Login-300x129.webp 300w, https:\/\/therooksbet.com\/wp-content\/uploads\/2026\/03\/Rooksbet-Login-1024x440.webp 1024w, https:\/\/therooksbet.com\/wp-content\/uploads\/2026\/03\/Rooksbet-Login-768x330.webp 768w\" sizes=\"auto, (max-width: 1248px) 100vw, 1248px\" \/><\/p>\n<h2>Jak zako\u0144czy\u0107 weryfikacj\u0119 konta<\/h2>\n<p>W kasynie Rooksbet bezpiecze\u0144stwo ma ogromne znaczenie. Platforma podejmuje niezb\u0119dne dzia\u0142ania w celu ochrony proces\u00f3w zachodz\u0105cych na stronie internetowej, prosz\u0105c jednocze\u015bnie u\u017cytkownik\u00f3w o przestrzeganie ustalonych zasad. Unikanie oszustw i zapewnienie r\u00f3wnych szans wszystkim u\u017cytkownikom oznacza, \u017ce wszyscy musz\u0105 przej\u015b\u0107 weryfikacj\u0119 przed uzyskaniem dost\u0119pu do niekt\u00f3rych funkcji.<\/p>\n<p>Procedura musi zosta\u0107 zako\u0144czona przed pierwsz\u0105 wyp\u0142at\u0105 \u015brodk\u00f3w. Jest to do\u015b\u0107 proste: wystarczy przes\u0142a\u0107 kopie dokument\u00f3w osobistych na platform\u0119, a mened\u017cerowie sprawdzaj\u0105 je \u015brednio w ci\u0105gu 48 godzin. Proces weryfikacji potwierdza to\u017csamo\u015b\u0107, wiek, adres i prawo do p\u0142atno\u015bci.<\/p>\n<h2>Rejestracja w Rooks Bet<\/h2>\n<p>Wielu u\u017cytkownik\u00f3w waha si\u0119 przed utworzeniem konta na nieznanych platformach, poniewa\u017c maj\u0105 w\u0105tpliwo\u015bci co do bezpiecze\u0144stwa i ochrony danych. Rooksbet Casino stosuje bezpieczne protoko\u0142y wymiany kluczy i specjalistyczne systemy antybotowe, aby chroni\u0107 Twoje dane przed naruszeniami i atakami. Rejestracja zapewnia r\u00f3wnie\u017c dost\u0119p do ponad 6 000 tytu\u0142\u00f3w, w tym automat\u00f3w online, gier sto\u0142owych i opcji kasyna na \u017cywo. Mo\u017cesz r\u00f3wnie\u017c bez ogranicze\u0144 obs\u0142ugiwa\u0107 wp\u0142aty i wyp\u0142aty.<\/p>\n<p>Przed rozpocz\u0119ciem procesu logowania do Rooksbet nale\u017cy zapozna\u0107 si\u0119 z kilkoma podstawowymi zasadami. Tylko gracze w wieku 18 lat lub starsi mog\u0105 zak\u0142ada\u0107 konta na platformie \u2013 nie ma tu \u017cadnych wyj\u0105tk\u00f3w. Podaj prawdziwe dane osobowe, poniewa\u017c proces weryfikacji sprawdzi p\u00f3\u017aniej, czy wszystkie wprowadzone informacje s\u0105 zgodne z rzeczywisto\u015bci\u0105.<\/p>\n<h3>Jak za\u0142o\u017cy\u0107 konto<\/h3>\n<p>Utworzenie nowego konta w Rooksbet zajmuje maksymalnie kilka minut. Proces ten jest logiczny i nie wymaga podawania zbyt wielu danych osobowych na pocz\u0105tku. Je\u015bli jeste\u015b gotowy, aby rozpocz\u0105\u0107 swoj\u0105 przygod\u0119, oto jak to zrobi\u0107:<\/p>\n<ol>\n<li>Znajd\u017a przycisk rejestracji na stronie internetowej Rooks Bet. Znajduje si\u0119 on w prawym g\u00f3rnym rogu, gdzie nie mo\u017cna go przeoczy\u0107.<\/li>\n<li>Wpisz swoje dane osobowe w odpowiednich polach: co najmniej adres e-mail i has\u0142o. Obowi\u0105zuj\u0105 tutaj zasady dotycz\u0105ce silnych hase\u0142, wi\u0119c u\u017cyj kombinacji znak\u00f3w specjalnych oraz ma\u0142ych i wielkich liter, tworz\u0105c has\u0142o, kt\u00f3re jest naprawd\u0119 bezpieczne.<\/li>\n<li>Je\u015bli masz kod promocyjny, wype\u0142nij r\u00f3wnie\u017c to pole, poniewa\u017c od samego pocz\u0105tku zapewnia on dodatkowe nagrody w kasynie Rooksbet.<\/li>\n<li>Potwierd\u017a, \u017ce osi\u0105gn\u0105\u0142e\u015b pe\u0142noletno\u015b\u0107 i zaakceptuj warunki, klikaj\u0105c link i zapoznaj\u0105c si\u0119 z regulaminem.<\/li>\n<li>Sprawd\u017a dok\u0142adnie wszystkie wprowadzone dane, aby upewni\u0107 si\u0119, \u017ce s\u0105 poprawne, a nast\u0119pnie naci\u015bnij przycisk \u201eZarejestruj si\u0119\u201d na dole strony, ko\u0144cz\u0105c proces. Teraz mo\u017cesz zalogowa\u0107 si\u0119 do Rooksbet.<\/li>\n<\/ol>\n<h2>FAQ<\/h2>\n<h3>Jakie korzy\u015bci daje mi rejestracja?<\/h3>\n<p>Po zarejestrowaniu si\u0119 mo\u017cesz gra\u0107 w dowoln\u0105 z ponad 6 000 gier dost\u0119pnych w bibliotece Rooksbet. S\u0105 to mi\u0119dzy innymi automaty, gry sto\u0142owe, gry z krupierem na \u017cywo i wiele innych. Mo\u017cesz r\u00f3wnie\u017c otrzyma\u0107 prezent powitalny, a tak\u017ce bra\u0107 udzia\u0142 w turniejach z nagrodami pieni\u0119\u017cnymi oraz dokonywa\u0107 wp\u0142at i wyp\u0142at tyle razy, ile chcesz. Rooksbet Casino pozwala r\u00f3wnie\u017c \u015bledzi\u0107 histori\u0119 gry, ustawia\u0107 rozs\u0105dne ograniczenia dotycz\u0105ce kwoty, jak\u0105 mo\u017cna postawi\u0107, oraz kontrolowa\u0107 opcje p\u0142atno\u015bci. Mo\u017cesz gra\u0107 w gry w trybie demo, aby zobaczy\u0107, jak dzia\u0142aj\u0105, ale aby wygra\u0107 i wyp\u0142aci\u0107 prawdziwe pieni\u0105dze, musisz si\u0119 zarejestrowa\u0107.<\/p>\n<h3>Jak zaktualizowa\u0107 dane osobowe lub ustawienia bezpiecze\u0144stwa w moim profilu?<\/h3>\n<p>Kasyno Rooksbet pozwala na zmian\u0119 lub aktualizacj\u0119 danych osobowych w razie potrzeby. Wystarczy zalogowa\u0107 si\u0119 na swoje konto, przej\u015b\u0107 do sekcji Ustawienia i zaktualizowa\u0107 informacje zgodnie z potrzebami. Aktualizacja has\u0142a odbywa si\u0119 poprzez ustawienia bezpiecze\u0144stwa. Wymagana jest weryfikacja w celu potwierdzenia w\u0142asno\u015bci nowego adresu e-mail przed zast\u0105pieniem starego. Oba procesy s\u0105 szybkie i nie wi\u0105\u017c\u0105 si\u0119 z niepotrzebnymi op\u00f3\u017anieniami.<\/p>\n<h3>Jakie dokumenty s\u0105 potrzebne do weryfikacji konta?<\/h3>\n<p>Weryfikacja jest do\u015b\u0107 prosta, gdy ju\u017c wiesz, co jest potrzebne. Przed pierwsz\u0105 wyp\u0142at\u0105 zostaniesz poproszony o dostarczenie kopii dokument\u00f3w osobistych potwierdzaj\u0105cych to\u017csamo\u015b\u0107, adres zamieszkania, wiek i posiadanie konta p\u0142atniczego. Mened\u017cerowie sprawdzaj\u0105 wszystkie przes\u0142ane dokumenty, a nast\u0119pnie informuj\u0105 Ci\u0119 o zako\u0144czeniu weryfikacji. Je\u015bli nie masz pewno\u015bci, kt\u00f3re dokumenty s\u0105 akceptowane, wieloj\u0119zyczny zesp\u00f3\u0142 pomocy technicznej Rooks Bet mo\u017ce Ci pom\u00f3c.<\/p>\n<\/div><\/div><\/p>\n","protected":false},"excerpt":{"rendered":"<p>Logowanie i rejestracja konta Rooksbet Osoby odwiedzaj\u0105ce kasyno po raz pierwszy z Polski powinny powa\u017cnie rozwa\u017cy\u0107 zako\u0144czenie procesu Rooksbet login, poniewa\u017c odblokowuje on korzy\u015bci, dzi\u0119ki czemu wysi\u0142ek jest op\u0142acalny. Gra na prawdziwe pieni\u0105dze staje si\u0119 mo\u017cliwa, wyp\u0142acanie wygranych przebiega p\u0142ynnie, a hojne bonusy zaczynaj\u0105 regularnie pojawia\u0107 si\u0119 na Twoim koncie. Rejestracja jest dost\u0119pna tylko dla [&hellip;]<\/p>\n","protected":false},"author":1,"featured_media":0,"parent":0,"menu_order":0,"comment_status":"closed","ping_status":"closed","template":"template-builder.php","meta":{"_acf_changed":false,"inline_featured_image":false,"footnotes":""},"class_list":["post-1486","page","type-page","status-publish","hentry"],"acf":[],"yoast_head":"<!-- This site is optimized with the Yoast SEO plugin v27.3 - https:\/\/yoast.com\/product\/yoast-seo-wordpress\/ -->\n<title>Rooksbet Casino Login &amp; Rejestracja | Bezpieczny Dost\u0119p<\/title>\n<meta name=\"description\" content=\"Rooksbet Casino Login \u2013 zaloguj si\u0119 bezpiecznie lub utw\u00f3rz konto w kilka sekund z szyfrowanym dost\u0119pem i szybk\u0105 weryfikacj\u0105. Zarz\u0105dzaj odzyskiwaniem has\u0142a, ustawieniami profilu i narz\u0119dziami konta \u0142atwo w Rooks Bet.\" \/>\n<meta name=\"robots\" content=\"index, follow, max-snippet:-1, max-image-preview:large, max-video-preview:-1\" \/>\n<link rel=\"canonical\" href=\"https:\/\/therooksbet.com\/pl\/logowanie-i-rejestracja\/\" \/>\n<meta property=\"og:locale\" content=\"pl_PL\" \/>\n<meta property=\"og:type\" content=\"article\" \/>\n<meta property=\"og:title\" content=\"Rooksbet Casino Login &amp; Rejestracja | Bezpieczny Dost\u0119p\" \/>\n<meta property=\"og:description\" content=\"Rooksbet Casino Login \u2013 zaloguj si\u0119 bezpiecznie lub utw\u00f3rz konto w kilka sekund z szyfrowanym dost\u0119pem i szybk\u0105 weryfikacj\u0105. Zarz\u0105dzaj odzyskiwaniem has\u0142a, ustawieniami profilu i narz\u0119dziami konta \u0142atwo w Rooks Bet.\" \/>\n<meta property=\"og:url\" content=\"https:\/\/therooksbet.com\/pl\/logowanie-i-rejestracja\/\" \/>\n<meta property=\"og:site_name\" content=\"rooksbet\" \/>\n<meta property=\"article:modified_time\" content=\"2026-03-12T12:59:38+00:00\" \/>\n<meta name=\"twitter:card\" content=\"summary_large_image\" \/>\n<meta name=\"twitter:label1\" content=\"Est. reading time\" \/>\n\t<meta name=\"twitter:data1\" content=\"1 minute\" \/>\n<script type=\"application\/ld+json\" class=\"yoast-schema-graph\">{\"@context\":\"https:\\\/\\\/schema.org\",\"@graph\":[{\"@type\":\"WebPage\",\"@id\":\"https:\\\/\\\/therooksbet.com\\\/pl\\\/logowanie-i-rejestracja\\\/\",\"url\":\"https:\\\/\\\/therooksbet.com\\\/pl\\\/logowanie-i-rejestracja\\\/\",\"name\":\"Rooksbet Casino Login & Rejestracja | Bezpieczny Dost\u0119p\",\"isPartOf\":{\"@id\":\"https:\\\/\\\/therooksbet.com\\\/pl\\\/#website\"},\"datePublished\":\"2026-01-20T12:11:11+00:00\",\"dateModified\":\"2026-03-12T12:59:38+00:00\",\"description\":\"Rooksbet Casino Login \u2013 zaloguj si\u0119 bezpiecznie lub utw\u00f3rz konto w kilka sekund z szyfrowanym dost\u0119pem i szybk\u0105 weryfikacj\u0105. Zarz\u0105dzaj odzyskiwaniem has\u0142a, ustawieniami profilu i narz\u0119dziami konta \u0142atwo w Rooks Bet.\",\"breadcrumb\":{\"@id\":\"https:\\\/\\\/therooksbet.com\\\/pl\\\/logowanie-i-rejestracja\\\/#breadcrumb\"},\"inLanguage\":\"pl-PL\",\"potentialAction\":[{\"@type\":\"ReadAction\",\"target\":[\"https:\\\/\\\/therooksbet.com\\\/pl\\\/logowanie-i-rejestracja\\\/\"]}]},{\"@type\":\"BreadcrumbList\",\"@id\":\"https:\\\/\\\/therooksbet.com\\\/pl\\\/logowanie-i-rejestracja\\\/#breadcrumb\",\"itemListElement\":[{\"@type\":\"ListItem\",\"position\":1,\"name\":\"Rooksbet\",\"item\":\"https:\\\/\\\/therooksbet.com\\\/pl\\\/\"},{\"@type\":\"ListItem\",\"position\":2,\"name\":\"Logowanie i rejestracja\"}]},{\"@type\":\"WebSite\",\"@id\":\"https:\\\/\\\/therooksbet.com\\\/pl\\\/#website\",\"url\":\"https:\\\/\\\/therooksbet.com\\\/pl\\\/\",\"name\":\"Rooksbet\",\"description\":\"\",\"publisher\":{\"@id\":\"https:\\\/\\\/therooksbet.com\\\/pl\\\/#organization\"},\"potentialAction\":[{\"@type\":\"SearchAction\",\"target\":{\"@type\":\"EntryPoint\",\"urlTemplate\":\"https:\\\/\\\/therooksbet.com\\\/pl\\\/?s={search_term_string}\"},\"query-input\":{\"@type\":\"PropertyValueSpecification\",\"valueRequired\":true,\"valueName\":\"search_term_string\"}}],\"inLanguage\":\"pl-PL\"},{\"@type\":\"Organization\",\"@id\":\"https:\\\/\\\/therooksbet.com\\\/pl\\\/#organization\",\"name\":\"Rooksbet\",\"url\":\"https:\\\/\\\/therooksbet.com\\\/pl\\\/\",\"logo\":{\"@type\":\"ImageObject\",\"inLanguage\":\"pl-PL\",\"@id\":\"https:\\\/\\\/therooksbet.com\\\/pl\\\/#\\\/schema\\\/logo\\\/image\\\/\",\"url\":\"https:\\\/\\\/therooksbet.com\\\/wp-content\\\/uploads\\\/2026\\\/03\\\/Rooksbet-logo-Desktop.png\",\"contentUrl\":\"https:\\\/\\\/therooksbet.com\\\/wp-content\\\/uploads\\\/2026\\\/03\\\/Rooksbet-logo-Desktop.png\",\"width\":167,\"height\":44,\"caption\":\"Rooksbet\"},\"image\":{\"@id\":\"https:\\\/\\\/therooksbet.com\\\/pl\\\/#\\\/schema\\\/logo\\\/image\\\/\"}}]}<\/script>\n<!-- \/ Yoast SEO plugin. -->","yoast_head_json":{"title":"Rooksbet Casino Login & Rejestracja | Bezpieczny Dost\u0119p","description":"Rooksbet Casino Login \u2013 zaloguj si\u0119 bezpiecznie lub utw\u00f3rz konto w kilka sekund z szyfrowanym dost\u0119pem i szybk\u0105 weryfikacj\u0105. Zarz\u0105dzaj odzyskiwaniem has\u0142a, ustawieniami profilu i narz\u0119dziami konta \u0142atwo w Rooks Bet.","robots":{"index":"index","follow":"follow","max-snippet":"max-snippet:-1","max-image-preview":"max-image-preview:large","max-video-preview":"max-video-preview:-1"},"canonical":"https:\/\/therooksbet.com\/pl\/logowanie-i-rejestracja\/","og_locale":"pl_PL","og_type":"article","og_title":"Rooksbet Casino Login & Rejestracja | Bezpieczny Dost\u0119p","og_description":"Rooksbet Casino Login \u2013 zaloguj si\u0119 bezpiecznie lub utw\u00f3rz konto w kilka sekund z szyfrowanym dost\u0119pem i szybk\u0105 weryfikacj\u0105. Zarz\u0105dzaj odzyskiwaniem has\u0142a, ustawieniami profilu i narz\u0119dziami konta \u0142atwo w Rooks Bet.","og_url":"https:\/\/therooksbet.com\/pl\/logowanie-i-rejestracja\/","og_site_name":"rooksbet","article_modified_time":"2026-03-12T12:59:38+00:00","twitter_card":"summary_large_image","twitter_misc":{"Est. reading time":"1 minute"},"schema":{"@context":"https:\/\/schema.org","@graph":[{"@type":"WebPage","@id":"https:\/\/therooksbet.com\/pl\/logowanie-i-rejestracja\/","url":"https:\/\/therooksbet.com\/pl\/logowanie-i-rejestracja\/","name":"Rooksbet Casino Login & Rejestracja | Bezpieczny Dost\u0119p","isPartOf":{"@id":"https:\/\/therooksbet.com\/pl\/#website"},"datePublished":"2026-01-20T12:11:11+00:00","dateModified":"2026-03-12T12:59:38+00:00","description":"Rooksbet Casino Login \u2013 zaloguj si\u0119 bezpiecznie lub utw\u00f3rz konto w kilka sekund z szyfrowanym dost\u0119pem i szybk\u0105 weryfikacj\u0105. Zarz\u0105dzaj odzyskiwaniem has\u0142a, ustawieniami profilu i narz\u0119dziami konta \u0142atwo w Rooks Bet.","breadcrumb":{"@id":"https:\/\/therooksbet.com\/pl\/logowanie-i-rejestracja\/#breadcrumb"},"inLanguage":"pl-PL","potentialAction":[{"@type":"ReadAction","target":["https:\/\/therooksbet.com\/pl\/logowanie-i-rejestracja\/"]}]},{"@type":"BreadcrumbList","@id":"https:\/\/therooksbet.com\/pl\/logowanie-i-rejestracja\/#breadcrumb","itemListElement":[{"@type":"ListItem","position":1,"name":"Rooksbet","item":"https:\/\/therooksbet.com\/pl\/"},{"@type":"ListItem","position":2,"name":"Logowanie i rejestracja"}]},{"@type":"WebSite","@id":"https:\/\/therooksbet.com\/pl\/#website","url":"https:\/\/therooksbet.com\/pl\/","name":"Rooksbet","description":"","publisher":{"@id":"https:\/\/therooksbet.com\/pl\/#organization"},"potentialAction":[{"@type":"SearchAction","target":{"@type":"EntryPoint","urlTemplate":"https:\/\/therooksbet.com\/pl\/?s={search_term_string}"},"query-input":{"@type":"PropertyValueSpecification","valueRequired":true,"valueName":"search_term_string"}}],"inLanguage":"pl-PL"},{"@type":"Organization","@id":"https:\/\/therooksbet.com\/pl\/#organization","name":"Rooksbet","url":"https:\/\/therooksbet.com\/pl\/","logo":{"@type":"ImageObject","inLanguage":"pl-PL","@id":"https:\/\/therooksbet.com\/pl\/#\/schema\/logo\/image\/","url":"https:\/\/therooksbet.com\/wp-content\/uploads\/2026\/03\/Rooksbet-logo-Desktop.png","contentUrl":"https:\/\/therooksbet.com\/wp-content\/uploads\/2026\/03\/Rooksbet-logo-Desktop.png","width":167,"height":44,"caption":"Rooksbet"},"image":{"@id":"https:\/\/therooksbet.com\/pl\/#\/schema\/logo\/image\/"}}]}},"_links":{"self":[{"href":"https:\/\/therooksbet.com\/pl\/wp-json\/wp\/v2\/pages\/1486","targetHints":{"allow":["GET"]}}],"collection":[{"href":"https:\/\/therooksbet.com\/pl\/wp-json\/wp\/v2\/pages"}],"about":[{"href":"https:\/\/therooksbet.com\/pl\/wp-json\/wp\/v2\/types\/page"}],"author":[{"embeddable":true,"href":"https:\/\/therooksbet.com\/pl\/wp-json\/wp\/v2\/users\/1"}],"replies":[{"embeddable":true,"href":"https:\/\/therooksbet.com\/pl\/wp-json\/wp\/v2\/comments?post=1486"}],"version-history":[{"count":3,"href":"https:\/\/therooksbet.com\/pl\/wp-json\/wp\/v2\/pages\/1486\/revisions"}],"predecessor-version":[{"id":2136,"href":"https:\/\/therooksbet.com\/pl\/wp-json\/wp\/v2\/pages\/1486\/revisions\/2136"}],"wp:attachment":[{"href":"https:\/\/therooksbet.com\/pl\/wp-json\/wp\/v2\/media?parent=1486"}],"curies":[{"name":"wp","href":"https:\/\/api.w.org\/{rel}","templated":true}]}}